{"id":1950,"date":"2019-06-24T13:32:32","date_gmt":"2019-06-24T12:32:32","guid":{"rendered":"http:\/\/wibi.homeip.net\/hub\/201969\/?page_id=1950"},"modified":"2023-11-27T22:58:55","modified_gmt":"2023-11-27T21:58:55","slug":"landing","status":"publish","type":"page","link":"https:\/\/wibi.homeip.net\/hub\/201969\/home\/landing\/","title":{"rendered":"Landing"},"content":{"rendered":"<p><img loading=\"lazy\" decoding=\"async\" class=\"alignleft wp-image-222 \" src=\"http:\/\/wibi.homeip.net\/hub\/201969\/wp-content\/uploads\/sites\/24\/2019\/02\/joergx2_neu_bw3-856x1024.png\" alt=\"\" width=\"534\" height=\"639\" srcset=\"https:\/\/wibi.homeip.net\/hub\/201969\/wp-content\/uploads\/sites\/24\/2019\/02\/joergx2_neu_bw3-856x1024.png 856w, https:\/\/wibi.homeip.net\/hub\/201969\/wp-content\/uploads\/sites\/24\/2019\/02\/joergx2_neu_bw3-251x300.png 251w, https:\/\/wibi.homeip.net\/hub\/201969\/wp-content\/uploads\/sites\/24\/2019\/02\/joergx2_neu_bw3-768x919.png 768w, https:\/\/wibi.homeip.net\/hub\/201969\/wp-content\/uploads\/sites\/24\/2019\/02\/joergx2_neu_bw3-705x844.png 705w, https:\/\/wibi.homeip.net\/hub\/201969\/wp-content\/uploads\/sites\/24\/2019\/02\/joergx2_neu_bw3.png 1564w\" sizes=\"auto, (max-width: 534px) 100vw, 534px\" \/><\/p>\n<p>Liebe alle,<\/p>\n<p>mit dem 23. Juni 2019 gingen die Feierlichkeiten zu meinem 50. Geburtstag nach 62 Tagen zu Ende.<\/p>\n<p>Den Abschluss bildete das Bryan Adams Konzert auf der Burg Clam, das zwar mit meinem Geburtstag nichts zu tun hatte, aber weil Hr. Adams&#8217; so nett war, &#8220;mir&#8221; (und 7.999 meiner engsten Freunde) eines meiner Lieblingslieder als St\u00e4ndchen zu singen, stellte es einen mehr als w\u00fcrdigen Endpunkt dar (hier zum Nachsehen und Mitgr\u00f6len &#8211; Video wurde mittlerweile leider von Vimeo gel\u00f6scht).<\/p>\n<p>Abschlie\u00dfend bleibt nur noch zu sagen: Es wurde ausreichend oft &#8220;Happy Birthday&#8221; gesungen und mein &#8220;Abflug ins n\u00e4chste Jahrzehnt&#8221; wurde mehr als ausgiebig gefeiert! Jetzt ist aber Schluss damit&#8230; ab jetzt konzentriere ich mich auf den 51. \ud83d\ude42<\/p>\n<p><strong>Danke an alle, die dabei waren und mitgefeiert haben und damit ganz entscheidend dazu beigetragen haben, dass es so gelungene und rauschende Feste wurden!<\/strong><\/p>\n<p>Die Seite bleibt weiter bestehen und es werden noch ein paar Updates dazu kommen. Einerseits, um die finale Spendensumme zu ver\u00f6ffentlichen (mittlerweile erfolgt &#8211;\u00a0<a href=\"http:\/\/wibi.homeip.net\/hub\/201969\/\">siehe hier<\/a>) und andererseits, um&#8230; tja das bleibt noch mein Geheimnis!<\/p>\n<p><strong>Liebe Gr\u00fc\u00dfe, \u00a0<\/strong><\/p>\n<p><strong><img loading=\"lazy\" decoding=\"async\" class=\"alignleft wp-image-1979\" src=\"http:\/\/wibi.homeip.net\/hub\/201969\/wp-content\/uploads\/sites\/24\/2019\/06\/Screenshot-2019-03-09-at-12.33.30-300x253.png\" alt=\"\" width=\"106\" height=\"89\" srcset=\"https:\/\/wibi.homeip.net\/hub\/201969\/wp-content\/uploads\/sites\/24\/2019\/06\/Screenshot-2019-03-09-at-12.33.30-300x253.png 300w, https:\/\/wibi.homeip.net\/hub\/201969\/wp-content\/uploads\/sites\/24\/2019\/06\/Screenshot-2019-03-09-at-12.33.30.png 412w\" sizes=\"auto, (max-width: 106px) 100vw, 106px\" \/><br \/>\n<\/strong><\/p>\n<hr \/>\n<p><em><div class=\"googlefont\" style=\"font-family:Helvetica;font-size:10px;\">Zum Kleingedruckten (DSGVO): Diese Seite wird von Google nicht gefunden (<a href=\"https:\/\/www.google.com\/search?q=201969+50+joerg+windbichler&amp;biw=1280&amp;bih=1310&amp;source=lnms&amp;sa=X&amp;ved=0ahUKEwjLitTBmoLjAhUITsAKHQNWCP8Q_AUICygA\" target=\"_blank\" rel=\"noopener noreferrer\">hier klicken, wer&#8217;s nicht glaubt&#8230;<\/a>). D.h. man muss wissen, dass sie da ist bzw. darauf hingewiesen werden, sonst findet man sie nicht. Damit ist sicher gestellt, dass niemand zuf\u00e4llig aufkreuzt. Leider kann aber nicht garantiert werden, dass man nicht trotzdem \u00fcber die http-Adresse stolpert, weil jemand unverantwortlicherweise z. B. den QR Code auf einem Bierdeckel offen bei Mama Thresl herumliegen gelassen hat&#8230; &#8211; aber die Wahrscheinlichkeit, dass &#8220;betriebsfremde&#8221; Personen sich auf der Seite &#8220;belustigen&#8221;, ist doch eher gering). Wer aber sein(e) Bild(er) (aus welchen Gr\u00fcnden auch immer) nicht auf der Seite sehen will, kann ein kurzes Email schicken und es wird selbstverst\u00e4ndlich alles sofort und unwiederbringlich gel\u00f6scht. Solange man aber nicht explizit um L\u00f6schung eines Bildes bittet, wird davon ausgegangen, dass eine Zustimmung zur Ver\u00f6ffentlichung erteilt wurde. L\u00f6schungen wegen unvorteilhafter Frisuren werden im \u00dcbrigen nicht entgegengenommen (sonst bliebe ja keines von mir \u00fcbrig). Und aus&#8230;<\/div><\/em><\/p>\n","protected":false},"excerpt":{"rendered":"<p>Liebe alle, mit dem 23. Juni 2019 gingen die Feierlichkeiten zu meinem 50. Geburtstag nach 62 Tagen zu Ende. Den Abschluss bildete das Bryan Adams Konzert auf der Burg Clam, das zwar mit meinem Geburtstag nichts zu tun hatte, aber [&hellip;]<\/p>\n","protected":false},"author":1,"featured_media":0,"parent":2,"menu_order":0,"comment_status":"closed","ping_status":"closed","template":"","meta":{"footnotes":""},"class_list":["post-1950","page","type-page","status-publish","hentry"],"_links":{"self":[{"href":"https:\/\/wibi.homeip.net\/hub\/201969\/wp-json\/wp\/v2\/pages\/1950","targetHints":{"allow":["GET"]}}],"collection":[{"href":"https:\/\/wibi.homeip.net\/hub\/201969\/wp-json\/wp\/v2\/pages"}],"about":[{"href":"https:\/\/wibi.homeip.net\/hub\/201969\/wp-json\/wp\/v2\/types\/page"}],"author":[{"embeddable":true,"href":"https:\/\/wibi.homeip.net\/hub\/201969\/wp-json\/wp\/v2\/users\/1"}],"replies":[{"embeddable":true,"href":"https:\/\/wibi.homeip.net\/hub\/201969\/wp-json\/wp\/v2\/comments?post=1950"}],"version-history":[{"count":57,"href":"https:\/\/wibi.homeip.net\/hub\/201969\/wp-json\/wp\/v2\/pages\/1950\/revisions"}],"predecessor-version":[{"id":2273,"href":"https:\/\/wibi.homeip.net\/hub\/201969\/wp-json\/wp\/v2\/pages\/1950\/revisions\/2273"}],"up":[{"embeddable":true,"href":"https:\/\/wibi.homeip.net\/hub\/201969\/wp-json\/wp\/v2\/pages\/2"}],"wp:attachment":[{"href":"https:\/\/wibi.homeip.net\/hub\/201969\/wp-json\/wp\/v2\/media?parent=1950"}],"curies":[{"name":"wp","href":"https:\/\/api.w.org\/{rel}","templated":true}]}}