{"id":2137,"date":"2019-07-05T15:12:45","date_gmt":"2019-07-05T14:12:45","guid":{"rendered":"http:\/\/wibi.homeip.net\/hub\/201969\/?page_id=2137"},"modified":"2019-07-10T22:18:36","modified_gmt":"2019-07-10T21:18:36","slug":"spendenergebnis","status":"publish","type":"page","link":"https:\/\/wibi.homeip.net\/hub\/201969\/spendenergebnis\/","title":{"rendered":"Das Ergebnis"},"content":{"rendered":"<h1 style=\"text-align: center;\"><\/h1>\n<div class=\"animate_counter_wrapper\"> <br\/><div id=\"17775549801654564923\" class=\"odometer\" style=\"font-size:124px;line-height:124px;\">0<\/div><div class=\"count_separator\"><span><\/span><\/div><div class=\"counter_subject\">EURO<\/div><\/div>\n<h3 style=\"text-align: center;\">plus 1 Patenschaft f\u00fcr ein Kind<\/h3>\n<p>&nbsp;<\/p>\n<hr \/>\n<p>&nbsp;<\/p>\n<p style=\"text-align: center;\">Dies ist das unglaubliche Gesamtergebnis, das f\u00fcr <a href=\"http:\/\/wibi.homeip.net\/hub\/201969\/gift-shop\/\">run2gether<\/a> gespendet wurde!<\/p>\n<p style=\"text-align: center;\">Mehr als ich je zu hoffen gewagt habe und h\u00f6her als mein insgeheimes Ziel.<\/p>\n<p style=\"text-align: center;\">Ich bin v\u00f6llig \u00fcberw\u00e4ltigt!<\/p>\n<h1 style=\"text-align: center;\"><strong>Vielen, vielen, vielen Dank!\u00a0<\/strong><\/h1>\n<p>&nbsp;<\/p>\n<hr \/>\n<p style=\"text-align: left;\">Thomas Kratkys Antwort und Dankesch\u00f6n, nachdem ich ihm von dieser Summe geschrieben habe, will ich euch nicht vorenthalten:<\/p>\n<p style=\"padding-left: 40px;\"><em>Lieber J\u00f6rg,<\/em><\/p>\n<p style=\"padding-left: 40px;\"><em>jetzt war ich mal 3 Tage sprachlos! Darum melde ich mich erste heute ? und sage vielen, vielen herzlichen Dank im Namen von run2gether!!!<\/em><\/p>\n<p style=\"padding-left: 40px;\"><em>Dieser Betrag ist ja unwahrscheinlich und hilft uns immens bei unserem Wasserprojekt f\u00fcr die Bev\u00f6lkerung von Kiambogo in Kenia. Mit diesem Betrag werden wir rund 1\/3 der Kosten f\u00fcr die Wasserbohrung finanzieren k\u00f6nnen, die wir im Herbst starten wollen.<\/em><\/p>\n<p style=\"padding-left: 40px;\"><em>Anbei darf ich dir auch noch ein paar direkte Gr\u00fc\u00dfe unserer Patenkinder aus Kiambogo \u00fcbermitteln.<\/em><\/p>\n<p style=\"padding-left: 40px;\"><em>Lieber J\u00f6rg, vielen lieben Dank f\u00fcr deine Idee run2gether deine Geburtstagsgeschenke zu widmen, f\u00fcr das tolle Fest und vor allem deiner Familie und Freunden f\u00fcr deren gro\u00dfz\u00fcgige Spende &#8211; <strong>Asante sana!<\/strong><\/em><\/p>\n<p style=\"padding-left: 40px;\"><em>Liebe Gr\u00fc\u00dfe<\/em><\/p>\n<p style=\"padding-left: 40px;\"><em>Thomas<\/em><\/p>\n<p style=\"padding-left: 40px;\"><em>PS:\u00a0Hier nochmals meine Kontaktdaten, falls jemand weitere Infos zu unseren Sozialprojekten bzw. Patenschaften in Kenia haben m\u00f6chte:<\/em><\/p>\n<p style=\"padding-left: 40px;\"><em><strong>Laufteam run2gether,\u00a0<\/strong><\/em><em>Kontakt: Thomas Kratky.\u00a0<\/em><em>Tel. +43-676 8777 3241,\u00a0<\/em><em><a href=\"mailto:patenschaften@run2gether.com\">patenschaften@run2gether.com<\/a><\/em><em>\u00a0<a href=\"http:\/\/www.run2gether.com\/\">www.run2gether.com<\/a><\/em><\/p>\n<p>Link zu den <strong>Kommentaren aus Kiambogo<\/strong>: <a href=\"http:\/\/wibi.homeip.net\/hub\/201969\/feedback\/#comment-65\" target=\"_blank\" rel=\"noopener noreferrer\">siehe Thomas&#8217; Feedback<\/a><\/p>\n<p>Hier das Video und die Bilder, die Thomas mitgeschickt hat: (unbedingt das ganze Video ansehen und genau auf den gesungenen Text achten&#8230; :-))<\/p>\n<div class=\"video-container\"><iframe loading=\"lazy\" src=\"https:\/\/player.vimeo.com\/video\/346402132?title=0&amp;byline=0&amp;portrait=0\" width=\"\" height=\"\" frameborder=\"0\" webkitallowfullscreen=\"\" mozallowfullscreen=\"\" allowfullscreen=\"\"><\/iframe><\/div>\n<p>&nbsp;<\/p>\n<div class=\"standard_wrapper\"><div id=\"17775549801501398160\" class=\"portfolio_filter_wrapper gallery three_cols contain\" data-columns=\"3\"><div class=\"element grid  classic3_cols\"><div class=\"one_third gallery3 static filterable gallery_type animated1\"><a class=\"fancy-gallery\" href=\"https:\/\/wibi.homeip.net\/hub\/201969\/wp-content\/uploads\/sites\/24\/2019\/07\/Foto-03.07.19-12-49-56.jpg\" title=\"\" ><img decoding=\"async\" src=\"https:\/\/wibi.homeip.net\/hub\/201969\/wp-content\/uploads\/sites\/24\/2019\/07\/Foto-03.07.19-12-49-56-705x529.jpg\" alt=\"\"\/><\/a><\/div><\/div><div class=\"element grid  classic3_cols\"><div class=\"one_third gallery3 static filterable gallery_type animated2\"><a class=\"fancy-gallery\" href=\"https:\/\/wibi.homeip.net\/hub\/201969\/wp-content\/uploads\/sites\/24\/2019\/07\/Foto-03.07.19-12-50-14.jpg\" title=\"\" ><img decoding=\"async\" src=\"https:\/\/wibi.homeip.net\/hub\/201969\/wp-content\/uploads\/sites\/24\/2019\/07\/Foto-03.07.19-12-50-14-705x529.jpg\" alt=\"\"\/><\/a><\/div><\/div><div class=\"element grid  classic3_cols\"><div class=\"one_third gallery3 static filterable gallery_type animated3\"><a class=\"fancy-gallery\" href=\"https:\/\/wibi.homeip.net\/hub\/201969\/wp-content\/uploads\/sites\/24\/2019\/07\/Foto-03.07.19-12-50-48.jpg\" title=\"\" ><img decoding=\"async\" src=\"https:\/\/wibi.homeip.net\/hub\/201969\/wp-content\/uploads\/sites\/24\/2019\/07\/Foto-03.07.19-12-50-48-705x529.jpg\" alt=\"\"\/><\/a><\/div><\/div><\/div><\/div>\n<p><img loading=\"lazy\" decoding=\"async\" class=\"aligncenter wp-image-2168 size-full\" src=\"http:\/\/wibi.homeip.net\/hub\/201969\/wp-content\/uploads\/sites\/24\/2019\/07\/Urkunde.png\" alt=\"\" width=\"1650\" height=\"1275\" srcset=\"https:\/\/wibi.homeip.net\/hub\/201969\/wp-content\/uploads\/sites\/24\/2019\/07\/Urkunde.png 1650w, https:\/\/wibi.homeip.net\/hub\/201969\/wp-content\/uploads\/sites\/24\/2019\/07\/Urkunde-300x232.png 300w, https:\/\/wibi.homeip.net\/hub\/201969\/wp-content\/uploads\/sites\/24\/2019\/07\/Urkunde-768x593.png 768w, https:\/\/wibi.homeip.net\/hub\/201969\/wp-content\/uploads\/sites\/24\/2019\/07\/Urkunde-1024x791.png 1024w, https:\/\/wibi.homeip.net\/hub\/201969\/wp-content\/uploads\/sites\/24\/2019\/07\/Urkunde-705x545.png 705w\" sizes=\"auto, (max-width: 1650px) 100vw, 1650px\" \/><\/p>\n<h1 style=\"text-align: center;\"><strong>DANKE! THANK YOU! MERCI!<\/strong><\/h1>\n<h1 style=\"text-align: center;\"><strong>\ud83d\ude42<\/strong><\/h1>\n<p><img loading=\"lazy\" decoding=\"async\" class=\"aligncenter wp-image-1979 \" src=\"http:\/\/wibi.homeip.net\/hub\/201969\/wp-content\/uploads\/sites\/24\/2019\/06\/Screenshot-2019-03-09-at-12.33.30-150x150.png\" alt=\"\" width=\"108\" height=\"108\" srcset=\"https:\/\/wibi.homeip.net\/hub\/201969\/wp-content\/uploads\/sites\/24\/2019\/06\/Screenshot-2019-03-09-at-12.33.30-150x150.png 150w, https:\/\/wibi.homeip.net\/hub\/201969\/wp-content\/uploads\/sites\/24\/2019\/06\/Screenshot-2019-03-09-at-12.33.30-109x109.png 109w, https:\/\/wibi.homeip.net\/hub\/201969\/wp-content\/uploads\/sites\/24\/2019\/06\/Screenshot-2019-03-09-at-12.33.30-100x100.png 100w\" sizes=\"auto, (max-width: 108px) 100vw, 108px\" \/><\/p>\n","protected":false},"excerpt":{"rendered":"<p>plus 1 Patenschaft f\u00fcr ein Kind &nbsp; &nbsp; Dies ist das unglaubliche Gesamtergebnis, das f\u00fcr run2gether gespendet wurde! Mehr als ich je zu hoffen gewagt habe und h\u00f6her als mein insgeheimes Ziel. Ich bin v\u00f6llig \u00fcberw\u00e4ltigt! Vielen, vielen, vielen Dank!\u00a0 [&hellip;]<\/p>\n","protected":false},"author":1,"featured_media":0,"parent":0,"menu_order":0,"comment_status":"closed","ping_status":"closed","template":"","meta":{"footnotes":""},"class_list":["post-2137","page","type-page","status-publish","hentry"],"_links":{"self":[{"href":"https:\/\/wibi.homeip.net\/hub\/201969\/wp-json\/wp\/v2\/pages\/2137","targetHints":{"allow":["GET"]}}],"collection":[{"href":"https:\/\/wibi.homeip.net\/hub\/201969\/wp-json\/wp\/v2\/pages"}],"about":[{"href":"https:\/\/wibi.homeip.net\/hub\/201969\/wp-json\/wp\/v2\/types\/page"}],"author":[{"embeddable":true,"href":"https:\/\/wibi.homeip.net\/hub\/201969\/wp-json\/wp\/v2\/users\/1"}],"replies":[{"embeddable":true,"href":"https:\/\/wibi.homeip.net\/hub\/201969\/wp-json\/wp\/v2\/comments?post=2137"}],"version-history":[{"count":59,"href":"https:\/\/wibi.homeip.net\/hub\/201969\/wp-json\/wp\/v2\/pages\/2137\/revisions"}],"predecessor-version":[{"id":2215,"href":"https:\/\/wibi.homeip.net\/hub\/201969\/wp-json\/wp\/v2\/pages\/2137\/revisions\/2215"}],"wp:attachment":[{"href":"https:\/\/wibi.homeip.net\/hub\/201969\/wp-json\/wp\/v2\/media?parent=2137"}],"curies":[{"name":"wp","href":"https:\/\/api.w.org\/{rel}","templated":true}]}}