{"id":594,"date":"2019-02-23T19:54:55","date_gmt":"2019-02-23T18:54:55","guid":{"rendered":"http:\/\/wibi.homeip.net\/hub\/201969\/?page_id=594"},"modified":"2019-06-24T13:27:53","modified_gmt":"2019-06-24T12:27:53","slug":"gift-shop","status":"publish","type":"page","link":"https:\/\/wibi.homeip.net\/hub\/201969\/gift-shop\/","title":{"rendered":"Gift Shop"},"content":{"rendered":"<div  class=\"one withsmallpadding ppb_text\" style=\"padding:10px;\" >\n<p>\u00a0<\/p>\n<h3 style=\"text-align: center;\">Gift Shop<\/h3>\n<p style=\"text-align: center;\"><a href=\"http:\/\/wibi.homeip.net\/hub\/201969\/gift-shop-2\/\">English Version<\/a><\/p>\n<p>\u00a0<\/p>\n<hr \/>\n<\/div>\n<div class=\"standard_wrapper\">\n<div  class=\"one_half withsmallpadding ppb_text\" style=\"padding:0px 0 0px 0;\" >\n<div class=\"standard_wrapper\">\n<div class=\"page_content_wrapper\">\n<div class=\"inner\">\n<div style=\"margin:auto;width:100%\">\n<p style=\"text-align: justify;\">Eigentlich sind Geschenke an Bord nicht willkommen, wer aber darauf besteht, m\u00f6ge mir bitte helfen, eine gute Sache zu unterst\u00fctzen.<\/p>\n<p style=\"text-align: justify;\">Ein ehemaliger Kollege, Thomas Kratky, ist ein aktives Mitglied im Verein \u201crun2gether Austria-Kenya\u201d, der vor etwas mehr als 10 Jahren gegr\u00fcndet wurde. run2gether (<a href=\"http:\/\/www.run2gether.com\">www.run2gether.com<\/a>) ist ein gemeinn\u00fctziger Laufverein, der es sich zur Aufgabe gemacht hat, junge kenianische Leistungssportler nach Europa einzuladen, damit diese durch die Teilnahme an Laufbewerben, ihren eigenen und den Lebensunterhalt ihrer Familien in Kiambogo, Kenia, sichern k\u00f6nnen.<\/p>\n<p style=\"text-align: justify;\">Dar\u00fcber hinaus gibt es das Programm \u201crun2gether children\u201d, das mit langfristigen Sozialprojekten und der \u00dcbernahme von Patenschaften f\u00fcr besonders bed\u00fcrftige Kinder die Bev\u00f6lkerung Kiambogos in Kenia unterst\u00fctzt.<\/p>\n<p style=\"text-align: justify;\">Das Besondere an diesem Projekt ist, dass 100 % der Spenden vor Ort ankommen, da Thomas selbst nach Afrika fliegt und dort mit den Spenden die unterschiedlichsten Gebrauchsgegenst\u00e4nde f\u00fcr die Menschen vor Ort kauft.<\/p>\n<\/div>\n<\/div>\n<\/div>\n<\/div>\n<\/div>\n<\/div>\n<div class=\"standard_wrapper\">\n<div  class=\"one_half last withsmallpadding ppb_text\" style=\"padding:0px 0 0px 0;\" >\n<div class=\"standard_wrapper\">\n<div class=\"page_content_wrapper\">\n<div class=\"inner\">\n<div style=\"margin:auto;width:100%\">\n<div class=\"standard_wrapper\">\n<div id=\"15613792731008492166\" class=\"portfolio_filter_wrapper gallery three_cols contain\" data-columns=\"3\">\n<div class=\"element grid  classic3_cols\">\n<div class=\"one_third gallery3 static filterable gallery_type animated1\"><a class=\"fancy-gallery\" href=\"http:\/\/wibi.homeip.net\/hub\/201969\/wp-content\/uploads\/sites\/24\/2019\/02\/Screen-Shot-2019-02-23-at-19.44.16.png\" title=\"\" ><img decoding=\"async\" src=\"http:\/\/wibi.homeip.net\/hub\/201969\/wp-content\/uploads\/sites\/24\/2019\/02\/Screen-Shot-2019-02-23-at-19.44.16-705x529.png\" alt=\"\"\/><\/a><\/div>\n<\/div>\n<div class=\"element grid  classic3_cols\">\n<div class=\"one_third gallery3 static filterable gallery_type animated2\"><a class=\"fancy-gallery\" href=\"http:\/\/wibi.homeip.net\/hub\/201969\/wp-content\/uploads\/sites\/24\/2019\/02\/Screen-Shot-2019-02-23-at-19.49.31.png\" title=\"\" ><img decoding=\"async\" src=\"http:\/\/wibi.homeip.net\/hub\/201969\/wp-content\/uploads\/sites\/24\/2019\/02\/Screen-Shot-2019-02-23-at-19.49.31-705x529.png\" alt=\"\"\/><\/a><\/div>\n<\/div>\n<div class=\"element grid  classic3_cols\">\n<div class=\"one_third gallery3 static filterable gallery_type animated3\"><a class=\"fancy-gallery\" href=\"http:\/\/wibi.homeip.net\/hub\/201969\/wp-content\/uploads\/sites\/24\/2019\/02\/Screen-Shot-2019-02-23-at-19.49.50.png\" title=\"\" ><img decoding=\"async\" src=\"http:\/\/wibi.homeip.net\/hub\/201969\/wp-content\/uploads\/sites\/24\/2019\/02\/Screen-Shot-2019-02-23-at-19.49.50-705x529.png\" alt=\"\"\/><\/a><\/div>\n<\/div>\n<div class=\"element grid  classic3_cols\">\n<div class=\"one_third gallery3 static filterable gallery_type animated4\"><a class=\"fancy-gallery\" href=\"http:\/\/wibi.homeip.net\/hub\/201969\/wp-content\/uploads\/sites\/24\/2019\/02\/Screen-Shot-2019-02-23-at-19.45.36.png\" title=\"\" ><img decoding=\"async\" src=\"http:\/\/wibi.homeip.net\/hub\/201969\/wp-content\/uploads\/sites\/24\/2019\/02\/Screen-Shot-2019-02-23-at-19.45.36-705x529.png\" alt=\"\"\/><\/a><\/div>\n<\/div>\n<div class=\"element grid  classic3_cols\">\n<div class=\"one_third gallery3 static filterable gallery_type animated5\"><a class=\"fancy-gallery\" href=\"http:\/\/wibi.homeip.net\/hub\/201969\/wp-content\/uploads\/sites\/24\/2019\/02\/Screen-Shot-2019-02-23-at-19.48.06.png\" title=\"\" ><img decoding=\"async\" src=\"http:\/\/wibi.homeip.net\/hub\/201969\/wp-content\/uploads\/sites\/24\/2019\/02\/Screen-Shot-2019-02-23-at-19.48.06-705x529.png\" alt=\"\"\/><\/a><\/div>\n<\/div>\n<div class=\"element grid  classic3_cols\">\n<div class=\"one_third gallery3 static filterable gallery_type animated6\"><a class=\"fancy-gallery\" href=\"http:\/\/wibi.homeip.net\/hub\/201969\/wp-content\/uploads\/sites\/24\/2019\/02\/Screen-Shot-2019-02-23-at-19.43.37.png\" title=\"Schulzubau \/ Lehrerraum\" ><img decoding=\"async\" src=\"http:\/\/wibi.homeip.net\/hub\/201969\/wp-content\/uploads\/sites\/24\/2019\/02\/Screen-Shot-2019-02-23-at-19.43.37-705x529.png\" alt=\"\"\/><\/a><\/div>\n<\/div>\n<div class=\"element grid  classic3_cols\">\n<div class=\"one_third gallery3 static filterable gallery_type animated7\"><a class=\"fancy-gallery\" href=\"http:\/\/wibi.homeip.net\/hub\/201969\/wp-content\/uploads\/sites\/24\/2019\/02\/Screen-Shot-2019-02-23-at-19.43.09.png\" title=\"Spende von 50 Laptops\" ><img decoding=\"async\" src=\"http:\/\/wibi.homeip.net\/hub\/201969\/wp-content\/uploads\/sites\/24\/2019\/02\/Screen-Shot-2019-02-23-at-19.43.09-705x529.png\" alt=\"\"\/><\/a><\/div>\n<\/div>\n<div class=\"element grid  classic3_cols\">\n<div class=\"one_third gallery3 static filterable gallery_type animated8\"><a class=\"fancy-gallery\" href=\"http:\/\/wibi.homeip.net\/hub\/201969\/wp-content\/uploads\/sites\/24\/2019\/02\/Screen-Shot-2019-02-23-at-19.50.09.png\" title=\"Augenuntersuchung f\u00fcr mehr als 1.000 Kinder\" ><img decoding=\"async\" src=\"http:\/\/wibi.homeip.net\/hub\/201969\/wp-content\/uploads\/sites\/24\/2019\/02\/Screen-Shot-2019-02-23-at-19.50.09-705x529.png\" alt=\"\"\/><\/a><\/div>\n<\/div>\n<div class=\"element grid  classic3_cols\">\n<div class=\"one_third gallery3 static filterable gallery_type animated9\"><a class=\"fancy-gallery\" href=\"http:\/\/wibi.homeip.net\/hub\/201969\/wp-content\/uploads\/sites\/24\/2019\/02\/Screen-Shot-2019-02-23-at-19.48.48.png\" title=\"\" ><img decoding=\"async\" src=\"http:\/\/wibi.homeip.net\/hub\/201969\/wp-content\/uploads\/sites\/24\/2019\/02\/Screen-Shot-2019-02-23-at-19.48.48-705x529.png\" alt=\"\"\/><\/a><\/div>\n<\/div>\n<\/div>\n<\/div>\n<\/div>\n<\/div>\n<\/div>\n<\/div>\n<\/div>\n<\/div>\n<div  class=\"one withsmallpadding ppb_text\" style=\"padding:30px 0 30px 0;\" >\n<div class=\"standard_wrapper\">\n<div class=\"page_content_wrapper\">\n<div class=\"inner\">\n<div style=\"margin:auto;width:100%\">\n<p style=\"text-align: justify;\"><img loading=\"lazy\" decoding=\"async\" class=\"size-medium wp-image-584 alignright\" src=\"http:\/\/wibi.homeip.net\/hub\/201969\/wp-content\/uploads\/sites\/24\/2019\/02\/Screen-Shot-2019-02-23-at-19.42.28-300x198.png\" alt=\"\" width=\"300\" height=\"198\" srcset=\"https:\/\/wibi.homeip.net\/hub\/201969\/wp-content\/uploads\/sites\/24\/2019\/02\/Screen-Shot-2019-02-23-at-19.42.28-300x198.png 300w, https:\/\/wibi.homeip.net\/hub\/201969\/wp-content\/uploads\/sites\/24\/2019\/02\/Screen-Shot-2019-02-23-at-19.42.28-768x507.png 768w, https:\/\/wibi.homeip.net\/hub\/201969\/wp-content\/uploads\/sites\/24\/2019\/02\/Screen-Shot-2019-02-23-at-19.42.28-1024x675.png 1024w, https:\/\/wibi.homeip.net\/hub\/201969\/wp-content\/uploads\/sites\/24\/2019\/02\/Screen-Shot-2019-02-23-at-19.42.28-705x465.png 705w, https:\/\/wibi.homeip.net\/hub\/201969\/wp-content\/uploads\/sites\/24\/2019\/02\/Screen-Shot-2019-02-23-at-19.42.28-960x636.png 960w, https:\/\/wibi.homeip.net\/hub\/201969\/wp-content\/uploads\/sites\/24\/2019\/02\/Screen-Shot-2019-02-23-at-19.42.28.png 1886w\" sizes=\"auto, (max-width: 300px) 100vw, 300px\" \/>Im Moment ist die Verbesserung der Wasserversorgung in Planung und Umsetzung. F\u00fcr 2019 ist au\u00dferdem eine umfassende HNO Untersuchung der Kinder geplant, die mit Hilfe anderer Hilfsorganisationen (u.a. Rotes Kreuz) durchgef\u00fchrt werden soll.<\/p>\n<p style=\"text-align: justify;\">Ich w\u00fcrde mich freuen, wenn ich Thomas Ende Juni einen namhaften Betrag \u00fcbergeben k\u00f6nnte. Wer mir also etwas schenken m\u00f6chte, schenke mir bitte eine Spende f\u00fcr dieses Sozialprojekt!<\/p>\n<p style=\"text-align: justify;\"><strong>Vielen herzlichen Dank im Voraus.<\/strong><\/p>\n<\/div>\n<\/div>\n<\/div>\n<\/div>\n<\/div>\n<div  class=\"one withsmallpadding ppb_text\" style=\"padding:30px 0 30px 0;\" >\n<div class=\"standard_wrapper\">\n<div class=\"page_content_wrapper\">\n<div class=\"inner\">\n<div style=\"margin:auto;width:100%\">\n<h3 style=\"text-align: center;\">Spenden bitte an IBAN AT24 3200 0000 0015 1068 (Konto lautend auf Joerg Windbichler)<\/h3>\n<h4><\/h4>\n<h4 style=\"text-align: center;\">Vielen, vielen Dank!<\/h4>\n<p>\u00a0<\/p>\n<p>Hier die Liste der Projekte, die in den letzten Jahren erfolgreich umgesetzt wurden:<\/p>\n<p><img loading=\"lazy\" decoding=\"async\" class=\"aligncenter wp-image-745 size-large\" src=\"http:\/\/wibi.homeip.net\/hub\/201969\/wp-content\/uploads\/sites\/24\/2019\/02\/Screen-Shot-2019-02-23-at-19.44.39-1024x736.png\" alt=\"\" width=\"1024\" height=\"736\" srcset=\"https:\/\/wibi.homeip.net\/hub\/201969\/wp-content\/uploads\/sites\/24\/2019\/02\/Screen-Shot-2019-02-23-at-19.44.39-1024x736.png 1024w, https:\/\/wibi.homeip.net\/hub\/201969\/wp-content\/uploads\/sites\/24\/2019\/02\/Screen-Shot-2019-02-23-at-19.44.39-300x216.png 300w, https:\/\/wibi.homeip.net\/hub\/201969\/wp-content\/uploads\/sites\/24\/2019\/02\/Screen-Shot-2019-02-23-at-19.44.39-768x552.png 768w, https:\/\/wibi.homeip.net\/hub\/201969\/wp-content\/uploads\/sites\/24\/2019\/02\/Screen-Shot-2019-02-23-at-19.44.39-705x507.png 705w\" sizes=\"auto, (max-width: 1024px) 100vw, 1024px\" \/><\/p>\n<\/div>\n<\/div>\n<\/div>\n<\/div>\n<\/div>\n","protected":false},"excerpt":{"rendered":"<p>\u00a0 Gift Shop English Version \u00a0 Eigentlich sind Geschenke an Bord nicht willkommen, wer aber darauf besteht, m\u00f6ge mir bitte helfen, eine gute Sache zu unterst\u00fctzen. Ein ehemaliger Kollege, Thomas Kratky, ist ein aktives Mitglied im Verein \u201crun2gether Austria-Kenya\u201d, der [&hellip;]<\/p>\n","protected":false},"author":1,"featured_media":0,"parent":0,"menu_order":0,"comment_status":"closed","ping_status":"closed","template":"","meta":{"footnotes":""},"class_list":["post-594","page","type-page","status-publish","hentry"],"_links":{"self":[{"href":"https:\/\/wibi.homeip.net\/hub\/201969\/wp-json\/wp\/v2\/pages\/594","targetHints":{"allow":["GET"]}}],"collection":[{"href":"https:\/\/wibi.homeip.net\/hub\/201969\/wp-json\/wp\/v2\/pages"}],"about":[{"href":"https:\/\/wibi.homeip.net\/hub\/201969\/wp-json\/wp\/v2\/types\/page"}],"author":[{"embeddable":true,"href":"https:\/\/wibi.homeip.net\/hub\/201969\/wp-json\/wp\/v2\/users\/1"}],"replies":[{"embeddable":true,"href":"https:\/\/wibi.homeip.net\/hub\/201969\/wp-json\/wp\/v2\/comments?post=594"}],"version-history":[{"count":158,"href":"https:\/\/wibi.homeip.net\/hub\/201969\/wp-json\/wp\/v2\/pages\/594\/revisions"}],"predecessor-version":[{"id":1944,"href":"https:\/\/wibi.homeip.net\/hub\/201969\/wp-json\/wp\/v2\/pages\/594\/revisions\/1944"}],"wp:attachment":[{"href":"https:\/\/wibi.homeip.net\/hub\/201969\/wp-json\/wp\/v2\/media?parent=594"}],"curies":[{"name":"wp","href":"https:\/\/api.w.org\/{rel}","templated":true}]}}