{"id":6041,"date":"2017-06-10T18:03:25","date_gmt":"2017-06-10T16:03:25","guid":{"rendered":"http:\/\/wibi.homeip.net\/aut2017\/?page_id=6041"},"modified":"2017-11-10T19:44:54","modified_gmt":"2017-11-10T18:44:54","slug":"about","status":"publish","type":"page","link":"https:\/\/wibi.homeip.net\/hub\/aut2017\/?page_id=6041","title":{"rendered":"About"},"content":{"rendered":"<div class=\"standard_wrapper\">\n<div  class=\"one\" style=\"padding:30px 0 30px 0;\" >\n<div class=\"page_content_wrapper\">\n<div class=\"inner\">\n<div class=\"image_classic_frame expand animate\">\n<div class=\"image_wrapper\"><a href=\"http:\/\/wibi.homeip.net\/hub\/aut2017\/wp-content\/uploads\/sites\/9\/2017\/06\/outline_austria-e1497110836521.png\" class=\"img_frame\"><img decoding=\"async\" src=\"http:\/\/wibi.homeip.net\/hub\/aut2017\/wp-content\/uploads\/sites\/9\/2017\/06\/outline_austria-e1497110836521.png\" alt=\"\" class=\"portfolio_img\"\/><\/a><\/div>\n<\/div>\n<\/div>\n<\/div>\n<\/div>\n<\/div>\n<div  class=\"one withsmallpadding ppb_header \" style=\"text-align:center;padding:30px 0 30px 0;\" >\n<div class=\"standard_wrapper\">\n<div class=\"page_content_wrapper\">\n<div class=\"inner\">\n<div style=\"margin:auto;width:100%\">\n<h2 class=\"ppb_title\" style=\"\">\u00d6sterreich Rundfahrt 2017<\/h2>\n<div class=\"ppb_subtitle\" style=\"\">Wir erkunden wir unsere Heimat!<\/div>\n<div class=\"page_header_sep center\"><\/div>\n<\/div>\n<\/div>\n<\/div>\n<\/div>\n<\/div>\n<div class=\"standard_wrapper\">\n<div  class=\"two_third withsmallpadding ppb_text\" style=\"padding:30px 0 30px 0;\" >\n<div class=\"standard_wrapper\">\n<div class=\"page_content_wrapper\">\n<div class=\"inner\">\n<div style=\"margin:auto;width:60%\">\n<p>Nach der USA Reise 2016 bleiben wir heuer im eigenen Land. St\u00e4dte, Berge, Fl\u00fc\u00dfe &#038; Seen sind das Ziel unserer \u00d6sterreich-Rundfahrt, die uns durch alle Bundesl\u00e4nder f\u00fchrt (au\u00dfer Burgenland, aber dort waren wir schon mal).<\/p>\n<p>Von Wien geht es nach Salzburg, Hallstatt, Werfen, Dam\u00fcls im Bregenzer Wald, Bregenz, Innsbruck, Schwaz, Krimml, Saalbach, Kaprun, Gro\u00dfglockner, Heiligenblut, Klagenfurt, Minimundus, St. Georgen am L\u00e4ngsee und Piber.<\/p>\n<p>Auch heuer wieder soll es diese Website<span style=\"color: #000000;\">\u00a0den Daheimgebliebenen und unseren Freunden erm\u00f6glichen, uns zu begleiten, die sch\u00f6nsten Bilder sofort zu sehen und die besten Stories gleich zu lesen. Neu ist diesmal allerdings unser Photo Stream, auf dem man uns fast live begleiten kann. Viel Spa\u00df dabei! Wir freuen uns jedenfalls auf viele Kommentare!<\/span><\/p>\n<\/div>\n<\/div>\n<\/div>\n<\/div>\n<\/div>\n<\/div>\n<div class=\"standard_wrapper\">\n<div  class=\"one_third last withsmallpadding ppb_text\" style=\"padding:30px 0 30px 0;\" >\n<div class=\"standard_wrapper\">\n<div class=\"page_content_wrapper\">\n<div class=\"inner\">\n<div style=\"margin:auto;width:100%\">\n<div class=\"animate_counter_wrapper\">\n<div id=\"15103394941843719276\" class=\"odometer\" style=\"font-size:px;line-height:px;\">1<\/div>\n<div class=\"count_separator\"><span><\/span><\/div>\n<div class=\"counter_subject\">Urlaubstage<\/div>\n<\/div>\n<div class=\"animate_counter_wrapper\">\n<div id=\"1510339494237585058\" class=\"odometer\" style=\"font-size:px;line-height:px;\">1<\/div>\n<div class=\"count_separator\"><span><\/span><\/div>\n<div class=\"counter_subject\">Flugstunden<\/div>\n<\/div>\n<div class=\"animate_counter_wrapper\">\n<div id=\"1510339494199265830\" class=\"odometer\" style=\"font-size:px;line-height:px;\">1<\/div>\n<div class=\"count_separator\"><span><\/span><\/div>\n<div class=\"counter_subject\">ca. gefahrene Kilometer<\/div>\n<\/div>\n<div class=\"animate_counter_wrapper\">\n<div id=\"1510339494601223278\" class=\"odometer\" style=\"font-size:px;line-height:px;\">1<\/div>\n<div class=\"count_separator\"><span><\/span><\/div>\n<div class=\"counter_subject\">Sehensw\u00fcrdigkeiten<\/div>\n<\/div>\n<\/div>\n<\/div>\n<\/div>\n<\/div>\n<\/div>\n<\/div>\n<div  class=\"one withsmallpadding ppb_team_card\" style=\"padding:30px 0 30px 0;\" >\n<div class=\"standard_wrapper\">\n<div class=\"page_content_wrapper\">\n<div class=\"inner\">\n<div class=\"team_card_wrapper\" >\n<div class=\"one_third_bg nopadding team_photo \"><img decoding=\"async\" class=\"team_pic\" src=\"http:\/\/wibi.homeip.net\/hub\/aut2017\/wp-content\/uploads\/sites\/9\/2017\/06\/team-4.jpg\" alt=\"Johanna\"\/><\/div>\n<div class=\"two_third_bg team\" >\n<h3 >Johanna<\/h3>\n<div class=\"team_position post_detail\" >Tochter<\/div>\n<div class=\"team_content\">11 Jahre, Pferden\u00e4rrin und B\u00fccherwurm<\/p>\n<hr \/>\n<p><a href=\"mailto:johanna@windbichler.com\">Email<\/a><\/div>\n<\/div>\n<p><br class=\"clear\"\/><\/div>\n<div class=\"team_card_wrapper\" >\n<div class=\"one_third_bg nopadding team_photo floatright\"><img decoding=\"async\" class=\"team_pic\" src=\"http:\/\/wibi.homeip.net\/hub\/aut2017\/wp-content\/uploads\/sites\/9\/2017\/06\/team-5.jpg\" alt=\"Jacob\"\/><\/div>\n<div class=\"two_third_bg team\" >\n<h3 >Jacob<\/h3>\n<div class=\"team_position post_detail\" >Sohn<\/div>\n<div class=\"team_content\">14 Jahre, Fu\u00dfballfan und Zeichenk\u00fcnstler<\/p>\n<hr \/>\n<p><a href=\"mailto:jacob@windbichler.com\">Email<\/a><\/div>\n<\/div>\n<p><br class=\"clear\"\/><\/div>\n<div class=\"team_card_wrapper\" >\n<div class=\"one_third_bg nopadding team_photo \"><img decoding=\"async\" class=\"team_pic\" src=\"http:\/\/wibi.homeip.net\/hub\/aut2017\/wp-content\/uploads\/sites\/9\/2017\/06\/team-9.jpg\" alt=\"Martina\"\/><\/div>\n<div class=\"two_third_bg team\" >\n<h3 >Martina<\/h3>\n<div class=\"team_position post_detail\" >Mutter<\/div>\n<div class=\"team_content\">Jung geblieben, Volksschullehrerin und\u00a0Familienherz &amp;\u00a0-seele<\/p>\n<hr \/>\n<p><a href=\"mailto:martina@windbichler.com\">Email<\/a><\/div>\n<\/div>\n<p><br class=\"clear\"\/><\/div>\n<div class=\"team_card_wrapper\" >\n<div class=\"one_third_bg nopadding team_photo floatright\"><img decoding=\"async\" class=\"team_pic\" src=\"http:\/\/wibi.homeip.net\/hub\/aut2017\/wp-content\/uploads\/sites\/9\/2017\/06\/team-10.jpg\" alt=\"Joerg\"\/><\/div>\n<div class=\"two_third_bg team\" >\n<h3 >Joerg<\/h3>\n<div class=\"team_position post_detail\" >Vater<\/div>\n<div class=\"team_content\">Auch nicht wirklich alt, Vizepr\u00e4sident und Apfelaficionado<\/p>\n<hr \/>\n<p><a href=\"mailto:joerg@windbichler.com\">Email<\/a><\/div>\n<\/div>\n<p><br class=\"clear\"\/><\/div>\n<\/div>\n<\/div>\n<\/div>\n<\/div>\n<div  class=\"one withsmallpadding ppb_text\" style=\"padding:30px;\" >\n<p style=\"text-align: center;\">? \u2013 das sind nat\u00fcrlich nicht wir vier \u2013 aber auf Reisen bleiben wir gerne inkognito!<\/p>\n<\/div>\n","protected":false},"excerpt":{"rendered":"<p>\u00d6sterreich Rundfahrt 2017 Wir erkunden wir unsere Heimat! Nach der USA Reise 2016 bleiben wir heuer im eigenen Land. St\u00e4dte, Berge, Fl\u00fc\u00dfe &#038; Seen sind das Ziel unserer \u00d6sterreich-Rundfahrt, die uns durch alle Bundesl\u00e4nder f\u00fchrt (au\u00dfer Burgenland, aber dort waren [&hellip;]<\/p>\n","protected":false},"author":1,"featured_media":0,"parent":5998,"menu_order":0,"comment_status":"closed","ping_status":"closed","template":"","meta":{"footnotes":""},"class_list":["post-6041","page","type-page","status-publish","hentry"],"_links":{"self":[{"href":"https:\/\/wibi.homeip.net\/hub\/aut2017\/index.php?rest_route=\/wp\/v2\/pages\/6041","targetHints":{"allow":["GET"]}}],"collection":[{"href":"https:\/\/wibi.homeip.net\/hub\/aut2017\/index.php?rest_route=\/wp\/v2\/pages"}],"about":[{"href":"https:\/\/wibi.homeip.net\/hub\/aut2017\/index.php?rest_route=\/wp\/v2\/types\/page"}],"author":[{"embeddable":true,"href":"https:\/\/wibi.homeip.net\/hub\/aut2017\/index.php?rest_route=\/wp\/v2\/users\/1"}],"replies":[{"embeddable":true,"href":"https:\/\/wibi.homeip.net\/hub\/aut2017\/index.php?rest_route=%2Fwp%2Fv2%2Fcomments&post=6041"}],"version-history":[{"count":53,"href":"https:\/\/wibi.homeip.net\/hub\/aut2017\/index.php?rest_route=\/wp\/v2\/pages\/6041\/revisions"}],"predecessor-version":[{"id":7153,"href":"https:\/\/wibi.homeip.net\/hub\/aut2017\/index.php?rest_route=\/wp\/v2\/pages\/6041\/revisions\/7153"}],"up":[{"embeddable":true,"href":"https:\/\/wibi.homeip.net\/hub\/aut2017\/index.php?rest_route=\/wp\/v2\/pages\/5998"}],"wp:attachment":[{"href":"https:\/\/wibi.homeip.net\/hub\/aut2017\/index.php?rest_route=%2Fwp%2Fv2%2Fmedia&parent=6041"}],"curies":[{"name":"wp","href":"https:\/\/api.w.org\/{rel}","templated":true}]}}