{"id":13,"date":"2007-10-12T14:15:52","date_gmt":"2007-10-12T12:15:52","guid":{"rendered":"http:\/\/wibi.homeip.net\/wp_fam\/?page_id=13"},"modified":"2017-11-04T21:45:40","modified_gmt":"2017-11-04T20:45:40","slug":"prolog-meine-lieben-sohne","status":"publish","type":"page","link":"https:\/\/wibi.homeip.net\/hub\/familie\/titelseite\/prolog-meine-lieben-sohne\/","title":{"rendered":"Prolog: Meine lieben S\u00f6hne!"},"content":{"rendered":"<p>Lange habe ich nachgedacht, wie und in welcher Form ich die Erinnerungen an mein bisheriges Leben niederschreiben sollte. Letztlich habe ich mich dazu entschlossen, sie euch quasi zu erz\u00e4hlen. Dabei gehe ich gar nicht davon aus, dass ihr sie zur G\u00e4nze lesen m\u00fcsst oder lesen werdet, aber es schien mir das Zweckm\u00e4\u00dfigste, sie euch zu erz\u00e4hlen. <\/p>\n<p>Dies auch deshalb, weil ihr ja vieles, was ich beruflich getan habe, miterlebt &#8211; um nicht aus eurer Sicht zu sagen miterlitten &#8211; habt. Miterlitten deshalb, weil ich ja doch nicht immer soviel Zeit f\u00fcr euch hatte, wie euch das wahrscheinlich recht gewesen w\u00e4re. <\/p>\n<p>Ich hoffe, dass es mir gelingt, aus diesen Geschichten und Erfahrungsberichten etwas zu machen, was von euch auch aus der Situation jener Zeit, in der ich geboren bin, in der ich aufgewachsen bin und in der ich gewerkt und gewirkt habe, verstanden wird. <\/p>\n<p>Ich w\u00fcnsche mir, dass ihr mir noch zu meinen Lebzeiten sagen k\u00f6nnt, dass mir das bzw. ob es mir gelungen ist. <\/p>\n<p>Erster H\u00f6he- und vorl\u00e4ufiger Mittelpunkt soll aber die \u201eWindbichler-Historie\u201c sein, weil euer Urgro\u00dfvater und zum Teil auch schon dessen Vater sehr gute historische Daten \u00fcber unsere Familie, \u00fcber den Ort Bromberg und \u00fcber ihr eigenes Wirken hinterlassen haben, die ich auswerten konnte. Auch liegen und lagen Vertrags- und sonstige Dokumente vor, die zur Familiengeschichte geh\u00f6ren, wenn auch meistens in kurrenter Schrift, also auch f\u00fcr mich schon schwer lesbar. Dieser geschichtliche Teil wird auch heute schon von Tag zu Tag interessanter und wertvoller.<\/p>\n<p>Wien und Bromberg in den Jahren 1999 &#8211; 2007 <\/p>\n<p><a href=\"http:\/\/wibi.homeip.net\/hub\/familie\/?page_id=14\">N\u00e4chstes Kapitel &gt;&gt;<\/a><\/p>\n","protected":false},"excerpt":{"rendered":"<p>Lange habe ich nachgedacht, wie und in welcher Form ich die Erinnerungen an mein bisheriges Leben niederschreiben sollte. Letztlich habe ich mich dazu entschlossen, sie euch quasi zu erz\u00e4hlen. Dabei gehe ich gar nicht davon aus, dass ihr sie zur G\u00e4nze lesen m\u00fcsst oder lesen werdet, aber es schien mir das Zweckm\u00e4\u00dfigste, sie euch zu [&hellip;]<\/p>\n","protected":false},"author":1,"featured_media":0,"parent":6,"menu_order":0,"comment_status":"open","ping_status":"open","template":"chapter.php","meta":{"footnotes":""},"class_list":["post-13","page","type-page","status-publish","hentry"],"_links":{"self":[{"href":"https:\/\/wibi.homeip.net\/hub\/familie\/wp-json\/wp\/v2\/pages\/13","targetHints":{"allow":["GET"]}}],"collection":[{"href":"https:\/\/wibi.homeip.net\/hub\/familie\/wp-json\/wp\/v2\/pages"}],"about":[{"href":"https:\/\/wibi.homeip.net\/hub\/familie\/wp-json\/wp\/v2\/types\/page"}],"author":[{"embeddable":true,"href":"https:\/\/wibi.homeip.net\/hub\/familie\/wp-json\/wp\/v2\/users\/1"}],"replies":[{"embeddable":true,"href":"https:\/\/wibi.homeip.net\/hub\/familie\/wp-json\/wp\/v2\/comments?post=13"}],"version-history":[{"count":1,"href":"https:\/\/wibi.homeip.net\/hub\/familie\/wp-json\/wp\/v2\/pages\/13\/revisions"}],"predecessor-version":[{"id":77,"href":"https:\/\/wibi.homeip.net\/hub\/familie\/wp-json\/wp\/v2\/pages\/13\/revisions\/77"}],"up":[{"embeddable":true,"href":"https:\/\/wibi.homeip.net\/hub\/familie\/wp-json\/wp\/v2\/pages\/6"}],"wp:attachment":[{"href":"https:\/\/wibi.homeip.net\/hub\/familie\/wp-json\/wp\/v2\/media?parent=13"}],"curies":[{"name":"wp","href":"https:\/\/api.w.org\/{rel}","templated":true}]}}