{"id":14,"date":"2007-10-12T14:17:26","date_gmt":"2007-10-12T12:17:26","guid":{"rendered":"http:\/\/wibi.homeip.net\/wp_fam\/?page_id=14"},"modified":"2007-10-12T14:17:26","modified_gmt":"2007-10-12T12:17:26","slug":"kapitel-1-zur-einstimmung-2","status":"publish","type":"page","link":"https:\/\/wibi.homeip.net\/hub\/familie\/titelseite\/kapitel-1-zur-einstimmung-2\/","title":{"rendered":"Kapitel 1: Zur Einstimmung"},"content":{"rendered":"<p>Wie es einmal war, das ger\u00e4t leicht in Vergessenheit. Vieles, was interessant f\u00fcr die Nachwelt w\u00e4re, wurde nicht aufgezeichnet oder ist durch die Kriegswirren im 19. Jhdt., aber vor allem durch den 1. Weltkrieg 1914 \u2013 1918 und noch mehr durch den 2. Weltkrieg 1939 \u2013 1945 verloren gegangen. Umso gl\u00fccklicher kann man sein, wenn man Vorfahren hatte, die \u00fcber ihre Zeit, aber auch \u00fcber ihre Altvorderen Notizen machten, die noch vorhanden sind.<\/p>\n<p>Mein Urgro\u00dfvater, noch mehr jedoch mein Gro\u00dfvater haben ein, wie sie es selber nannten, \u201eGedenkbuch\u201c geschrieben, in welchem sie laufend Ereignisse aus ihrer Zeit und ihrem Leben festhielten. Sie haben dabei nicht nach \u00f6ffentlichen und privaten Ereignissen getrennt \u2013 das blieb mir vorbehalten. <\/p>\n<p>Daneben gibt es regelrechte Aufs\u00e4tze \u00fcber ihre Familiengeschichte und Ereignisse aus ihrer Zeit. Ich bin sicher, dass sie diese nach bestem Wissen und Gewissen niedergeschrieben haben und erw\u00e4hne das nur, weil pers\u00f6nliche Irrt\u00fcmer nie ganz ausgeschlossen werden k\u00f6nnen. Anderseits waren sie, zusammengerechnet, \u00fcber 60 Jahre als B\u00fcrgermeister f\u00fcr die Gemeinde Schlatten, heute Marktgemeinde Bromberg, t\u00e4tig und damit wohl \u201eam Puls der Zeit\u201c.<\/p>\n<p>Nun gibt es \u00fcber Schlatten\/Bromberg inzwischen einiges, was man als \u00f6rtliche Literatur bezeichnen kann, wie beispielsweise das 850-Jahr-Buch, die Brosch\u00fcren \u00fcber 100 Jahre Volksschule bzw. 100 Jahre Feuerwehr und 100 Jahre Raiffeisenkasse, es gibt die spannende Erz\u00e4hlung von Anna Handler \u00fcber den \u201eGroihof im Wandel der Zeiten\u201c und die Dokumentation \u00fcber die <a href=\"http:\/\/wibi.homeip.net\/hub\/familie\/?page_id=37\" target=\"_blank\">\u201eHexe\u201c Afra Schickh<\/a>.<\/p>\n<p>Diese Aufz\u00e4hlung ist bei weitem nicht vollst\u00e4ndig, erhebt auch keinen Anspruch darauf, denn auch das \u201ealte\u201c Buch von Mitter \u00fcber \u201eDie Reichersberger Chorherrn in der Pittener Waldmark\u201c geh\u00f6rt ebenso dazu, wie Schimetscheks \u201eVergangene Zeiten\u201c oder Steiners Roman \u201eDreibuchen\u201c und auch Pfarrer Michael Hammer schrieb \u00fcber die Entwicklungsgeschichte der Pfarren. In all diesen Werken sind Bez\u00fcge zu Bromberg hergestellt. <\/p>\n<p>Auf den folgenden Seiten versuche ich, in Wort und auch in Bild Informationen anzubieten, die noch nicht bzw. nicht so bekannt oder \u00fcberhaupt unbekannt sind.<\/p>\n<p>Ferner habe ich in einem <a href=\"http:\/\/wibi.homeip.net\/hub\/familie\/?page_id=44\">Anhang<\/a> einige weitere interessante \u00fcbersetzte \u201eFormulare\u201c aus einer viel gr\u00f6\u00dferen vorhandenen Anzahl angef\u00fcgt. Die kurrenten Originale sind selbstverst\u00e4ndlich vorhanden.<\/p>\n<p>Insoweit ich nicht aus den Aufzeichnungen meiner Vorfahren zitiere, habe ich das jeweils entsprechend angemerkt bzw. pers\u00f6nliche Anmerkungen ebenfalls entsprechend gekennzeichnet.<\/p>\n<p>Bromberg, im Sommer 2007<br \/>\nHans Windbichler<\/p>\n<p><a href=\"http:\/\/wibi.homeip.net\/hub\/familie\/?page_id=13\">&lt;&lt; Voriges Kapitel<\/a> | <a href=\"http:\/\/wibi.homeip.net\/hub\/familie\/?page_id=15\">N\u00e4chstes Kapitel &gt;&gt;<\/a><\/p>\n","protected":false},"excerpt":{"rendered":"<p>Wie es einmal war, das ger\u00e4t leicht in Vergessenheit. Vieles, was interessant f\u00fcr die Nachwelt w\u00e4re, wurde nicht aufgezeichnet oder ist durch die Kriegswirren im 19. Jhdt., aber vor allem durch den 1. Weltkrieg 1914 \u2013 1918 und noch mehr durch den 2. Weltkrieg 1939 \u2013 1945 verloren gegangen. Umso gl\u00fccklicher kann man sein, wenn [&hellip;]<\/p>\n","protected":false},"author":2,"featured_media":0,"parent":6,"menu_order":1,"comment_status":"open","ping_status":"open","template":"chapter.php","meta":{"footnotes":""},"class_list":["post-14","page","type-page","status-publish","hentry"],"_links":{"self":[{"href":"https:\/\/wibi.homeip.net\/hub\/familie\/wp-json\/wp\/v2\/pages\/14","targetHints":{"allow":["GET"]}}],"collection":[{"href":"https:\/\/wibi.homeip.net\/hub\/familie\/wp-json\/wp\/v2\/pages"}],"about":[{"href":"https:\/\/wibi.homeip.net\/hub\/familie\/wp-json\/wp\/v2\/types\/page"}],"author":[{"embeddable":true,"href":"https:\/\/wibi.homeip.net\/hub\/familie\/wp-json\/wp\/v2\/users\/2"}],"replies":[{"embeddable":true,"href":"https:\/\/wibi.homeip.net\/hub\/familie\/wp-json\/wp\/v2\/comments?post=14"}],"version-history":[{"count":0,"href":"https:\/\/wibi.homeip.net\/hub\/familie\/wp-json\/wp\/v2\/pages\/14\/revisions"}],"up":[{"embeddable":true,"href":"https:\/\/wibi.homeip.net\/hub\/familie\/wp-json\/wp\/v2\/pages\/6"}],"wp:attachment":[{"href":"https:\/\/wibi.homeip.net\/hub\/familie\/wp-json\/wp\/v2\/media?parent=14"}],"curies":[{"name":"wp","href":"https:\/\/api.w.org\/{rel}","templated":true}]}}