{"id":16,"date":"2007-10-12T14:27:57","date_gmt":"2007-10-12T12:27:57","guid":{"rendered":"http:\/\/wibi.homeip.net\/wp_fam\/?page_id=16"},"modified":"2023-05-22T07:38:06","modified_gmt":"2023-05-22T05:38:06","slug":"kapitel-3-die-ahnenreihe","status":"publish","type":"page","link":"https:\/\/wibi.homeip.net\/hub\/familie\/titelseite\/kapitel-3-die-ahnenreihe\/","title":{"rendered":"Kapitel 3: Die Ahnenreihe"},"content":{"rendered":"<p><strong>Entwickelt aus meines Gro\u00dfvaters Johann Windbichler, geb. 6.4.1866, Tagebuch zur Familien-Historie Windbichler und erweitert durch meine eigenen Erhebungen in den Pfarrmatriken der Pfarren Bromberg und Thernberg.<\/strong><\/p>\n<blockquote><p>Vermutlich verfasste Gro\u00dfvater dieses \u201eTagebuch\u201c in den beginnenden 40-er-Jahren des 20. Jhdts., da schon vom neu gebauten Gesch\u00e4ft im sog. \u201eoberen Haus\u201c die Rede ist, das 1940 er\u00f6ffnet wurde: siehe <a href=\"https:\/\/wibi.homeip.net\/hub\/familie\/titelseite\/kapitel-7-urgrossvater-johann-windbichler\/\">Bericht \u00fcber Johann Windbichler<\/a>, geb. 1838, wo es um die H\u00fctte, in der Bier und \u201eBrandwein\u201c ausgeschenkt wurde, geht.<\/p><\/blockquote>\n<p><em>Gro\u00dfvater bezeichnet sich selbst als <strong>Johann Windbichler II<\/strong>, was insofern nicht ganz korrekt ist, als es einen <strong>Johann Windpichler, geb. 27.12.1675<\/strong>, gab, der also der <strong>OBERVATER<\/strong> war. Gro\u00dfvater scheint \u00fcber ihn nur wenig bis gar nicht Bescheid gewusst zu haben. Als <strong>Johann I. <\/strong>bezeichnet er daher seinen Vater, geb. 1838.<\/em><\/p>\n<p><strong>Ich bleibe aber in der Folge bei den \u201eNummerierungen\u201c des Gro\u00dfvaters, soweit diese \u00fcberhaupt n\u00f6tig sind.<\/strong><\/p>\n<p>Und versuche nun, systematisch vorzugehen:<\/p>\n<p><strong>OBERURGROSSELTERN<\/strong>:<\/p>\n<p>Das waren <strong><em>Georg und Maria Windpichler<\/em><\/strong>, von denen n\u00e4here Daten nicht mehr eruierbar waren.<\/p>\n<p><strong>OBERGROSSMUTTER<\/strong>:<\/p>\n<p><em>Das war der Obigen Tochter <strong>Gertrude Windpichler, geb. 28.2.1651<\/strong>. Sie lebte, wie wohl auch ihre Eltern, am Grubhof. Dieser Grubhof ist urkundlich erstmals erw\u00e4hnt 1451, er mutierte sp\u00e4ter zum Groihof (Kroihof) und als solcher erfuhr er um 1880 noch \u201em\u00f6rderische\u201c Ber\u00fchmtheit. Da war aber von unserer Windbichler-Linie l\u00e4ngst niemand mehr dort.<\/em><\/p>\n<blockquote><p>Gertrude und ihre Eltern lebten also in der Zeit, in der auch die Bromberger \u201eHexe\u201c Afra Schickh, die 1671 in Wr. Neustadt verbrannt wurde, im Schlattental zu Hause war.<\/p><\/blockquote>\n<p><strong>OBERVATER<\/strong>:<\/p>\n<p><em>Der ledige Sohn der Gertrude namens <strong>Johann Windpichler, geb. 27.12.1675<\/strong>, heiratete vermutlich 1700 seine Frau Anna, mit der er einen Sohn <strong>Simon Windtbichler, geb. 21.10.1705<\/strong>, die T\u00f6chter Franziska, 4.10.1707, und Gertrudis, 17.2.1710, und einen Sohn Mathias, 22.1.1712, hatte<\/em>.<\/p>\n<p><strong>ALTURGROSSVATER<\/strong>:<\/p>\n<p>Das war <strong>Simon Windtbichler, geb. 21.10.1705<\/strong>.<\/p>\n<p><em>\u00dcber ihn ist aber, au\u00dfer dass er in Gemeinderobotlisten aufscheint und immer noch am Grubhof lebte, auch nichts weiter bekannt. Er hatte mit seiner Frau Maria, die er am 10.2.1732 ehelichte, jedenfalls die Kinder Heinrich, 5.7.1742, Andreas, 22.11.1743 und <strong>Gregor, geb. 26.2.1746<\/strong><\/em>.<\/p>\n<blockquote><p>Simon W. ist in keinem Sterbebuch der Pfarre Bromberg zu finden. Wiewohl ich einen \u201eSimon Windb\u00fcchler\u201c noch 1777 in einer Robotliste fand, ist daher anzunehmen, dass er weggezogen ist, als vermutlich sein Sohn Andreas, geb. 22.11.1743, Bauer am Grubhof wurde.<\/p>\n<p>Durch die vielen Windbichlers in der Gemeinde ganz generell, durch Umz\u00fcge von am Groihof geborenen Nachkommen verschiedener Generationen, teils nach Karnthal-Hochwolkersdorf und teils nach Hocheck und wohin sonst auch immer, wird es schwer, die \u201eandere\u201c Linie exakt zu verfolgen.<\/p>\n<p>Siehe dazu unter \u201e<a href=\"https:\/\/wibi.homeip.net\/hub\/familie\/titelseite\/kapitel-4-kreuchhof-grubhof-groihof\/\">Kreuchhof &#8211; Grubhof &#8211; Groihof<\/a>\u201c.<\/p><\/blockquote>\n<p><strong>ALTGROSSVATER<\/strong>:<\/p>\n<p><em><strong>Gregor Windbichler, geb. 26.2.1746<\/strong>, lebte nicht mehr am Grubhof, sondern lernte Wagner und lie\u00df sich (angenommenerweise) schon in Bromberg, Rotte Hofst\u00e4tten, nieder. Er und seine Frau Theresia, geborene Puz, heirateten am 14.10.1777. <\/em><\/p>\n<blockquote><p>Gro\u00dfvater berichtet nur so viel, dass Gregor Windbichler und seine Frau einen Tabakverkauf (und &#8211; ungesichert &#8211; eventuell schon eine Art Kr\u00e4merei) betrieben haben. In einem H\u00e4usl zwischen dem sog. Karnerbrunnen und der Rotte Hofst\u00e4tten.<\/p><\/blockquote>\n<p><em>Da sein Vater <strong>Simon<\/strong> noch in den Robotlisten aufscheint, <strong>Gregor<\/strong> als \u201eGewerbetreibender\u201c aber nicht mehr, scheint <strong>Gregor Windbichler<\/strong> der Begr\u00fcnder der Windbichler\u2019schen Handwerker = H\u00e4ndler = Kaufmannsdynastie, die mit meinem Vater, <strong>Johann III., geb. 30.11.1911<\/strong>, im Jahre 1976 endete, gewesen zu sein.<\/em><\/p>\n<p><em>Wann <strong>Gregor Windbichler<\/strong> als Wagner und\/oder H\u00e4ndler begonnen hat, l\u00e4sst sich nicht genauer feststellen, da er in einer Geburtsbest\u00e4tigung der Pfarre f\u00fcr seinen Sohn Peter, ausgestellt 1814, noch als \u201eZuwohner beym Andreas Haberbichler n\u00e4chst der Pfarrkirch\u201c gef\u00fchrt wird und er am 4.8.1819 \u201ean Alter und Schw\u00e4che\u201c bereits starb.<br \/>\n<\/em><\/p>\n<blockquote><p>Dieser Andreas Haberbichler d\u00fcrfte der Vorbesitzer zum heutigen Gasthaus Windbichler (\u201eKarnerwirt\u201c) gewesen sein.<br \/>\nSo k\u00f6nnte es auch sein, dass das \u201eH\u00e4usl\u201c eben nur Gesch\u00e4fts- und nicht auch Wohnzwecken diente.<br \/>\n\u00dcbrigens sind die Windbichler-Wirte seit 1835 auf dem Haus, das als Wirtshaus 1682 errichtet wurde.<\/p><\/blockquote>\n<p><strong>ALTVATER<\/strong>:<\/p>\n<p><em>Gregor W. und seine Frau waren nicht nur die Eltern eines Sohnes Mathias, 30.8.1778, von dem weiter nichts bekannt ist, sondern sie waren auch &#8211; f\u00fcr uns wichtig! &#8211; die Eltern von <strong>Peter Windbichler, geb. 6.2.1784<\/strong>, \u00fcber den Gro\u00dfvater schon ausf\u00fchrlicher zu berichten wusste, obwohl er ihn nicht mehr gekannt hat, da <strong>Peter Windbichler<\/strong> schon am 22.9.1854 verstarb.<br \/>\n<\/em><\/p>\n<p><a href=\"http:\/\/wibi.homeip.net\/hub\/familie\/?page_id=15\">&lt;&lt; Voriges Kapitel<\/a> | <a href=\"http:\/\/wibi.homeip.net\/hub\/familie\/?page_id=19\">N\u00e4chstes Kapitel &gt;&gt;<\/a><\/p>\n","protected":false},"excerpt":{"rendered":"<p>Entwickelt aus meines Gro\u00dfvaters Johann Windbichler, geb. 6.4.1866, Tagebuch zur Familien-Historie Windbichler und erweitert durch meine eigenen Erhebungen in den Pfarrmatriken der Pfarren Bromberg und Thernberg. Vermutlich verfasste Gro\u00dfvater dieses \u201eTagebuch\u201c in den beginnenden 40-er-Jahren des 20. Jhdts., da schon vom neu gebauten Gesch\u00e4ft im sog. \u201eoberen Haus\u201c die Rede ist, das 1940 er\u00f6ffnet wurde: [&hellip;]<\/p>\n","protected":false},"author":2,"featured_media":0,"parent":6,"menu_order":0,"comment_status":"open","ping_status":"open","template":"chapter.php","meta":{"footnotes":""},"class_list":["post-16","page","type-page","status-publish","hentry"],"_links":{"self":[{"href":"https:\/\/wibi.homeip.net\/hub\/familie\/wp-json\/wp\/v2\/pages\/16","targetHints":{"allow":["GET"]}}],"collection":[{"href":"https:\/\/wibi.homeip.net\/hub\/familie\/wp-json\/wp\/v2\/pages"}],"about":[{"href":"https:\/\/wibi.homeip.net\/hub\/familie\/wp-json\/wp\/v2\/types\/page"}],"author":[{"embeddable":true,"href":"https:\/\/wibi.homeip.net\/hub\/familie\/wp-json\/wp\/v2\/users\/2"}],"replies":[{"embeddable":true,"href":"https:\/\/wibi.homeip.net\/hub\/familie\/wp-json\/wp\/v2\/comments?post=16"}],"version-history":[{"count":2,"href":"https:\/\/wibi.homeip.net\/hub\/familie\/wp-json\/wp\/v2\/pages\/16\/revisions"}],"predecessor-version":[{"id":487,"href":"https:\/\/wibi.homeip.net\/hub\/familie\/wp-json\/wp\/v2\/pages\/16\/revisions\/487"}],"up":[{"embeddable":true,"href":"https:\/\/wibi.homeip.net\/hub\/familie\/wp-json\/wp\/v2\/pages\/6"}],"wp:attachment":[{"href":"https:\/\/wibi.homeip.net\/hub\/familie\/wp-json\/wp\/v2\/media?parent=16"}],"curies":[{"name":"wp","href":"https:\/\/api.w.org\/{rel}","templated":true}]}}