{"id":19,"date":"2007-10-13T21:13:25","date_gmt":"2007-10-13T19:13:25","guid":{"rendered":"http:\/\/wibi.homeip.net\/wp_fam\/?page_id=19"},"modified":"2023-05-21T21:43:24","modified_gmt":"2023-05-21T19:43:24","slug":"kapitel-4-kreuchhof-grubhof-groihof","status":"publish","type":"page","link":"https:\/\/wibi.homeip.net\/hub\/familie\/titelseite\/kapitel-4-kreuchhof-grubhof-groihof\/","title":{"rendered":"Kapitel 4: Grubhof"},"content":{"rendered":"<p><strong>Kreuchhof &#8211; Grubhof &#8211; Groihof<\/strong><\/p>\n<p><strong>Im Zuge meiner famili\u00e4ren Nachforschungen kam ich drauf, dass der 1451 erstmals erw\u00e4hnte Kreuchhof, der sich dann zum Grubhof und &#8211; im Lauf der Sprachschlampereien &#8211; zum Groihof wandelte, viele Jahre der Sitz meiner direkten Vorfahren war. Wie sich aus dem Dokument Nr. 2732, einsehbar im N\u00f6. Landesarchiv, herauslesen l\u00e4sst, war damals ein \u201eSeidl\u201c der Hofinhaber. Also noch keine Spur von den Wind(t)b(p)ichlers. In dem erw\u00e4hnten Dokument Nr. 2732 sind aus dem Bromberg-Schlattener Bereich gut 25 Bauern\/H\u00f6fe enthalten.<\/strong><\/p>\n<div id=\"attachment_125\" style=\"width: 192px\" class=\"wp-caption aligncenter\"><a href=\"https:\/\/wibi.homeip.net\/hub\/familie\/wp-content\/uploads\/sites\/5\/2023\/05\/07.jpg\"><img loading=\"lazy\" decoding=\"async\" aria-describedby=\"caption-attachment-125\" class=\"wp-image-125 size-full\" src=\"https:\/\/wibi.homeip.net\/hub\/familie\/wp-content\/uploads\/sites\/5\/2023\/05\/07_framed.png\" alt=\"\" width=\"182\" height=\"142\" \/><\/a><p id=\"caption-attachment-125\" class=\"wp-caption-text\">Bild 07: Grubhof\/Groihof 2007<\/p><\/div>\n<div id=\"attachment_127\" style=\"width: 152px\" class=\"wp-caption aligncenter\"><a href=\"https:\/\/wibi.homeip.net\/hub\/familie\/wp-content\/uploads\/sites\/5\/2023\/05\/08.jpg\"><img loading=\"lazy\" decoding=\"async\" aria-describedby=\"caption-attachment-127\" class=\"wp-image-127 size-full\" src=\"https:\/\/wibi.homeip.net\/hub\/familie\/wp-content\/uploads\/sites\/5\/2023\/05\/08_framed.png\" alt=\"\" width=\"142\" height=\"155\" \/><\/a><p id=\"caption-attachment-127\" class=\"wp-caption-text\">Bild 08: Karte mit Bromberg und Grubhof<\/p><\/div>\n<p>Die Eltern der <strong>Gertrude Windpichler<\/strong>, geb 28.2.1651, n\u00e4mlich <strong>Georg und Maria W.<\/strong>, \u00fcber die ich keine n\u00e4heren Daten mehr gefunden habe, lebten ebenso auf dem obigen Hof, wie danach Gertrudes (unehelicher) Sohn <strong>Johann Windpichler<\/strong>, geb. 27.12.1675.<\/p>\n<p>Letzterer hatte mit seiner Frau Anna, wie ich nun zu wissen glaube, vier Kinder: <strong>Simon, 21.10.1705, Gertrudis 17.2.1710, Mathias, 22.1.1712 und noch eine Tochter (Franziska 4.10.1707).<br \/>\n<\/strong><br \/>\n<strong>Simon und seine Frau Maria haben wohl drei S\u00f6hne gehabt: Heinrich 5.7.1742, und Andreas, 22.11.1743, sowie Gregor, 26.2.1746.<\/strong><\/p>\n<p>Simon war noch der Bauer am Grubhof und m\u00f6glicherweise hat sein Sohn Andreas den Hof weitergef\u00fchrt. Simons Sohn Gregor ging weg. Und auch Simon selbst d\u00fcrfte weggezogen sein, sonst m\u00fcsste man in Bromberg etwas \u00fcber sein Ableben finden. Vom \u00e4ltesten Sohn Heinrich ist nichts bekannt.<\/p>\n<p>Gregor lernte glaublich das Wagnerhandwerk und lie\u00df sich in Bromberg\/Hofst\u00e4tten nieder, seine S\u00f6hne mit Theresia Puz, die er am 14.10.1777 geheiratet hat, waren jedenfalls Mathias 30.8.1778 (nichts weiter bekannt) und Peter 6.2.1784.<\/p>\n<p>&nbsp;<\/p>\n<blockquote><p>Unsere Linie ging also von Georg \u00fcber Gertrude und Johann zu Simon, Gregor, Peter und dann zu den diversen \u201eJohanns\u201c weiter.<\/p><\/blockquote>\n<p>&nbsp;<\/p>\n<blockquote><p>Die unglaubliche \u201eFruchtbarkeit\u201c der Familie Windbichler macht es aber schier unm\u00f6glich, in den Taufb\u00fcchern und Traub\u00fcchern einen \u00dcberblick zu behalten. Dazu kommt, dass man nicht wei\u00df, welche Windbichlers es damals in der Gemeinde und deren Umland noch gab. Jedenfalls ging einer (ein Mathias?) nach Hocheck, und andere ev. nach Karntahl oder gar nach Klingfurth.<\/p>\n<p>Viele weitere Namenstr\u00e4ger \u201eKroyhofer\u201c waren in den Pfarrmatriken zu finden, auch solche, die noch am Kroyhof lebten, wie z.B. ein \u201eSebastian, geb 19.1.1749\u201c, doch war deren Zuordnung zu wenig gesichert. Daher habe ich sie der Vergessenheit \u00fcberlassen.<\/p><\/blockquote>\n<p>D<strong>er wahrscheinliche Hof\u00fcbernehmer am Grubhof nach Simon W. k\u00f6nnte also der \u00e4ltere Bruder des Gregor W., n\u00e4mlich Andreas Wintbichler, 22.11.1743, gewesen sein.<br \/>\n<\/strong><br \/>\nOb er den Namen Kroyhofer angenommen hat, ist unbeweisbar, denn damals war es vielfach so, dass bei den Eintragungen in den Taufmatriken pl\u00f6tzlich der Hofname zum Familiennamen \u201emutierte\u201c und das hing wieder von der Genauigkeit der Pfarrer ab. Regeln gab es daf\u00fcr zu jener Zeit noch keine &#8211; die wurden erst um 1850 fixiert, so die Auskunft im \u00d6sterr. Staatsarchiv im Jahre 2007. Jedenfalls hatte Bromberg ab 1765 den Pfarrer Aquilin Ehegartner und der hat vielleicht diese Mutation geschaffen, denn:<\/p>\n<p>Der Sohn des Andreas W. namens Leopold wurde als <strong>Kroyhofer, 15.11.1772<\/strong>, ins Taufbuch eingetragen!<\/p>\n<p><em>Hinweis: Wann und ob nach Andreas, sein Sohn Leopold den Hof \u00fcbernommen hat oder ob der Hof gleich an dessen Sohn Bernhard \u00fcberging, war f\u00fcr mich nicht kl\u00e4rbar.<\/em><\/p>\n<p>Dieser <strong>Bernhard Kroihofer, 26.5.1811, hat am 13.6.1836 die Katharina Binder, 24.11.1806<\/strong>, von Eichberg geheiratet. <strong>Bernhard K.<\/strong> ist in den Sterbematriken von Bromberg als <strong>\u201eGroihofer\u201c<\/strong> vermerkt und <strong>starb am 22.10.1874 an Lungentuberkulose<\/strong>.<\/p>\n<p><em>Anmerkung: Hier \u201eflunkert\u201c Anna Handler in ihrer Groihof-Erz\u00e4hlung, da sie ihn schon viel fr\u00fcher sterben lie\u00df.<br \/>\n<\/em><br \/>\nBernhard und seine Frau d\u00fcrften wegen seines Leidens den Neffen <strong>Anton Binder, geboren 29.12.1848 in Eichberg als Sohn des Johann Binder, 4.6.1814<\/strong>, als Hilfskraft auf den Kroyhof geholt haben (etwa zu Mitte der 60er-Jahre des 19. Jhdts.).<\/p>\n<p>Dieser Anton Binder \u201eerbte\u201c dann wohl den Hof und heiratete am 26.1.1875 in Bromberg die am 7.3.1856 geborene <strong>Maria Ofenb\u00f6ck<\/strong> aus Reitersberg. Sie hat ihren Mann mit Arsen umgebracht. Anton Binder verstarb am 4.1.1880.<\/p>\n<p><strong>Das war aber noch nicht alles. Maria Binder heiratete in der Folge ihre Jugendliebe Michael Jeitler und t\u00f6tete ihn ebenfalls. Sie d\u00fcrfte ihn im Wald erschlagen und danach &#8211; mit Hilfe ihres Bruders &#8211; im h\u00e4uslichen Backofen verbrannt haben. <\/strong><\/p>\n<p>Sie wurde am 10.12.1888 wegen dieser Morde zum Tode verurteilt (und sp\u00e4ter m\u00f6glicherweise zu \u201eLebenslang\u201c begnadigt).<\/p>\n<blockquote><p><strong>Fazit<\/strong>:<br \/>\nJedenfalls zweigt unsere direkte Linie ab Simons S\u00f6hnen Gregor und Andreas voneinander ab:<\/p>\n<ul>\n<li>die <strong>Gregor Windbichler-Nachkommen<\/strong> wurden zumindest zum Teil Gewerbetreibende nach Mitte des 18. Jhdts.,<\/li>\n<li>die <strong>Andreas Windbichler-Nachkommen (oder verwandte Mitbewohner) <\/strong>blieben als Bauern am Groihof. Allerdings dann unter dem Namen K(G)roihofer und das noch bis Mitte des 19. Jhdts.<\/li>\n<\/ul>\n<\/blockquote>\n<p><a href=\"http:\/\/wibi.homeip.net\/hub\/familie\/?page_id=16\">&lt;&lt; Voriges Kapitel<\/a> | <a href=\"http:\/\/wibi.homeip.net\/hub\/familie\/?page_id=21\">N\u00e4chstes Kapitel &gt;&gt;<\/a><\/p>\n","protected":false},"excerpt":{"rendered":"<p>Kreuchhof &#8211; Grubhof &#8211; Groihof Im Zuge meiner famili\u00e4ren Nachforschungen kam ich drauf, dass der 1451 erstmals erw\u00e4hnte Kreuchhof, der sich dann zum Grubhof und &#8211; im Lauf der Sprachschlampereien &#8211; zum Groihof wandelte, viele Jahre der Sitz meiner direkten Vorfahren war. Wie sich aus dem Dokument Nr. 2732, einsehbar im N\u00f6. Landesarchiv, herauslesen l\u00e4sst, [&hellip;]<\/p>\n","protected":false},"author":2,"featured_media":0,"parent":6,"menu_order":0,"comment_status":"open","ping_status":"open","template":"chapter.php","meta":{"footnotes":""},"class_list":["post-19","page","type-page","status-publish","hentry"],"_links":{"self":[{"href":"https:\/\/wibi.homeip.net\/hub\/familie\/wp-json\/wp\/v2\/pages\/19","targetHints":{"allow":["GET"]}}],"collection":[{"href":"https:\/\/wibi.homeip.net\/hub\/familie\/wp-json\/wp\/v2\/pages"}],"about":[{"href":"https:\/\/wibi.homeip.net\/hub\/familie\/wp-json\/wp\/v2\/types\/page"}],"author":[{"embeddable":true,"href":"https:\/\/wibi.homeip.net\/hub\/familie\/wp-json\/wp\/v2\/users\/2"}],"replies":[{"embeddable":true,"href":"https:\/\/wibi.homeip.net\/hub\/familie\/wp-json\/wp\/v2\/comments?post=19"}],"version-history":[{"count":6,"href":"https:\/\/wibi.homeip.net\/hub\/familie\/wp-json\/wp\/v2\/pages\/19\/revisions"}],"predecessor-version":[{"id":485,"href":"https:\/\/wibi.homeip.net\/hub\/familie\/wp-json\/wp\/v2\/pages\/19\/revisions\/485"}],"up":[{"embeddable":true,"href":"https:\/\/wibi.homeip.net\/hub\/familie\/wp-json\/wp\/v2\/pages\/6"}],"wp:attachment":[{"href":"https:\/\/wibi.homeip.net\/hub\/familie\/wp-json\/wp\/v2\/media?parent=19"}],"curies":[{"name":"wp","href":"https:\/\/api.w.org\/{rel}","templated":true}]}}