{"id":26,"date":"2007-10-21T13:57:51","date_gmt":"2007-10-21T11:57:51","guid":{"rendered":"http:\/\/wibi.homeip.net\/wp_fam\/?page_id=26"},"modified":"2023-05-21T12:17:28","modified_gmt":"2023-05-21T10:17:28","slug":"kapitel-10-uber-mich-johann-iv","status":"publish","type":"page","link":"https:\/\/wibi.homeip.net\/hub\/familie\/titelseite\/kapitel-10-uber-mich-johann-iv\/","title":{"rendered":"Kapitel 10: Johann IV."},"content":{"rendered":"<p><strong>Johann (Franz Karl) Windbichler IV.,<br \/>\ngeb. 14.4.1940<\/strong><\/p>\n<p><em>Vorweg sei festgehalten, dass ich in weiteren \u201eWerken\u201c \u00fcber meine Kindheit und Jugend und \u00fcber meinen Berufs- und Lebensweg ausf\u00fchrlich berichten will\/werde.<\/em><\/p>\n<p><a href=\"https:\/\/wibi.homeip.net\/hub\/familie\/wp-content\/uploads\/sites\/5\/2023\/05\/38.jpg\"><img loading=\"lazy\" decoding=\"async\" class=\"alignleft wp-image-213 size-full\" src=\"https:\/\/wibi.homeip.net\/hub\/familie\/wp-content\/uploads\/sites\/5\/2023\/05\/Bild-38-Johann-IV_framed.png\" alt=\"\" width=\"136\" height=\"182\" \/><\/a><\/p>\n<p>Daher hier nur soviel:<\/p>\n<p>Mein 1. Vorname passt in die langj\u00e4hrige Windbichlergewohnheit, die Kinder Johann zu nennen. Das war so ab 1838. Erst meine Frau und ich haben mit der Tradition gebrochen und so heisst J\u00f6rg eben J\u00f6rg und Johannes war schon wieder eine leichte \u201eVerbeugung\u201c vor der Familientradition. Diese Tradition mit den Initialen \u201e<strong>J.W.<\/strong>\u201c f\u00fchrten J\u00f6rg und Martina auch bei unseren Enkelkindern Jacob und Johanna weiter.<\/p>\n<p>Der 2. Vorname Franz soll an den Vater meiner Mutter erinnern und der 3. Vorname Karl an die Taufpatin Karoline, meine Gro\u00dfmutter.<\/p>\n<p>Nach der Volksschule in Bromberg besuchte ich die Hauptschule in Wr. Neustadt, wo ich ab 1950 bei Privaten auch bei Kost und Quartier w\u00e4hrend der Woche wohnte. Das war am Anfang heimwehbedingt sehr hart f\u00fcr mich, f\u00fchrte aber dazu, dass ich mir mit dem \u00dcbertritt in die Handelsakademie mit vierzehn eine erste eigene \u201eBude\u201c suchte.<\/p>\n<p>Nach der Matura begann ich an der Hochschule f\u00fcr Welthandel (heute: Wirtschaftsuniversit\u00e4t) zu studieren. Zumindest f\u00fcr 2 Monate, denn dann suchte ich mir einen Job, den ich mit Hilfe meines Vaters und eines seiner Cousins bei der damaligen \u00d6sterreichischen L\u00e4nderbank auch fand. Nie wollte ich im Bankgesch\u00e4ft bleiben. Aber nachdem ich \u201eals Werkstudent\u201c den Grad eines Diplomkaufmanns erworben hatte und nach mehreren Monaten Zwischenspiel im elterlichen Gesch\u00e4ft landete ich als Bankpr\u00fcfer (Revisor) im Raiffeisenkassenbereich.<\/p>\n<p>Am 30.9.1967 heirateten <strong><em>Elisabeth<\/em><\/strong> Buchleitner und ich. Wir bekamen zwei S\u00f6hne: <strong><em>J\u00f6rg<\/em><\/strong>, 23.4.1969, und <strong><em>Johannes<\/em><\/strong>, 23.2.1973.<\/p>\n<p><a href=\"https:\/\/wibi.homeip.net\/hub\/familie\/wp-content\/uploads\/sites\/5\/2023\/05\/39.jpg\"><img loading=\"lazy\" decoding=\"async\" class=\"alignleft wp-image-214 size-full\" src=\"https:\/\/wibi.homeip.net\/hub\/familie\/wp-content\/uploads\/sites\/5\/2023\/05\/Bild-39-Elisabeth_framed.png\" alt=\"\" width=\"136\" height=\"182\" \/><\/a><\/p>\n<p>&nbsp;<\/p>\n<p>&nbsp;<\/p>\n<p>&nbsp;<\/p>\n<p>&nbsp;<\/p>\n<p>&nbsp;<\/p>\n<p>&nbsp;<\/p>\n<p><a href=\"https:\/\/wibi.homeip.net\/hub\/familie\/wp-content\/uploads\/sites\/5\/2023\/05\/40.jpg\"><img loading=\"lazy\" decoding=\"async\" class=\"alignleft wp-image-215 size-full\" src=\"https:\/\/wibi.homeip.net\/hub\/familie\/wp-content\/uploads\/sites\/5\/2023\/05\/Bild-40-Johannes-Jorg-Anfang-1975_framed.png\" alt=\"\" width=\"182\" height=\"140\" \/><\/a><\/p>\n<p>&nbsp;<\/p>\n<p>&nbsp;<\/p>\n<p>&nbsp;<\/p>\n<p>&nbsp;<\/p>\n<p>&nbsp;<\/p>\n<p><a href=\"https:\/\/wibi.homeip.net\/hub\/familie\/wp-content\/uploads\/sites\/5\/2023\/05\/41.jpg\"><img loading=\"lazy\" decoding=\"async\" class=\"alignleft wp-image-216 size-full\" src=\"https:\/\/wibi.homeip.net\/hub\/familie\/wp-content\/uploads\/sites\/5\/2023\/05\/Bild-41-Jorgs-Familie-2007-v.l.n.r_framed.png\" alt=\"\" width=\"182\" height=\"136\" \/><\/a><\/p>\n<p>&nbsp;<\/p>\n<p>&nbsp;<\/p>\n<p>&nbsp;<\/p>\n<p>&nbsp;<\/p>\n<p>&nbsp;<\/p>\n<p><a href=\"https:\/\/wibi.homeip.net\/hub\/familie\/wp-content\/uploads\/sites\/5\/2023\/05\/42.jpg\"><img loading=\"lazy\" decoding=\"async\" class=\"alignleft wp-image-217 size-full\" src=\"https:\/\/wibi.homeip.net\/hub\/familie\/wp-content\/uploads\/sites\/5\/2023\/05\/Bild-42-Johannes-Sonja-2007_framed.png\" alt=\"\" width=\"182\" height=\"129\" \/><\/a><\/p>\n<p>&nbsp;<\/p>\n<p>&nbsp;<\/p>\n<p>&nbsp;<\/p>\n<p>&nbsp;<\/p>\n<p>1969 vertraute man mir den Aufbau eines Sektorrechenzentrums f\u00fcr N.\u00d6.-Wien an, dessen Gesch\u00e4fte ich bis 1986 f\u00fchrte.<\/p>\n<p>Da ereilte mich der Ruf in die Gesch\u00e4ftsleitung der Raiffeisenlandesbank N.\u00d6.-Wien, deren Generaldirektor ich im Mai 1990 wurde und bis zum \u00dcbertritt in den ersehnten Ruhestand (ab 1.9.1998) auch blieb.<\/p>\n<p><em>Alle weiteren Details zu mir (Ehe, Familie, Krankheiten, Sport usw): siehe obige Einleitung.<\/em><\/p>\n<p><a href=\"http:\/\/wibi.homeip.net\/hub\/familie\/?page_id=25\">&lt;&lt; Voriges Kapitel<\/a> | <a href=\"http:\/\/wibi.homeip.net\/hub\/familie\/?page_id=27\">N\u00e4chstes Kapitel &gt;&gt;<\/a><\/p>\n","protected":false},"excerpt":{"rendered":"<p>Johann (Franz Karl) Windbichler IV., geb. 14.4.1940 Vorweg sei festgehalten, dass ich in weiteren \u201eWerken\u201c \u00fcber meine Kindheit und Jugend und \u00fcber meinen Berufs- und Lebensweg ausf\u00fchrlich berichten will\/werde. Daher hier nur soviel: Mein 1. Vorname passt in die langj\u00e4hrige Windbichlergewohnheit, die Kinder Johann zu nennen. Das war so ab 1838. Erst meine Frau und [&hellip;]<\/p>\n","protected":false},"author":2,"featured_media":0,"parent":6,"menu_order":0,"comment_status":"open","ping_status":"open","template":"chapter.php","meta":{"footnotes":""},"class_list":["post-26","page","type-page","status-publish","hentry"],"_links":{"self":[{"href":"https:\/\/wibi.homeip.net\/hub\/familie\/wp-json\/wp\/v2\/pages\/26","targetHints":{"allow":["GET"]}}],"collection":[{"href":"https:\/\/wibi.homeip.net\/hub\/familie\/wp-json\/wp\/v2\/pages"}],"about":[{"href":"https:\/\/wibi.homeip.net\/hub\/familie\/wp-json\/wp\/v2\/types\/page"}],"author":[{"embeddable":true,"href":"https:\/\/wibi.homeip.net\/hub\/familie\/wp-json\/wp\/v2\/users\/2"}],"replies":[{"embeddable":true,"href":"https:\/\/wibi.homeip.net\/hub\/familie\/wp-json\/wp\/v2\/comments?post=26"}],"version-history":[{"count":10,"href":"https:\/\/wibi.homeip.net\/hub\/familie\/wp-json\/wp\/v2\/pages\/26\/revisions"}],"predecessor-version":[{"id":352,"href":"https:\/\/wibi.homeip.net\/hub\/familie\/wp-json\/wp\/v2\/pages\/26\/revisions\/352"}],"up":[{"embeddable":true,"href":"https:\/\/wibi.homeip.net\/hub\/familie\/wp-json\/wp\/v2\/pages\/6"}],"wp:attachment":[{"href":"https:\/\/wibi.homeip.net\/hub\/familie\/wp-json\/wp\/v2\/media?parent=26"}],"curies":[{"name":"wp","href":"https:\/\/api.w.org\/{rel}","templated":true}]}}