{"id":27,"date":"2007-10-21T13:59:10","date_gmt":"2007-10-21T11:59:10","guid":{"rendered":"http:\/\/wibi.homeip.net\/wp_fam\/?page_id=27"},"modified":"2023-05-22T08:01:45","modified_gmt":"2023-05-22T06:01:45","slug":"kapitel-11-die-frauen-der-windbichlers","status":"publish","type":"page","link":"https:\/\/wibi.homeip.net\/hub\/familie\/titelseite\/kapitel-11-die-frauen-der-windbichlers\/","title":{"rendered":"Kapitel 11: Die Frauen"},"content":{"rendered":"<p><em>Ehre, wem Ehre geb\u00fchrt.<\/em><\/p>\n<p>Denn die Frauen erst machen den M\u00e4nnern den Weg frei, damit diese sich profilieren k\u00f6nnen. Das ist heute so und das war gestern sicher nicht anders.<\/p>\n<p>Doch f\u00fcr die Frauen bleibt oft kein Platz in den Annalen. <em>So weit ich Daten und Unterlagen habe, will ich es anders versuchen.<\/em><\/p>\n<p>Naturgem\u00e4\u00df ist von den Frauen aus fr\u00fchen Ahnentagen wenig \u00fcberliefert.<\/p>\n<p>Von der Mutter der 1651 geborenen Gertrude ist gerade einmal der Name <strong>Maria<\/strong> bekannt.<\/p>\n<p>Auch von <strong>Gertrude Windpichler<\/strong> ist lediglich das Geburtsdatum gegeben: 28.6.1651 und dass sie einen unehelichen Sohn namens <em>Johann<\/em> hatte, ferner dass sie am Grubhof lebte. Und sie, wie auch ihre Eltern, waren Zeitgenossen der Afra Schickh. (Siehe dazu <a href=\"http:\/\/wibi.homeip.net\/hub\/familie\/?page_id=37\" target=\"_blank\" rel=\"noopener\">Details<\/a>)<\/p>\n<p>Die Frau von Gertrudes Sohn hie\u00df <strong>Anna<\/strong> und sie hatten mehrere Kinder.<\/p>\n<p>Auch nicht wirklich mehr wei\u00df man \u00fcber die n\u00e4chste Generation: Von Simons Frau <strong>Maria<\/strong> wei\u00df man, dass sie am 10. 2. 1732 heiratete und zumindest drei Kinder hatte.<\/p>\n<p>Von <strong>Theresia<\/strong>, geb. Puz, der N\u00e4chsten in der Reihe, kennt man wenigstens schon die Elternnamen: Martin und Regina Puz. Doch wo die lebten ist offen.<\/p>\n<p>Die <strong>Anna Maria Langin<\/strong>, welche mit Peter Windbichler von 1819 bis 1830 verheiratet war, und im Weg \u00fcber ihre Mutter und ihren Stiefvater J. P. Wazilek das alte Steinhaus in die Windbichler- Familie einbrachte, war zwar Analphabetin, aber offenbar doch recht t\u00fcchtig, denn sie d\u00fcrfte nach (oder neben) ihrer Mutter die kleine Kr\u00e4merei weitergef\u00fchrt haben, die eigentlich auf ihren Vater Franz Lang zur\u00fcckgeht. Kinder mit Peter W. hatte sie nicht, wohl aber einen unehelichen Sohn, dessen Vater durchaus bekannt war.<\/p>\n<p>Nach ihrem Tod heiratete Peter W. binnen drei (!) Monaten, die <strong>Katharina<\/strong>, geb. Grabner (12. 8. 1802 &#8211; 12. 9. 1881), Tochter des Andreas Grabner, geb. 1761, gest. 2.1.1842, und dessen Frau Anna, geb. Hackl, geb. 1756, gest. 22.11.1833. Der Vater Andreas war Schmiedemeister in Oberschlatten (Hausname \u201eTrauerschmied\u201c). Sie hatte mit Peter W. drei Kinder und \u00fcberlebte ihren Mann um rund 27 Jahre.<\/p>\n<p>Der 1838 geborene Sohn Johann ehelichte die <strong>Viktoria<\/strong>, geb. Platzer, 4. 3. 1837, aus Tuschkau, ca 60 km s\u00fcdwestlich von Prag gelegen. Sie war die Tochter eines dortigen Kleinbauern und war durch f\u00fcnf Jahre bei ihrem Onkel, Alois Schleuchert, Nagelfabrikant in Schlatten, als Haush\u00e4lterin t\u00e4tig gewesen. Mit meinem Urgro\u00dfvater hatte sie f\u00fcnf Kinder. Sie mu\u00df eine gutm\u00fctige und auch gutgl\u00e4ubige Person gewesen sein, sonst h\u00e4tte sie des Urgro\u00dfvaters finanzielle Eskapaden nicht so hingenommen. Sie starb 1907. Von ihr gibt es wenigstens schon Bilder.<\/p>\n<p><a href=\"https:\/\/wibi.homeip.net\/hub\/familie\/wp-content\/uploads\/sites\/5\/2023\/05\/22.jpg\"><img loading=\"lazy\" decoding=\"async\" class=\"alignleft wp-image-195 size-full\" src=\"https:\/\/wibi.homeip.net\/hub\/familie\/wp-content\/uploads\/sites\/5\/2023\/05\/Bild-22-Urgroeltern_framed.png\" alt=\"\" width=\"136\" height=\"182\" \/><\/a><a href=\"https:\/\/wibi.homeip.net\/hub\/familie\/wp-content\/uploads\/sites\/5\/2023\/05\/23.jpg\"><img loading=\"lazy\" decoding=\"async\" class=\"alignleft wp-image-196 size-full\" src=\"https:\/\/wibi.homeip.net\/hub\/familie\/wp-content\/uploads\/sites\/5\/2023\/05\/Bild-23-Urgrovater-mit-Familie_framed.png\" alt=\"\" width=\"135\" height=\"182\" \/><\/a><\/p>\n<p>&nbsp;<\/p>\n<p>&nbsp;<\/p>\n<p>&nbsp;<\/p>\n<p>&nbsp;<\/p>\n<p>&nbsp;<\/p>\n<p>&nbsp;<\/p>\n<p>Der Gro\u00dfvater, geb. 1866, war in erster Ehe mit der Wiener Neust\u00e4dter Fleischhauerstochter <strong>Josefine<\/strong> Bauer verheiratet (Hochzeit 11.2.1899). Von ihr gibt es, au\u00dfer ihrem Todesdatum (10. 2. 1910) und dass sie zwei Knaben tot geboren hatte, keine weiteren Informationen. Wohl aber das Hochzeitsbild dieser sehr sch\u00f6nen Frau.<\/p>\n<p><a href=\"https:\/\/wibi.homeip.net\/hub\/familie\/wp-content\/uploads\/sites\/5\/2023\/05\/30.jpg\"><img loading=\"lazy\" decoding=\"async\" class=\"alignleft wp-image-204 size-full\" src=\"https:\/\/wibi.homeip.net\/hub\/familie\/wp-content\/uploads\/sites\/5\/2023\/05\/Bild-30-Grovater-mit-1_framed.png\" alt=\"\" width=\"136\" height=\"182\" \/><\/a><\/p>\n<p>&nbsp;<\/p>\n<p>&nbsp;<\/p>\n<p>&nbsp;<\/p>\n<p>&nbsp;<\/p>\n<p>&nbsp;<\/p>\n<p>&nbsp;<\/p>\n<p>Der Ehepakt mit Gro\u00dfvater liegt ebenfalls im Original vor, doch enth\u00e4lt er leider keinerlei pers\u00f6nliche Daten der Braut.<\/p>\n<p>Mir ist aus Erz\u00e4hlungen meines Vater in Erinnerung, dass diverse Angeh\u00f6rige der Josefine Bauer auch lange nach deren fr\u00fchen Tod immer noch die Windbichlers, und hier insbesondere die Schwester Eleonore des Gro\u00dfvaters, \u201eheimsuchten\u201c, und ihnen diese stets aus dem glaublich von ihr weitergef\u00fchrten Gesch\u00e4ft im Althaus Nr. 115 allerlei Waren ohne Gegenleistung abgab, bis mein Vater dem ein Ende bereitete. Er sagte mir im Detail nicht wie, aber sanft ging es dabei eher nicht zu.<\/p>\n<p>Gro\u00dfvater heiratete schon ein Jahr nach dem Tod der ersten Gattin, n\u00e4mlich am 11. 2. 1911, die <strong>Karoline<\/strong> Grobitsch aus Thernberg. Am 30.11.1911 wurde Sohn Johann, mein Vater, geboren. Mehr Kinder hatten sie nicht. Gro\u00dfmutter Karoline ist am 4.10.1884 als Tochter des Karl, 2.9.1858, und der Franziska Grobitsch, geborene Zimmermann aus Litschau 27.3.1865, die am 26.2.1884 geheiratet hatten, zur Welt gekommen. (Die Eltern der Franziska G. heirateten in Litschau erst am 15.5.1866 \u2013 da konnte Klein-Franziska sicher schon ein wenig (mit)laufen).<\/p>\n<p>Gro\u00dfmutter Karoline hat sich f\u00fcr das Gesch\u00e4ft im neuen Haus Nr. 16 auch einen Gewerbeschein besorgt und von 1924 \u2013 1928, nach der Pensionierung ihres Mannes, offiziell noch die Post gef\u00fchrt. Siehe dazu <a href=\"http:\/\/wibi.homeip.net\/hub\/familie\/?page_id=59\" target=\"_blank\" rel=\"noopener\">Dokument von 1911<\/a>.<\/p>\n<p>Ich habe sie noch sehr gut in Erinnerung, denn als sie starb<br \/>\n(am 9. 6. 1969) war ich l\u00e4ngst erwachsen und verheiratet und sie sah daher auch noch ihren Urenkel J\u00f6rg.<\/p>\n<p><strong>Hildegard<\/strong> Roggenburg, meine Mutter, die am 21. 3.1916 geboren wurde, meinen Vater am 25.6.1939 heiratete und mich am 14.4.1940 gebar, war die Tochter des Franz und der Apollonia Roggenburg.<br \/>\nEr war Tischlermeister, seine Frau betrieb ein Gemischt-warengesch\u00e4ft.<\/p>\n<p><a href=\"https:\/\/wibi.homeip.net\/hub\/familie\/wp-content\/uploads\/sites\/5\/2023\/05\/44.jpg\"><img loading=\"lazy\" decoding=\"async\" class=\"wp-image-219 size-full alignleft\" src=\"https:\/\/wibi.homeip.net\/hub\/familie\/wp-content\/uploads\/sites\/5\/2023\/05\/Bild-44-Roggenburgclan-vor-1930_framed.png\" alt=\"\" width=\"182\" height=\"136\" \/><\/a><\/p>\n<p><a href=\"https:\/\/wibi.homeip.net\/hub\/familie\/wp-content\/uploads\/sites\/5\/2023\/05\/45.jpg\"><img loading=\"lazy\" decoding=\"async\" class=\"wp-image-220 size-full alignleft\" src=\"https:\/\/wibi.homeip.net\/hub\/familie\/wp-content\/uploads\/sites\/5\/2023\/05\/Bild-45-Roggenburghaus-vor-1945-davor-Dominivilla-links-Spritzenhaus_framed.png\" alt=\"\" width=\"182\" height=\"112\" \/><\/a><\/p>\n<p>&nbsp;<\/p>\n<p>&nbsp;<\/p>\n<p>&nbsp;<\/p>\n<p>&nbsp;<\/p>\n<p>Meine Mutter hatte einen Bruder (Franz, der sich als Nazi im Jahre 1945 zusammen mit seiner Frau erh\u00e4ngte) und vier Schwestern: Gisela (Tochter Erika, 1940 ), Josefine (eine Tochter, die mit 4 Jahren starb, Sohn Josef, 1936) und Theresia (Sohn Johann, 1927) sowie Maria (ledig, kinderlos).<\/p>\n<p><a href=\"https:\/\/wibi.homeip.net\/hub\/familie\/wp-content\/uploads\/sites\/5\/2023\/05\/46.jpg\"><img loading=\"lazy\" decoding=\"async\" class=\"alignleft wp-image-221 size-full\" src=\"https:\/\/wibi.homeip.net\/hub\/familie\/wp-content\/uploads\/sites\/5\/2023\/05\/Bild-46-Cousintreffen-1942_framed.png\" alt=\"\" width=\"182\" height=\"136\" \/><\/a><\/p>\n<p>&nbsp;<\/p>\n<p>&nbsp;<\/p>\n<p>&nbsp;<\/p>\n<p>&nbsp;<\/p>\n<p>W\u00e4hrend der Kriegsjahre hatte sie es nicht leicht, musste sie doch das Gesch\u00e4ft zeitweise mehr oder weniger alleine f\u00fchren. Sie meisterte das aber sehr gut.<\/p>\n<p>Im Jahre 1953 (22.3.) brachte sie meinen Bruder <strong><em>Franz<\/em><\/strong>\u00a0zur Welt.<\/p>\n<p><a href=\"https:\/\/wibi.homeip.net\/hub\/familie\/wp-content\/uploads\/sites\/5\/2023\/05\/43.jpg\"><img loading=\"lazy\" decoding=\"async\" class=\"wp-image-218 size-full alignleft\" src=\"https:\/\/wibi.homeip.net\/hub\/familie\/wp-content\/uploads\/sites\/5\/2023\/05\/Bild-43-Mein-Bruder-Franz-2007_framed.png\" alt=\"\" width=\"142\" height=\"144\" \/><\/a><\/p>\n<p>&nbsp;<\/p>\n<p>&nbsp;<\/p>\n<p>&nbsp;<\/p>\n<p>&nbsp;<\/p>\n<p>Der Tod meines Vaters im Jahre 1986 st\u00fcrzte sie in eine tiefe Trauer, die ihrer Krankheit (Parkinson) nicht eben f\u00f6rderlich war. Sie starb an und nach ihrem langen und schweren Leiden am 29.8.1998.<\/p>\n<p>Meine Frau <strong>Elisabeth<\/strong> Buchleitner wurde am 22.5.1943 in Thernberg geboren. Eltern: Josef, Kaufmann, geb. 16.8.1898, als Sohn eines Gro\u00dfbauern, und Maria, geb. Koller, 8.9.1904, als eines von sieben Kindern eines Kleinh\u00e4uslers\/Webers. Die Mutter war vor ihrer Heirat Pfarrersk\u00f6chin. Elisabeths Geschwister: C\u00e4cilia, geb. 1939, Maria, geb. 1942, Agnes, geb. 1945. Ein Bruder verstarb mit wenigen Jahren lange vor Elisabeths Geburt.<\/p>\n<p><a href=\"https:\/\/wibi.homeip.net\/hub\/familie\/wp-content\/uploads\/sites\/5\/2023\/05\/47.jpg\"><img loading=\"lazy\" decoding=\"async\" class=\"alignleft wp-image-222 size-full\" src=\"https:\/\/wibi.homeip.net\/hub\/familie\/wp-content\/uploads\/sites\/5\/2023\/05\/Bild-47-Buchleitners-1960_framed.png\" alt=\"\" width=\"182\" height=\"122\" \/><\/a><\/p>\n<p>&nbsp;<\/p>\n<p>&nbsp;<\/p>\n<p>&nbsp;<\/p>\n<p>&nbsp;<\/p>\n<p>Elisabeth ging in Thernberg in die Volksschule, nach Erlach in die Hauptschule, dann in die dreij\u00e4hrige Hauswirtschaftsschule in Wr. Neustadt und entschied sich dann f\u00fcr den Beruf einer Sozialarbeiterin (Diplom-Jugendf\u00fcrsorgerin hie\u00df das damals), zu dem sie in der Sozialakademie in Wien ausgebildet wurde. Danach arbeitete sie in ihrem Beruf bei der BH Wr. Neustadt.<\/p>\n<p>Am 30.9.1967 haben wir geheiratet. Am 23.4.1969 kam <strong><em>J\u00f6rg<\/em><\/strong> und am 23.2.1973 <strong><em>Johannes<\/em><\/strong> zur Welt.<\/p>\n<p>Elisabeth hat die \u201eAufzucht\u201c der Kinder erfolgreich in ihre erfahrenen H\u00e4nde genommen und f\u00fcr uns eine tolle Wohnung in Wien ausgesucht und adaptiert. So wie sie auch den Umbau unseres Hauses in Bromberg im Jahre 1998, unterst\u00fctzt von Johannes, fast im Alleingang gemeistert hat.<\/p>\n<p><a href=\"http:\/\/wibi.homeip.net\/hub\/familie\/?page_id=26\">&lt;&lt; Voriges Kapitel<\/a> | <a href=\"http:\/\/wibi.homeip.net\/hub\/familie\/?page_id=28\">N\u00e4chstes Kapitel &gt;&gt;<\/a><\/p>\n","protected":false},"excerpt":{"rendered":"<p>Ehre, wem Ehre geb\u00fchrt. Denn die Frauen erst machen den M\u00e4nnern den Weg frei, damit diese sich profilieren k\u00f6nnen. Das ist heute so und das war gestern sicher nicht anders. Doch f\u00fcr die Frauen bleibt oft kein Platz in den Annalen. So weit ich Daten und Unterlagen habe, will ich es anders versuchen. Naturgem\u00e4\u00df ist [&hellip;]<\/p>\n","protected":false},"author":2,"featured_media":0,"parent":6,"menu_order":0,"comment_status":"open","ping_status":"open","template":"chapter.php","meta":{"footnotes":""},"class_list":["post-27","page","type-page","status-publish","hentry"],"_links":{"self":[{"href":"https:\/\/wibi.homeip.net\/hub\/familie\/wp-json\/wp\/v2\/pages\/27","targetHints":{"allow":["GET"]}}],"collection":[{"href":"https:\/\/wibi.homeip.net\/hub\/familie\/wp-json\/wp\/v2\/pages"}],"about":[{"href":"https:\/\/wibi.homeip.net\/hub\/familie\/wp-json\/wp\/v2\/types\/page"}],"author":[{"embeddable":true,"href":"https:\/\/wibi.homeip.net\/hub\/familie\/wp-json\/wp\/v2\/users\/2"}],"replies":[{"embeddable":true,"href":"https:\/\/wibi.homeip.net\/hub\/familie\/wp-json\/wp\/v2\/comments?post=27"}],"version-history":[{"count":9,"href":"https:\/\/wibi.homeip.net\/hub\/familie\/wp-json\/wp\/v2\/pages\/27\/revisions"}],"predecessor-version":[{"id":493,"href":"https:\/\/wibi.homeip.net\/hub\/familie\/wp-json\/wp\/v2\/pages\/27\/revisions\/493"}],"up":[{"embeddable":true,"href":"https:\/\/wibi.homeip.net\/hub\/familie\/wp-json\/wp\/v2\/pages\/6"}],"wp:attachment":[{"href":"https:\/\/wibi.homeip.net\/hub\/familie\/wp-json\/wp\/v2\/media?parent=27"}],"curies":[{"name":"wp","href":"https:\/\/api.w.org\/{rel}","templated":true}]}}