{"id":29,"date":"2007-10-21T14:03:29","date_gmt":"2007-10-21T12:03:29","guid":{"rendered":"http:\/\/wibi.homeip.net\/wp_fam\/?page_id=29"},"modified":"2023-05-22T08:02:23","modified_gmt":"2023-05-22T06:02:23","slug":"kapitel-13-marz-1938","status":"publish","type":"page","link":"https:\/\/wibi.homeip.net\/hub\/familie\/titelseite\/kapitel-13-marz-1938\/","title":{"rendered":"Kapitel 13: M\u00e4rz 1938"},"content":{"rendered":"<p><em>Hinweis: Die Kapitel 13 bis 15 beinhalten Eintragungen aus dem Gedenkbuch meines Gro\u00dfvaters Johann W. II, die sich mit den Ereignissen im M\u00e4rz 1938 (<a href=\"http:\/\/wibi.homeip.net\/hub\/familie\/?page_id=29\">Kapitel 13<\/a>), der Zeit des Kriegsendes zwischen April und Juni 1945 (<a href=\"http:\/\/wibi.homeip.net\/hub\/familie\/?page_id=30\">Kapitel 14<\/a>) und den Zust\u00e4nden im sowjetisch besetzten \u00d6sterreich (<a href=\"http:\/\/wibi.homeip.net\/hub\/familie\/?page_id=42\">Kapitel 15<\/a>) besch\u00e4ftigen. Im gedruckten Buch werden diese drei Kapitel unter dem Sondertitel <strong>&#8220;Die Tage, als aus \u00d6sterreich die Ostmark wurde und die Zeit, als der 2. Weltkrieg zu Ende ging&#8221;<\/strong> als eigenst\u00e4ndiger Teil gef\u00fchrt.<\/em><\/p>\n<p>08. 03.<br \/>\nSchuschnig verk\u00fcndet in Innsbruck, da\u00df eine Abstimmung stattfinden soll, ob das Volk von \u00d6sterreich f\u00fcr Schuschnig oder Hitler ist.<\/p>\n<p>11. 03.<br \/>\nAn diesem Freitag um 1\/2 4 Uhr fr\u00fch wurde Hansl zum Telefon gerufen. Obwohl er sich geweigert hat wurde ihm klargelegt, dass er als Desserteur behandelt w\u00fcrde, darauf ist er mit 10 Mann Heimwehr nach Wr. Neustadt einger\u00fcckt und kam Samstag abends nach Hause.<\/p>\n<p>Um 18 Uhr verk\u00fcndete Schuschnig, da\u00df eine Abstimmung nicht stattfindet.<\/p>\n<p>Um 18.19 Uhr ist Bundeskanzler Schuschnig von der Regierung zur\u00fcckgetreten.<\/p>\n<p>An demselben Tag war abends beim Baumgartner Wirt eine vaterl\u00e4ndische Versammlung, wo Propaganda gemacht wurde. Auf einmal \u00f6ffnete sich die T\u00fcr und Postmeister Provacnik brachte die Nachricht vom Telefon, da\u00df die Nationalsozialisten um 18.19 h die Regierung in Beschlag genommen haben.<\/p>\n<p>12. 03.<br \/>\nAm Samstag Vormittag wurden von den S.A. M\u00e4nnern L. Raifb\u00f6ck und Joh. Flonner die Schl\u00fcsseln zur Gemeindekanzlei in Beschlag genommen.<\/p>\n<p>Um 3 Uhr Nachmittag war die \u00dcbergabe s\u00e4mtlicher Gemeinde-gesch\u00e4fte und Kassagebarung.<\/p>\n<p>Gleichzeitig wurde eine Gemeindevertretung gew\u00e4hlt, u.zw. Ludw. Raifb\u00f6ck als Gemeindeverwalter und als Gemeinder\u00e4te F. Roggenburg jun., F. Piribauer jun, Heuer Franz, Flonner Joh., Presch Josef.<\/p>\n<p>13. 03.<br \/>\nWurde eine neue Gemeindevertretung gew\u00e4hlt, u. zw. wurde mir die B\u00fcrgermeisterstelle angetragen welche ich wegen meines Alters abgelehnt habe. Gew\u00e4hlt wurde folgend:<br \/>\nZum B\u00fcrgermeister Karl Eisinger N. 10 und G.R. Martin Handler, F. K\u00f6gler, F. Roggenburg j., F. Piribauer j., Hendling Jos. 99, Flonner Fr. u. Flonner Joh., Piribauer Joh. N 25, Stachl Joh. N 9.<\/p>\n<p>Am Vormittag wurde Hansl von 3 S.A. M\u00e4nnern verhaftet und das Auto in Beschlag genommen und wurde unter Bedeckung nach Pitten \u00fcberf\u00fchrt und konnte erst abends nach allen Ma\u00dfnahmen und mit Gestehung des H. Handler Gastwirt in Thernberg und F. Roggenburg j. ausgehoben werden. Er sollte sich gar vor Gericht stellen, was aber durch die Aufkl\u00e4rungen nicht notwendig war. Die Nationalen von Wiesmath Holzer und Wagerbauer haben sich auch um ihn angenommen.<\/p>\n<p>14. 03.<br \/>\nHitler kam um 4 &#8211; 5 Uhr nach Wien, wo derselbe mit einem riesigen Jubel empfangen wurde.<\/p>\n<p>15. 03.<br \/>\nHitler f\u00e4hrt nach M\u00fcnchen.<\/p>\n<p>27. 03.<br \/>\nWurde \u00fcber Auftrag der Bezirkshauptmannschaft eine neue Gemeindeverwaltung eingesetzt, u. zw. K. Eisinger 10 zum Gemeindeverwalter. Derselbe konnte sich 4 Beir\u00e4te selbst erw\u00e4hlen u. zw. J. Windbichler sen., Handler Martin 97, Piribauer Wirt u. K. Steiner Zimmermann N 158.<\/p>\n<p>28. 03.<br \/>\nH. G\u00f6ring in Wr. Neustadt.<\/p>\n<p><a href=\"http:\/\/wibi.homeip.net\/hub\/familie\/?page_id=28\">&lt;&lt; Voriges Kapitel<\/a> | <a href=\"http:\/\/wibi.homeip.net\/hub\/familie\/?page_id=30\">N\u00e4chstes Kapitel &gt;&gt;<\/a><\/p>\n","protected":false},"excerpt":{"rendered":"<p>Hinweis: Die Kapitel 13 bis 15 beinhalten Eintragungen aus dem Gedenkbuch meines Gro\u00dfvaters Johann W. II, die sich mit den Ereignissen im M\u00e4rz 1938 (Kapitel 13), der Zeit des Kriegsendes zwischen April und Juni 1945 (Kapitel 14) und den Zust\u00e4nden im sowjetisch besetzten \u00d6sterreich (Kapitel 15) besch\u00e4ftigen. Im gedruckten Buch werden diese drei Kapitel unter [&hellip;]<\/p>\n","protected":false},"author":2,"featured_media":0,"parent":6,"menu_order":0,"comment_status":"open","ping_status":"open","template":"chapter.php","meta":{"footnotes":""},"class_list":["post-29","page","type-page","status-publish","hentry"],"_links":{"self":[{"href":"https:\/\/wibi.homeip.net\/hub\/familie\/wp-json\/wp\/v2\/pages\/29","targetHints":{"allow":["GET"]}}],"collection":[{"href":"https:\/\/wibi.homeip.net\/hub\/familie\/wp-json\/wp\/v2\/pages"}],"about":[{"href":"https:\/\/wibi.homeip.net\/hub\/familie\/wp-json\/wp\/v2\/types\/page"}],"author":[{"embeddable":true,"href":"https:\/\/wibi.homeip.net\/hub\/familie\/wp-json\/wp\/v2\/users\/2"}],"replies":[{"embeddable":true,"href":"https:\/\/wibi.homeip.net\/hub\/familie\/wp-json\/wp\/v2\/comments?post=29"}],"version-history":[{"count":1,"href":"https:\/\/wibi.homeip.net\/hub\/familie\/wp-json\/wp\/v2\/pages\/29\/revisions"}],"predecessor-version":[{"id":494,"href":"https:\/\/wibi.homeip.net\/hub\/familie\/wp-json\/wp\/v2\/pages\/29\/revisions\/494"}],"up":[{"embeddable":true,"href":"https:\/\/wibi.homeip.net\/hub\/familie\/wp-json\/wp\/v2\/pages\/6"}],"wp:attachment":[{"href":"https:\/\/wibi.homeip.net\/hub\/familie\/wp-json\/wp\/v2\/media?parent=29"}],"curies":[{"name":"wp","href":"https:\/\/api.w.org\/{rel}","templated":true}]}}