{"id":33,"date":"2007-10-21T16:35:37","date_gmt":"2007-10-21T14:35:37","guid":{"rendered":"http:\/\/wibi.homeip.net\/wp_fam\/?page_id=33"},"modified":"2007-10-21T16:35:37","modified_gmt":"2007-10-21T14:35:37","slug":"anhang-3-amts-richter","status":"publish","type":"page","link":"https:\/\/wibi.homeip.net\/hub\/familie\/titelseite\/anhang\/anhang-3-amts-richter\/","title":{"rendered":"&#8220;Ambts-Richter&#8221;"},"content":{"rendered":"<p><em>In der Chronik<strong> \u201e850 Jahre Bromberg\u201c <\/strong>beginnt die Aufz\u00e4hlung der B\u00fcrgermeister, vormals \u201eAmtsrichter\u201c, mit <strong>Joseph Weninger von ? bis 1835<\/strong>.<\/em><\/p>\n<p>Bei Durchsicht der bei uns im Hause Nr. 115 gefundenen, inzwischen der Gemeinde Bromberg \u00fcbergebenen, alten Dokumente (das \u00e4lteste ist aus 1619) konnte ich einige Amtsrichter \u201erekonstruieren\u201c.<\/p>\n<p>Das Problem dabei ist, dass alle Schreiben der Obrigkeit an den jeweiligen Amtsrichter gerichtet waren, ohne dass dessen Name genannt wurde.<\/p>\n<p>So kann man nur aus Dokumenten, welche die Amtsrichter unterfertigt haben bzw. in welchen sie als Vertreter ihrer Gemeinde genannt waren, r\u00fcckschlie\u00dfen. <\/p>\n<blockquote><p>Bis 1850 gab es gew\u00e4hlte Amtsrichter.<br \/>\nAn der Spitze dieser Selbstverwaltung stand der Richter (Orts-, Dorf- oder Marktrichter). <\/p>\n<p>Er wurde von der Gemeinde gew\u00e4hlt, oder aus einem Dreier- vorschlag der Gemeinde von der Grundherrschaft bestimmt. Die Amtsdauer war meist auf ein Jahr beschr\u00e4nkt, er konnte aber wiedergew\u00e4hlt werden. <\/p>\n<p>Dem Richter standen ebenfalls gew\u00e4hlte \u201eGeschworene\u201c (sie mussten einen Schwur leisten) zur Seite. Wahlberechtigt waren nur die Bauern und Handwerker, nicht jedoch die Kleinh\u00e4usler und Inleute (Mitbewohner, Knechte, M\u00e4gde). <\/p>\n<p>Der Dorfrichter war Bindeglied zwischen Gemeinde und Grundherrschaft. Einerseits vertrat er die Gemeinde vor der Obrigkeit, er hatte aber auch f\u00fcr die Durchf\u00fchrung der Anordnungen zu sorgen. So war z.B. das Organisieren der Verpflegung f\u00fcr die durchziehenden Soldaten oder die Stellung der angeordneten Rekrutenzahl sicher keine angenehme Aufgabe. Diese Struktur kann als Vorl\u00e4ufer der heutigen Gemeindeverwaltung angesehen werden. <\/p>\n<p>Mit dem Revolutionsjahr 1848 begann die Neuordnung der Verwaltung. Im Jahr 1850 bildete man die Ortsgemeinden, welche durch die N\u00d6 Gemeindeordnung 1864 endg\u00fcltig fixiert wurden. Wahlberechtigt waren damals nur jene Grundbesitzer, die einen bestimmten Steuerbetrag leisteten. Erst 1907 durften alle M\u00e4nner w\u00e4hlen, und 1919 wurde das Frauenwahlrecht eingef\u00fchrt. <\/p><\/blockquote>\n<p>Die folgende Aufstellung der Amtsrichter und B\u00fcrgermeister f\u00fchrt sowohl Jahreszahlen aus konkreten Dokumenten an oder aber auch \u201ePerioden\u201c, wenn mehrere Dokumente vorlagen.<\/p>\n<p>Michael Sch\u00f6llhamer \t1720<\/p>\n<p>Urban Ei\u00dfner \t1730<\/p>\n<p>Georg Trauer \t1743 &#8211; 1749<\/p>\n<p>Mathias Mayr \t1752 &#8211; 1753<\/p>\n<p>Franz Wagenhofer \t1761<\/p>\n<p>Martin Windbichler \t1768 &#8211; 1777<\/p>\n<p>Mathias Ei\u00dfinger \t1782<\/p>\n<p>Dominikus Pamer \t1787<\/p>\n<p>Bernhardt Baumgartner \t1792<\/p>\n<p>Michael Gruber \t1812<\/p>\n<p>Georg F\u00fcrst \t1814 &#8211; 1826<\/p>\n<p>Georg Kattinger \t?<\/p>\n<p>Jakob Schwarz \t1828 &#8211; 1830<\/p>\n<p>Joseph Weninger \t? &#8211; 1835<\/p>\n<p>H\u00f6llwieser \t? &#8211; 1850<\/p>\n<p>Stachl Mathias \t1850 &#8211; 1859<\/p>\n<p>Steiner Josef \t1859 &#8211; 1863<\/p>\n<p>F\u00fcrst Johann \t1863 &#8211; 1876<\/p>\n<p>Dann kam der Urgro\u00dfvater\t1876 bis 1919<\/p>\n<p>und ihm folgte der Gro\u00dfvater \t1919 bis 1937<\/p>\n<p>Alles weitere: siehe Chronik \u201e850 Jahre Bromberg\u201c usw.<\/p>\n","protected":false},"excerpt":{"rendered":"<p>In der Chronik \u201e850 Jahre Bromberg\u201c beginnt die Aufz\u00e4hlung der B\u00fcrgermeister, vormals \u201eAmtsrichter\u201c, mit Joseph Weninger von ? bis 1835. Bei Durchsicht der bei uns im Hause Nr. 115 gefundenen, inzwischen der Gemeinde Bromberg \u00fcbergebenen, alten Dokumente (das \u00e4lteste ist aus 1619) konnte ich einige Amtsrichter \u201erekonstruieren\u201c. Das Problem dabei ist, dass alle Schreiben der [&hellip;]<\/p>\n","protected":false},"author":2,"featured_media":0,"parent":40,"menu_order":0,"comment_status":"open","ping_status":"open","template":"anhang.php","meta":{"footnotes":""},"class_list":["post-33","page","type-page","status-publish","hentry"],"_links":{"self":[{"href":"https:\/\/wibi.homeip.net\/hub\/familie\/wp-json\/wp\/v2\/pages\/33","targetHints":{"allow":["GET"]}}],"collection":[{"href":"https:\/\/wibi.homeip.net\/hub\/familie\/wp-json\/wp\/v2\/pages"}],"about":[{"href":"https:\/\/wibi.homeip.net\/hub\/familie\/wp-json\/wp\/v2\/types\/page"}],"author":[{"embeddable":true,"href":"https:\/\/wibi.homeip.net\/hub\/familie\/wp-json\/wp\/v2\/users\/2"}],"replies":[{"embeddable":true,"href":"https:\/\/wibi.homeip.net\/hub\/familie\/wp-json\/wp\/v2\/comments?post=33"}],"version-history":[{"count":0,"href":"https:\/\/wibi.homeip.net\/hub\/familie\/wp-json\/wp\/v2\/pages\/33\/revisions"}],"up":[{"embeddable":true,"href":"https:\/\/wibi.homeip.net\/hub\/familie\/wp-json\/wp\/v2\/pages\/40"}],"wp:attachment":[{"href":"https:\/\/wibi.homeip.net\/hub\/familie\/wp-json\/wp\/v2\/media?parent=33"}],"curies":[{"name":"wp","href":"https:\/\/api.w.org\/{rel}","templated":true}]}}