{"id":38,"date":"2007-10-21T16:43:18","date_gmt":"2007-10-21T14:43:18","guid":{"rendered":"http:\/\/wibi.homeip.net\/wp_fam\/?page_id=38"},"modified":"2023-05-20T22:59:43","modified_gmt":"2023-05-20T20:59:43","slug":"anhang-8-grundsituation-zwischen-uns-und-der-pfarrkirche","status":"publish","type":"page","link":"https:\/\/wibi.homeip.net\/hub\/familie\/titelseite\/anhang\/anhang-8-grundsituation-zwischen-uns-und-der-pfarrkirche\/","title":{"rendered":"Der Kirchengrund"},"content":{"rendered":"<p>Aus alten Unterlagen, etwa einem Teilungplan von 1884 bzw. einem Grundbesitzbogen von 1900, konnte ich die bisher eher unbefriedigende Grundgrenzsituation zwischen uns und der Pfarrkirche rekonstruieren (und kl\u00e4ren).<\/p>\n<p>Dabei wurde die Rekonstruktion aus einem Lageplan aus den 40er-Jahren des 20. Jhdts. vorgenommen, da im Teilungsplan von 1884 die Lage der Kirche v\u00f6llig falsch eingezeichnet gewesen war.<\/p>\n<p>1884 hat mein Urgro\u00dfvater 16 Quadratklafter (d.s. rd. 58 m2) von der Kirche zugekauft. Warum wird sich wohl nie mehr kl\u00e4ren lassen. Sinnvoll scheint mir der Kauf, wenn man sich ansieht, wohin die Grenzen gingen, nicht wirklich gewesen zu sein.<\/p>\n<p>Umso mehr, als offensichtlich die Grundgrenze zwischen uns und der Kirche genau an der Hausmauer des alten Hauses verlief und in der Folge mein Vater unser (heutiges) Wohnhaus ebenfalls die Grundgrenze entlang gebaut hat.<\/p>\n<p>W\u00e4hrend oder unmittelbar vor diesem Bau d\u00fcrfte die \u201ealte H\u00fctte\u201c abgerissen worden sein, die ihrerseits offenbar die weitere Grundgrenze markiert hatte.<\/p>\n<p>Daher hat sich mein Vater ab 1940 bem\u00fcht, diese Situation zu \u00e4ndern. Wohl kriegsbedingt zog sich diese \u00c4nderung bis 1950, wiewohl sie faktisch l\u00e4ngst vollzogen war.<\/p>\n<p>Vater verkaufte der Kirche von den szt. 58 m2 wieder 47 m2 und einen Zwickel von rd 27 m2 (wo zum Teil die \u201ealte H\u00fctte\u201c gestanden hatte) und \u201ekaufte\u201c rd 11 m2 dazu, sodass hinter unserem Haus, ausgehend etwa vom Eck des alten Hauses, nun 2 m breit unser Grund parallel zum neuen Haus verl\u00e4uft, weiter bis 19,05 m vom Eckpunkt, d.i. bis Mitte der (Friedhofs-) Mauer (oder sogar noch dar\u00fcber hinaus) sowie allem Anschein nach 70 bis 75 cm hinter dem alten Haus \u00fcber dessen ganze L\u00e4nge, um so bis zur Garten\/Friedhofs-Mauer eine Linie zu haben, wieder rd. 11 m2.<\/p>\n<p>Damit schl\u00e4gt sich die Transaktion im Grundbesitzbogen mit netto 52 m2 nieder:<\/p>\n<blockquote><p>Haus u. Grund 219 hatten 1900 755 m2 sowie der Zukauf von 1884 mit 58 m2,<\/p>\n<p>somit 813 m2. Mit der Transaktion per 1940\/50 von netto 52 m2 reduziert sich der<\/p>\n<p>Bestand \u201e219\u201c auf den noch heute g\u00fcltigen von 761 m2.<\/p><\/blockquote>\n<p><a href=\"https:\/\/wibi.homeip.net\/hub\/familie\/wp-content\/uploads\/sites\/5\/2023\/05\/48.jpg\"><img loading=\"lazy\" decoding=\"async\" class=\"wp-image-223 size-full alignleft\" src=\"https:\/\/wibi.homeip.net\/hub\/familie\/wp-content\/uploads\/sites\/5\/2023\/05\/Bild-48-Kirchengrund_framed.png\" alt=\"\" width=\"182\" height=\"138\" \/><\/a><a href=\"https:\/\/wibi.homeip.net\/hub\/familie\/wp-content\/uploads\/sites\/5\/2023\/05\/49.jpg\"><img loading=\"lazy\" decoding=\"async\" class=\"wp-image-224 size-full alignleft\" src=\"https:\/\/wibi.homeip.net\/hub\/familie\/wp-content\/uploads\/sites\/5\/2023\/05\/Bild-49-Kauf-1884_framed.png\" alt=\"\" width=\"137\" height=\"182\" \/><\/a><br \/>\n<a href=\"https:\/\/wibi.homeip.net\/hub\/familie\/wp-content\/uploads\/sites\/5\/2023\/05\/50.jpg\"><img loading=\"lazy\" decoding=\"async\" class=\"wp-image-225 size-full alignleft\" src=\"https:\/\/wibi.homeip.net\/hub\/familie\/wp-content\/uploads\/sites\/5\/2023\/05\/Bild-50-Kirchengrund-ab-etwa-1937_framed.png\" alt=\"\" width=\"142\" height=\"151\" \/><\/a><br \/>\n<a href=\"https:\/\/wibi.homeip.net\/hub\/familie\/wp-content\/uploads\/sites\/5\/2023\/05\/51.jpg\"><img loading=\"lazy\" decoding=\"async\" class=\"wp-image-226 size-full alignleft\" src=\"https:\/\/wibi.homeip.net\/hub\/familie\/wp-content\/uploads\/sites\/5\/2023\/05\/Bild-51-Kirchgrund-VerkaufKaufTausch-1940-50_framed.png\" alt=\"\" width=\"142\" height=\"151\" \/><\/a><a href=\"https:\/\/wibi.homeip.net\/hub\/familie\/wp-content\/uploads\/sites\/5\/2023\/05\/52.jpg\"><img loading=\"lazy\" decoding=\"async\" class=\"wp-image-227 size-full alignleft\" src=\"https:\/\/wibi.homeip.net\/hub\/familie\/wp-content\/uploads\/sites\/5\/2023\/05\/Bild-52-Situation-ab-1950_framed.png\" alt=\"\" width=\"142\" height=\"151\" \/><\/a><\/p>\n","protected":false},"excerpt":{"rendered":"<p>Aus alten Unterlagen, etwa einem Teilungplan von 1884 bzw. einem Grundbesitzbogen von 1900, konnte ich die bisher eher unbefriedigende Grundgrenzsituation zwischen uns und der Pfarrkirche rekonstruieren (und kl\u00e4ren). Dabei wurde die Rekonstruktion aus einem Lageplan aus den 40er-Jahren des 20. Jhdts. vorgenommen, da im Teilungsplan von 1884 die Lage der Kirche v\u00f6llig falsch eingezeichnet gewesen [&hellip;]<\/p>\n","protected":false},"author":2,"featured_media":0,"parent":40,"menu_order":0,"comment_status":"open","ping_status":"open","template":"anhang.php","meta":{"footnotes":""},"class_list":["post-38","page","type-page","status-publish","hentry"],"_links":{"self":[{"href":"https:\/\/wibi.homeip.net\/hub\/familie\/wp-json\/wp\/v2\/pages\/38","targetHints":{"allow":["GET"]}}],"collection":[{"href":"https:\/\/wibi.homeip.net\/hub\/familie\/wp-json\/wp\/v2\/pages"}],"about":[{"href":"https:\/\/wibi.homeip.net\/hub\/familie\/wp-json\/wp\/v2\/types\/page"}],"author":[{"embeddable":true,"href":"https:\/\/wibi.homeip.net\/hub\/familie\/wp-json\/wp\/v2\/users\/2"}],"replies":[{"embeddable":true,"href":"https:\/\/wibi.homeip.net\/hub\/familie\/wp-json\/wp\/v2\/comments?post=38"}],"version-history":[{"count":5,"href":"https:\/\/wibi.homeip.net\/hub\/familie\/wp-json\/wp\/v2\/pages\/38\/revisions"}],"predecessor-version":[{"id":255,"href":"https:\/\/wibi.homeip.net\/hub\/familie\/wp-json\/wp\/v2\/pages\/38\/revisions\/255"}],"up":[{"embeddable":true,"href":"https:\/\/wibi.homeip.net\/hub\/familie\/wp-json\/wp\/v2\/pages\/40"}],"wp:attachment":[{"href":"https:\/\/wibi.homeip.net\/hub\/familie\/wp-json\/wp\/v2\/media?parent=38"}],"curies":[{"name":"wp","href":"https:\/\/api.w.org\/{rel}","templated":true}]}}