{"id":39,"date":"2007-10-21T16:43:49","date_gmt":"2007-10-21T14:43:49","guid":{"rendered":"http:\/\/wibi.homeip.net\/wp_fam\/?page_id=39"},"modified":"2023-05-20T22:55:06","modified_gmt":"2023-05-20T20:55:06","slug":"anhang-9-marktmetzen","status":"publish","type":"page","link":"https:\/\/wibi.homeip.net\/hub\/familie\/titelseite\/anhang\/anhang-9-marktmetzen\/","title":{"rendered":"Marktmetzen"},"content":{"rendered":"<p><a href=\"https:\/\/wibi.homeip.net\/hub\/familie\/wp-content\/uploads\/sites\/5\/2023\/05\/53.jpg\"><img loading=\"lazy\" decoding=\"async\" class=\"alignnone\" src=\"https:\/\/wibi.homeip.net\/hub\/familie\/wp-content\/uploads\/sites\/5\/2023\/05\/Bild-53-Marktmetzen_framed.png\" alt=\"\" width=\"142\" height=\"182\" \/><\/a><\/p>\n<p><strong>Dieses Getreidema\u00df mit ca 88 Liter Fassungsverm\u00f6gen stammt angeblich bereits aus dem 14. Jhdt. Es diente dem Stift Reichersberg als Zehentma\u00df.<\/strong><\/p>\n<p>Wie dieses Kornma\u00df, nachdem es fr\u00fcher am Zehenthof in Breitenbuch gestanden haben soll, in unseren Hof gekommen ist, ist nicht nachvollziehbar.<\/p>\n<p>Bei uns jedenfalls hat den Marktmetzen der Thernberger Pfarrer Claudius Franz Scherfler, gest. 23.10.1938, quasi wieder entdeckt. (H<em>inweis: Elisabeths Mutter war bis zu ihrer Heirat bei ihm als Pfarrersk\u00f6chin t\u00e4tig<\/em>)<\/p>\n<p>Der Metzen soll dann in Denkmalschutz \u00fcbernommen worden sein, wof\u00fcr es aber keinen Nachweis bei uns gibt.<\/p>\n<p>Mein Vater hat veranlasst, dass er nun neben unserem Wohnhaus steht, doch sowohl die Versetzung als auch sp\u00e4ter die Neubeschriftung haben wir zu jeweils einem Drittel mitfinanziert, damit er formal in unserem Besitz geblieben ist!<\/p>\n","protected":false},"excerpt":{"rendered":"<p>Dieses Getreidema\u00df mit ca 88 Liter Fassungsverm\u00f6gen stammt angeblich bereits aus dem 14. Jhdt. Es diente dem Stift Reichersberg als Zehentma\u00df. Wie dieses Kornma\u00df, nachdem es fr\u00fcher am Zehenthof in Breitenbuch gestanden haben soll, in unseren Hof gekommen ist, ist nicht nachvollziehbar. Bei uns jedenfalls hat den Marktmetzen der Thernberger Pfarrer Claudius Franz Scherfler, gest. [&hellip;]<\/p>\n","protected":false},"author":2,"featured_media":0,"parent":40,"menu_order":0,"comment_status":"open","ping_status":"open","template":"anhang.php","meta":{"footnotes":""},"class_list":["post-39","page","type-page","status-publish","hentry"],"_links":{"self":[{"href":"https:\/\/wibi.homeip.net\/hub\/familie\/wp-json\/wp\/v2\/pages\/39","targetHints":{"allow":["GET"]}}],"collection":[{"href":"https:\/\/wibi.homeip.net\/hub\/familie\/wp-json\/wp\/v2\/pages"}],"about":[{"href":"https:\/\/wibi.homeip.net\/hub\/familie\/wp-json\/wp\/v2\/types\/page"}],"author":[{"embeddable":true,"href":"https:\/\/wibi.homeip.net\/hub\/familie\/wp-json\/wp\/v2\/users\/2"}],"replies":[{"embeddable":true,"href":"https:\/\/wibi.homeip.net\/hub\/familie\/wp-json\/wp\/v2\/comments?post=39"}],"version-history":[{"count":3,"href":"https:\/\/wibi.homeip.net\/hub\/familie\/wp-json\/wp\/v2\/pages\/39\/revisions"}],"predecessor-version":[{"id":250,"href":"https:\/\/wibi.homeip.net\/hub\/familie\/wp-json\/wp\/v2\/pages\/39\/revisions\/250"}],"up":[{"embeddable":true,"href":"https:\/\/wibi.homeip.net\/hub\/familie\/wp-json\/wp\/v2\/pages\/40"}],"wp:attachment":[{"href":"https:\/\/wibi.homeip.net\/hub\/familie\/wp-json\/wp\/v2\/media?parent=39"}],"curies":[{"name":"wp","href":"https:\/\/api.w.org\/{rel}","templated":true}]}}