{"id":46,"date":"2007-10-25T22:38:20","date_gmt":"2007-10-25T20:38:20","guid":{"rendered":"http:\/\/wibi.homeip.net\/wp_fam\/?page_id=46"},"modified":"2007-10-25T22:38:20","modified_gmt":"2007-10-25T20:38:20","slug":"dank","status":"publish","type":"page","link":"https:\/\/wibi.homeip.net\/hub\/familie\/titelseite\/dank\/","title":{"rendered":"Dank"},"content":{"rendered":"<p>F\u00fcr die Unterst\u00fctzung bei der Erarbeitung und Erstellung dieses Werkes m\u00f6chte ich mich besonders bedanken &#8230;<\/p>\n<p>&#8230; beim HWH Pfarrer von Bromberg, Mag. Michael Hammer, f\u00fcr die gew\u00e4hrten Einblicke in die Pfarrmatriken und f\u00fcr seine Geduld,<\/p>\n<p>&#8230; bei meiner Frau Elisabeth f\u00fcr ihre zahlreichen Anregungen,<\/p>\n<p>&#8230; bei meinem Sohn Johannes f\u00fcr seine Anregungen bez\u00fcglich Grafik etc.,<\/p>\n<p>&#8230; vor allem aber bei meinem Sohn J\u00f6rg, der f\u00fcr das Layout und f\u00fcr die buchtechnische Gestaltung sowie f\u00fcr die Erstellung des Bildbandes sehr viel Zeit und Einsatz aufgebracht hat, wodurch das Werk erst zu dem geworden ist, was jetzt vorliegt,<\/p>\n<p>und schlie\u00dflich <\/p>\n<p>&#8230; bei meiner Cousine Erika Czeike f\u00fcr das erste Korrekturlesen und f\u00fcr stilistische Hinweise.<\/p>\n","protected":false},"excerpt":{"rendered":"<p>F\u00fcr die Unterst\u00fctzung bei der Erarbeitung und Erstellung dieses Werkes m\u00f6chte ich mich besonders bedanken &#8230; &#8230; beim HWH Pfarrer von Bromberg, Mag. Michael Hammer, f\u00fcr die gew\u00e4hrten Einblicke in die Pfarrmatriken und f\u00fcr seine Geduld, &#8230; bei meiner Frau Elisabeth f\u00fcr ihre zahlreichen Anregungen, &#8230; bei meinem Sohn Johannes f\u00fcr seine Anregungen bez\u00fcglich Grafik [&hellip;]<\/p>\n","protected":false},"author":2,"featured_media":0,"parent":6,"menu_order":0,"comment_status":"open","ping_status":"open","template":"chapter.php","meta":{"footnotes":""},"class_list":["post-46","page","type-page","status-publish","hentry"],"_links":{"self":[{"href":"https:\/\/wibi.homeip.net\/hub\/familie\/wp-json\/wp\/v2\/pages\/46","targetHints":{"allow":["GET"]}}],"collection":[{"href":"https:\/\/wibi.homeip.net\/hub\/familie\/wp-json\/wp\/v2\/pages"}],"about":[{"href":"https:\/\/wibi.homeip.net\/hub\/familie\/wp-json\/wp\/v2\/types\/page"}],"author":[{"embeddable":true,"href":"https:\/\/wibi.homeip.net\/hub\/familie\/wp-json\/wp\/v2\/users\/2"}],"replies":[{"embeddable":true,"href":"https:\/\/wibi.homeip.net\/hub\/familie\/wp-json\/wp\/v2\/comments?post=46"}],"version-history":[{"count":0,"href":"https:\/\/wibi.homeip.net\/hub\/familie\/wp-json\/wp\/v2\/pages\/46\/revisions"}],"up":[{"embeddable":true,"href":"https:\/\/wibi.homeip.net\/hub\/familie\/wp-json\/wp\/v2\/pages\/6"}],"wp:attachment":[{"href":"https:\/\/wibi.homeip.net\/hub\/familie\/wp-json\/wp\/v2\/media?parent=46"}],"curies":[{"name":"wp","href":"https:\/\/api.w.org\/{rel}","templated":true}]}}