{"id":47,"date":"2007-10-25T22:45:06","date_gmt":"2007-10-25T20:45:06","guid":{"rendered":"http:\/\/wibi.homeip.net\/wp_fam\/?page_id=47"},"modified":"2007-10-25T22:45:06","modified_gmt":"2007-10-25T20:45:06","slug":"aus-1786","status":"publish","type":"page","link":"https:\/\/wibi.homeip.net\/hub\/familie\/titelseite\/interessante-dokumente\/aus-1786\/","title":{"rendered":"Handelserlaubnis aus 1786"},"content":{"rendered":"<p>Rundstempel<\/p>\n<p>Hochl\u00f6bl. K.K. N.\u00d6. Landes Regg:<\/p>\n<p>Unterzeichneter stellet gehorsamst vor, da\u00df ihm sowohl<br \/>\nvon der L\u00f6bl. Herrschaft Kirchschlag, als auch von der<br \/>\nGemeinde Schlatten, laut anschluessigen Attestat<br \/>\nzwar die Bewilligung mit Kr\u00e4mer Waren handeln zu<br \/>\nk\u00f6nnen vor 28 Jahren gegeben worden. da aber dieselbe<br \/>\nohne Hoch gn\u00e4diger Erlaubnis einer Hochl\u00f6bl. K.K.<br \/>\nLandes Regg nicht bestehen mag. So bittet<br \/>\nUnterzeichneter unterth\u00e4nigst ihm mittels Ausferttigung<br \/>\neines gew\u00f6hlichen Pa\u00dfes die gn\u00e4digste Erlaubn\u00fcs zu<br \/>\nertheillen<\/p>\n<p>Amt Schlatten den 21. Marty (<em>M\u00e4rz<\/em>) 1786:<\/p>\n<p>\t\t\t\tFranz Lang<br \/>\n\t\t\t\tKramer alda.<\/p>\n<p>Supplicant die Herrschaft Kirchschlag den die Gemeinde<br \/>\ndes Amts Schlatten durch Ausschu\u00df (<em>unleserlich<\/em>) be-<br \/>\nnachbarten Kr\u00e4mmer und Handels (<em>unleserlich<\/em>) haben auf<br \/>\ndem 28. April 1786: fr\u00fch um 9 Uhr vor diesem<br \/>\nK.K. Comi\u00df Amt zu erscheinen und sich alda geh\u00f6rig<br \/>\nanmelden zu lassen. Traiskirchen den 13ten April 1786:<br \/>\n\t\t\t\tJacob (<em>unleserlich<\/em>)<\/p>\n<p>(<em>unleserlich<\/em>) der Gemeinde Schlatten zuzuexequiren<br \/>\n13. April 1786<br \/>\nden 22. Marty 1786<\/p>\n<p>Das Kreisamt V. U. W. W. hat nach<br \/>\nerhobener Befugn\u00fcs und Eigenschaft<br \/>\ndieses Handels, dann der Umst\u00e4nde<br \/>\ndes Bittstellers selbst sofort \u00fcber<br \/>\nVernehmen der Herrschaft und<br \/>\nder deren Theilnehmenden, nicht<br \/>\n(<em>unleserlich<\/em>) mit Bedacht auf den<br \/>\nallf\u00e4lligen Orts Bedarf, und<br \/>\nauf die in Sachen bestehende Vor-<br \/>\nschriften, und (unleserlich) auf<br \/>\ndas j\u00fcngste Zoll Patent, dar\u00fcber<br \/>\nausf\u00fchrlich und f\u00f6rd (<em>unleserlich<\/em>) Be-<br \/>\nricht anher zu erstatten.<br \/>\n Ex Cons \u2013 Reg. (<em>unleserlich<\/em>) Austriae<br \/>\n\t\t28. Marty 1786<br \/>\nJoh. (<em>unleserlich<\/em>) <\/p>\n<p>Regg:<br \/>\nFranz Lang Kr\u00e4mmer in Amt Schlatten Herrschaft Kirchschlag<br \/>\nUnterthane in V.U.W.W. [Vikariat unter dem Wiener Wald]<\/p>\n<p>Bittet um unterth\u00e4nigste<br \/>\nErlaubnis mit Kr\u00e4mmer<br \/>\nWaren handeln zu<br \/>\nd\u00fcrfen.<\/p>\n","protected":false},"excerpt":{"rendered":"<p>Rundstempel Hochl\u00f6bl. K.K. N.\u00d6. Landes Regg: Unterzeichneter stellet gehorsamst vor, da\u00df ihm sowohl von der L\u00f6bl. Herrschaft Kirchschlag, als auch von der Gemeinde Schlatten, laut anschluessigen Attestat zwar die Bewilligung mit Kr\u00e4mer Waren handeln zu k\u00f6nnen vor 28 Jahren gegeben worden. da aber dieselbe ohne Hoch gn\u00e4diger Erlaubnis einer Hochl\u00f6bl. K.K. Landes Regg nicht bestehen [&hellip;]<\/p>\n","protected":false},"author":2,"featured_media":0,"parent":44,"menu_order":0,"comment_status":"open","ping_status":"open","template":"dokumente.php","meta":{"footnotes":""},"class_list":["post-47","page","type-page","status-publish","hentry"],"_links":{"self":[{"href":"https:\/\/wibi.homeip.net\/hub\/familie\/wp-json\/wp\/v2\/pages\/47","targetHints":{"allow":["GET"]}}],"collection":[{"href":"https:\/\/wibi.homeip.net\/hub\/familie\/wp-json\/wp\/v2\/pages"}],"about":[{"href":"https:\/\/wibi.homeip.net\/hub\/familie\/wp-json\/wp\/v2\/types\/page"}],"author":[{"embeddable":true,"href":"https:\/\/wibi.homeip.net\/hub\/familie\/wp-json\/wp\/v2\/users\/2"}],"replies":[{"embeddable":true,"href":"https:\/\/wibi.homeip.net\/hub\/familie\/wp-json\/wp\/v2\/comments?post=47"}],"version-history":[{"count":0,"href":"https:\/\/wibi.homeip.net\/hub\/familie\/wp-json\/wp\/v2\/pages\/47\/revisions"}],"up":[{"embeddable":true,"href":"https:\/\/wibi.homeip.net\/hub\/familie\/wp-json\/wp\/v2\/pages\/44"}],"wp:attachment":[{"href":"https:\/\/wibi.homeip.net\/hub\/familie\/wp-json\/wp\/v2\/media?parent=47"}],"curies":[{"name":"wp","href":"https:\/\/api.w.org\/{rel}","templated":true}]}}