{"id":48,"date":"2007-10-25T22:48:27","date_gmt":"2007-10-25T20:48:27","guid":{"rendered":"http:\/\/wibi.homeip.net\/wp_fam\/?page_id=48"},"modified":"2007-10-25T22:48:27","modified_gmt":"2007-10-25T20:48:27","slug":"aus-1830","status":"publish","type":"page","link":"https:\/\/wibi.homeip.net\/hub\/familie\/titelseite\/interessante-dokumente\/aus-1830\/","title":{"rendered":"Hausgew\u00e4hr aus 1830"},"content":{"rendered":"<p>Rundstempel<br \/>\n15 Kreutzer<\/p>\n<p>Hausgew\u00e4hr<\/p>\n<p>Windbichler Peter, Katharina dessen Ehew\u00e4rthin (?)<br \/>\nempfangen zugleich Nutz und Gew\u00e4hr um eine<br \/>\nBehausung bey der Pfarrkirche zu Bromberg und<br \/>\nder Strasse liegend.<br \/>\nHienann dient man j\u00e4hrlich am Tage des<br \/>\nheiligen Johann Evangelist, zum Grundbuche der<br \/>\nPfarrkirche ad sant. Lambertan daselbst zwey Gulden<br \/>\nim Gelde.<br \/>\nHinann ist Peter Windbichler von hier allein<br \/>\nan der Gew\u00e4hr gestanden, durch Ehevertrag ddo. <em>(dato)<\/em><br \/>\nhodie aber, ist diese Behausung laut Invent.Prot.Lit.<br \/>\nH. fol. 42 30 nach dem Sch\u00e4tzungswerth zu 150 f. Conv. Mz.<br \/>\nan obgedachte Mitgew\u00e4hrnehmerin zu gleich gekommen.<br \/>\nM\u00f6gen demnach ihren Nutzen nach Belieben damit<br \/>\nschaffen, jedoch nach Grundbuchrecht und dessen<br \/>\nGewohnheit.<\/p>\n<div align=\"right\">Von dem Grundbuchsamte<br \/>\nder Pfarrkirche Bromberg<br \/>\nden 25ten September 1830<br \/>\nSiegel Karl <em>(unleserlich)<\/em><\/div>\n<p>Grund <em>(unleserlich)<\/em><\/p>\n<p>[Auf der R\u00fcckseite des Doppelbogens ist zu lesen]:<\/p>\n<p>Gew\u00e4hr=Auszug<br \/>\ndto 25ten Feber 1830<\/p>\n<div align=\"right\">\nf\u00fcr den Peter Windbichler<br \/>\nKatharina dessen Ehew\u00e4rthin,<br \/>\num eine Behausung bei der<br \/>\nPfarrkirche Bromberg.<br \/>\nProt. Lit. H Fol. 46 30<\/p>\n","protected":false},"excerpt":{"rendered":"<p>Rundstempel 15 Kreutzer Hausgew\u00e4hr Windbichler Peter, Katharina dessen Ehew\u00e4rthin (?) empfangen zugleich Nutz und Gew\u00e4hr um eine Behausung bey der Pfarrkirche zu Bromberg und der Strasse liegend. Hienann dient man j\u00e4hrlich am Tage des heiligen Johann Evangelist, zum Grundbuche der Pfarrkirche ad sant. Lambertan daselbst zwey Gulden im Gelde. Hinann ist Peter Windbichler von hier [&hellip;]<\/p>\n","protected":false},"author":2,"featured_media":0,"parent":44,"menu_order":0,"comment_status":"open","ping_status":"open","template":"dokumente.php","meta":{"footnotes":""},"class_list":["post-48","page","type-page","status-publish","hentry"],"_links":{"self":[{"href":"https:\/\/wibi.homeip.net\/hub\/familie\/wp-json\/wp\/v2\/pages\/48","targetHints":{"allow":["GET"]}}],"collection":[{"href":"https:\/\/wibi.homeip.net\/hub\/familie\/wp-json\/wp\/v2\/pages"}],"about":[{"href":"https:\/\/wibi.homeip.net\/hub\/familie\/wp-json\/wp\/v2\/types\/page"}],"author":[{"embeddable":true,"href":"https:\/\/wibi.homeip.net\/hub\/familie\/wp-json\/wp\/v2\/users\/2"}],"replies":[{"embeddable":true,"href":"https:\/\/wibi.homeip.net\/hub\/familie\/wp-json\/wp\/v2\/comments?post=48"}],"version-history":[{"count":0,"href":"https:\/\/wibi.homeip.net\/hub\/familie\/wp-json\/wp\/v2\/pages\/48\/revisions"}],"up":[{"embeddable":true,"href":"https:\/\/wibi.homeip.net\/hub\/familie\/wp-json\/wp\/v2\/pages\/44"}],"wp:attachment":[{"href":"https:\/\/wibi.homeip.net\/hub\/familie\/wp-json\/wp\/v2\/media?parent=48"}],"curies":[{"name":"wp","href":"https:\/\/api.w.org\/{rel}","templated":true}]}}