{"id":49,"date":"2007-10-25T22:50:53","date_gmt":"2007-10-25T20:50:53","guid":{"rendered":"http:\/\/wibi.homeip.net\/wp_fam\/?page_id=49"},"modified":"2007-10-25T22:50:53","modified_gmt":"2007-10-25T20:50:53","slug":"aus-1860","status":"publish","type":"page","link":"https:\/\/wibi.homeip.net\/hub\/familie\/titelseite\/interessante-dokumente\/aus-1860\/","title":{"rendered":"Urkunde aus 1855"},"content":{"rendered":"<p>Z <u>134 st.d.<\/u><br \/>\n1854.<\/p>\n<p>Einantwortungsurkunde<\/p>\n<p>Von dem kk. Bezirksgerichte Wr. Neustadt wird<br \/>\nder Nachla\u00df des am 22. September 854 mit Ehevertrag vom 25. September 1830<br \/>\nverstorbenen Peter Windbichler, Kr\u00e4mmers in Bromberg auf Grund des zwischen der Witwe Katharina Windbichler, dann Bernhard Sinabel als Vormund der erblasserischen 3 Kinder und bedingt erkl\u00e4rten Erben: Anna Maria, Rosalia und Johann Windbichler<br \/>\nam 12. Dezember 1854 ad N. 1294 geschlossenen Erbtheilungsvertrages und \u00fcber erfolgten Erlag der Erbtheile der letzgenannten 2Kinder der Witwe Katharina Windbichler mit Einschlu\u00df der auf 125 fl CMZ gesch\u00e4tzten H\u00e4lfte des dem Grundbuche der Pfarre ad. St.<br \/>\nLambertum zu Bromberg fol. 27 inliegenden Hauses Nr. 114 vorher Kapelle zu Bromberg u. das auf 50 fl CMZ gesch\u00e4tzten Grundst\u00fcckes<br \/>\nhinter dem Hause , Parz. 2642, welcher bisher von den b\u00fccherlichen Einlagen nicht abgetrennt und keine eigene Grundbucheinlage bildet, mit Last und Vortheil, insbesondere gegen Berichtigung des<br \/>\nErbtheiles der mittlerweile gro\u00dfj\u00e4hrig erkl\u00e4rten Tochter A Maria Windbichler zu 150 fl CMZ eingeantwortet und die Abhandlung als<br \/>\nbeendet erkl\u00e4rt.<br \/>\nDie Todfallsaufnahme, Inventur mit Beylagen und das Abhandlungsprotokoll sind aufzubehalten auf Verlangen abschriftlich<br \/>\n150 hinauszugeben und diese Urkunde unter R\u00fcckschlu\u00df der Quittungen f\u00fcr Katharina Windbichler mit dem Bemerken auszufertigen, da\u00df sie abhandlungsbeh\u00f6rdlich erm\u00e4chtigt wurde, bez\u00fcglich des durch den Erblasser ohne Errichtung eines schriftlichen Kaufvertrages angekauften Grundtheiles Parz. 2642. hinter dem Hause mit den betreffenden bisherigen grundb\u00fccherlichen Eigenth\u00fcmern statt des Erblassers den<br \/>\nVertrag schriftlich abzuschlie\u00dfen.<\/p>\n<div align=\"right\">Wr. Neustadt den 26. April 1855<br \/>\nD\u00f6\u00dfl mp.<\/div>\n<p>Collatianirt und dem hiergerichtlich. aufbewahrten ungestempelten Originale gleichlautend<br \/>\nSiegel <\/p>\n<div align=\"right\">KK Bezirksgericht<br \/>\nWiener Neustadt 5. M\u00e4rz 1860<br \/>\nder kk Kreisgerichtsrath<br \/>\n<em>(Unterschrift unleserlich)<br \/>\n<\/em><\/div>\n<p>Uiber bezirksgerichtliche Auflage vom 28.v.M.<br \/>\nZ 11067, wurde auf Grund dieser Umst\u00e4nde, das Eigenthumsrecht auf die erblasserische H\u00fclfte des im Grundbuche Kirche Bromberg fol. 27 inliegende Steinhauses Nr. 114 zu Bromberg, f\u00fcr die Witwe u. nunmehrige Alleineigenth\u00fcmerin Fr. Katharina Windbichler einverleibt.<br \/>\nSiegel <\/p>\n<div align=\"right\">Vom KK Grundbuchsamte Wr.<br \/>\nNeustadt am 18. J\u00e4nner 864<br \/>\n<em>(Unterschrift unleserlich)<\/em><\/div>\n","protected":false},"excerpt":{"rendered":"<p>Z 134 st.d. 1854. Einantwortungsurkunde Von dem kk. Bezirksgerichte Wr. Neustadt wird der Nachla\u00df des am 22. September 854 mit Ehevertrag vom 25. September 1830 verstorbenen Peter Windbichler, Kr\u00e4mmers in Bromberg auf Grund des zwischen der Witwe Katharina Windbichler, dann Bernhard Sinabel als Vormund der erblasserischen 3 Kinder und bedingt erkl\u00e4rten Erben: Anna Maria, Rosalia [&hellip;]<\/p>\n","protected":false},"author":2,"featured_media":0,"parent":44,"menu_order":0,"comment_status":"open","ping_status":"open","template":"dokumente.php","meta":{"footnotes":""},"class_list":["post-49","page","type-page","status-publish","hentry"],"_links":{"self":[{"href":"https:\/\/wibi.homeip.net\/hub\/familie\/wp-json\/wp\/v2\/pages\/49","targetHints":{"allow":["GET"]}}],"collection":[{"href":"https:\/\/wibi.homeip.net\/hub\/familie\/wp-json\/wp\/v2\/pages"}],"about":[{"href":"https:\/\/wibi.homeip.net\/hub\/familie\/wp-json\/wp\/v2\/types\/page"}],"author":[{"embeddable":true,"href":"https:\/\/wibi.homeip.net\/hub\/familie\/wp-json\/wp\/v2\/users\/2"}],"replies":[{"embeddable":true,"href":"https:\/\/wibi.homeip.net\/hub\/familie\/wp-json\/wp\/v2\/comments?post=49"}],"version-history":[{"count":0,"href":"https:\/\/wibi.homeip.net\/hub\/familie\/wp-json\/wp\/v2\/pages\/49\/revisions"}],"up":[{"embeddable":true,"href":"https:\/\/wibi.homeip.net\/hub\/familie\/wp-json\/wp\/v2\/pages\/44"}],"wp:attachment":[{"href":"https:\/\/wibi.homeip.net\/hub\/familie\/wp-json\/wp\/v2\/media?parent=49"}],"curies":[{"name":"wp","href":"https:\/\/api.w.org\/{rel}","templated":true}]}}