{"id":50,"date":"2007-10-25T22:51:52","date_gmt":"2007-10-25T20:51:52","guid":{"rendered":"http:\/\/wibi.homeip.net\/wp_fam\/?page_id=50"},"modified":"2007-10-25T22:51:52","modified_gmt":"2007-10-25T20:51:52","slug":"aus-1855","status":"publish","type":"page","link":"https:\/\/wibi.homeip.net\/hub\/familie\/titelseite\/interessante-dokumente\/aus-1855\/","title":{"rendered":"Erbteilung aus 1855"},"content":{"rendered":"<p><u>Z 134<\/u><br \/>\n1854<\/p>\n<p>In Genehmigung des zum Protokolle vom 12. Dezbr. 1854 und vom 10. d. Mts Z. 1294 aufgenommenen Erbtheilungs-<br \/>\nvertrages wird Ihnen aufgetragen, \u00fcber die f\u00fcr Ihre 2 m Kinder Rosalia und Johann Windbichler aus dem Nachlasse deren am 22. Septbr. 1854 verstorbenen Vaters Peter Windbichler entfallenen Erbtheiles \u00e1 pr 150 f Mze zusammen pr 300 fMze zwey auf Nahmen dieser Kinder, auf 5% mit deren Austritte aus Ihrer Pflege beginnende Verzinsung und 1\/4 j\u00e4hrige K\u00fcndung lautende, mit der Klausel des Hofdekretes vom 18. October 1792 zu versehende Schuldschein unter Beytritt der Eheleute Josef u. Theresia H\u00f6llwieser auszustellen, welche gem\u00e4\u00df ihrer eingegangenen Verpflichtung f\u00fcr obige Forderungen nebst Zinsen und Einbringungskosten ihre dem Rentamts \u00dcberlandgrdbche des k.k. Staatsgutes fol. 220 inliegende Wiese zu Ofenbach I loco zur Hypothek zu constituiren haben, die einverleibten Schuldscheine haben Sie zum hiergerichtl Depositenamte zu erlegen, und sich hier\u00fcber bis Ende Februar d. J. hier auszuweisen.<\/p>\n<p>k.k. Bezirksgericht Wr. Neustadt am 10. J\u00e4nner 1855<br \/>\nder k.k. Kreisgerichtsrath <\/p>\n<div align=\"right\"><em>(Unterschrift unleserlich)<br \/>\n<\/em><\/div>\n<p>An Frau Katharina Windbichler, Kr\u00e4merswitwe zu Bromberg.<\/p>\n","protected":false},"excerpt":{"rendered":"<p>Z 134 1854 In Genehmigung des zum Protokolle vom 12. Dezbr. 1854 und vom 10. d. Mts Z. 1294 aufgenommenen Erbtheilungs- vertrages wird Ihnen aufgetragen, \u00fcber die f\u00fcr Ihre 2 m Kinder Rosalia und Johann Windbichler aus dem Nachlasse deren am 22. Septbr. 1854 verstorbenen Vaters Peter Windbichler entfallenen Erbtheiles \u00e1 pr 150 f Mze [&hellip;]<\/p>\n","protected":false},"author":2,"featured_media":0,"parent":44,"menu_order":0,"comment_status":"open","ping_status":"open","template":"dokumente.php","meta":{"footnotes":""},"class_list":["post-50","page","type-page","status-publish","hentry"],"_links":{"self":[{"href":"https:\/\/wibi.homeip.net\/hub\/familie\/wp-json\/wp\/v2\/pages\/50","targetHints":{"allow":["GET"]}}],"collection":[{"href":"https:\/\/wibi.homeip.net\/hub\/familie\/wp-json\/wp\/v2\/pages"}],"about":[{"href":"https:\/\/wibi.homeip.net\/hub\/familie\/wp-json\/wp\/v2\/types\/page"}],"author":[{"embeddable":true,"href":"https:\/\/wibi.homeip.net\/hub\/familie\/wp-json\/wp\/v2\/users\/2"}],"replies":[{"embeddable":true,"href":"https:\/\/wibi.homeip.net\/hub\/familie\/wp-json\/wp\/v2\/comments?post=50"}],"version-history":[{"count":0,"href":"https:\/\/wibi.homeip.net\/hub\/familie\/wp-json\/wp\/v2\/pages\/50\/revisions"}],"up":[{"embeddable":true,"href":"https:\/\/wibi.homeip.net\/hub\/familie\/wp-json\/wp\/v2\/pages\/44"}],"wp:attachment":[{"href":"https:\/\/wibi.homeip.net\/hub\/familie\/wp-json\/wp\/v2\/media?parent=50"}],"curies":[{"name":"wp","href":"https:\/\/api.w.org\/{rel}","templated":true}]}}