{"id":52,"date":"2007-10-25T22:53:06","date_gmt":"2007-10-25T20:53:06","guid":{"rendered":"http:\/\/wibi.homeip.net\/wp_fam\/?page_id=52"},"modified":"2007-10-25T22:53:06","modified_gmt":"2007-10-25T20:53:06","slug":"aus-1869","status":"publish","type":"page","link":"https:\/\/wibi.homeip.net\/hub\/familie\/titelseite\/interessante-dokumente\/aus-1869\/","title":{"rendered":"Brief aus 1869"},"content":{"rendered":"<p>An das kk. Postamt in Bromberg.<\/p>\n<p>Uiber Antrag der nieder &#8211; \u00f6sterr. Post-Kassa<br \/>\nhat die Post-Direktion bez\u00fcglich der angeordne-<br \/>\nten Erg\u00e4nzung der Cautionen ausw\u00e4rtiger Post<br \/>\nbediensteter nachstehenden Vorgang genehmigt.<br \/>\nDie betreffenden Kautionanten haben im Wege<br \/>\nihres k.k. Postamtes die alten vinkulierte Obliga-<br \/>\ntion nebst dem erforderlichen Bar-Betrages an<br \/>\ndie n.\u00f6. Postkassa einzuzahlen, dieselbe wird hief\u00fcr<br \/>\nden entsprechenden Betrag in Natur \u2013 Rente ankaufen<br \/>\nund diesen sammt der alten Obligation bei der<br \/>\nStaatsschuldenkassa in eine unifizirte Rente umwandeln,<br \/>\nvinkuliren lassen, sodann den Kautionanten die neue<br \/>\nvinkulirte Rente <em>(?)<\/em> sammt dem \u00fcbrig gebliebenen Bar<br \/>\n \u2013 Betrages zusenden.<br \/>\nZur Durchf\u00fchrung dieser Ma\u00dfregel wurde die n.\u00f6.<br \/>\nPostkassa erm\u00e4chtigt, mit den betreffenden k.k.<br \/>\nPost\u00e4mtern in direkte Verbindung zu tretten.<br \/>\nDas k.k. Postamt wird demnach aufgefordert,<br \/>\ndie \u00f6w. Obligation zu 200 f des Herrn Post \u2013<br \/>\nmeisters Johann Windbichler sogleich an die<br \/>\ngefertigte Postkassa einzusenden.<br \/>\nDa diese Obligation nur 190 f Noten \u2013 Konto gilt,<br \/>\nso sind zum Ankaufe eines 10 f Noten \u2013 Kontos<br \/>\nan barem Gelde 7 f zuzulegen.<br \/>\nDer er\u00fcbrigte Bar \u2013Rest wird mit der neu<br \/>\nvinkulirten Obligation und der Rechnung der<br \/>\nStaatsschuldenkassa seinerzeit zur\u00fcckgesendet werden.<\/p>\n<p>K.k. n.\u00f6. Post Kasse<br \/>\nWien am 21. Mai 1869<br \/>\nVerwalter <em>(Unterschrift unleserlich)<\/em><\/p>\n","protected":false},"excerpt":{"rendered":"<p>An das kk. Postamt in Bromberg. Uiber Antrag der nieder &#8211; \u00f6sterr. Post-Kassa hat die Post-Direktion bez\u00fcglich der angeordne- ten Erg\u00e4nzung der Cautionen ausw\u00e4rtiger Post bediensteter nachstehenden Vorgang genehmigt. Die betreffenden Kautionanten haben im Wege ihres k.k. Postamtes die alten vinkulierte Obliga- tion nebst dem erforderlichen Bar-Betrages an die n.\u00f6. Postkassa einzuzahlen, dieselbe wird hief\u00fcr [&hellip;]<\/p>\n","protected":false},"author":2,"featured_media":0,"parent":44,"menu_order":0,"comment_status":"open","ping_status":"open","template":"dokumente.php","meta":{"footnotes":""},"class_list":["post-52","page","type-page","status-publish","hentry"],"_links":{"self":[{"href":"https:\/\/wibi.homeip.net\/hub\/familie\/wp-json\/wp\/v2\/pages\/52","targetHints":{"allow":["GET"]}}],"collection":[{"href":"https:\/\/wibi.homeip.net\/hub\/familie\/wp-json\/wp\/v2\/pages"}],"about":[{"href":"https:\/\/wibi.homeip.net\/hub\/familie\/wp-json\/wp\/v2\/types\/page"}],"author":[{"embeddable":true,"href":"https:\/\/wibi.homeip.net\/hub\/familie\/wp-json\/wp\/v2\/users\/2"}],"replies":[{"embeddable":true,"href":"https:\/\/wibi.homeip.net\/hub\/familie\/wp-json\/wp\/v2\/comments?post=52"}],"version-history":[{"count":0,"href":"https:\/\/wibi.homeip.net\/hub\/familie\/wp-json\/wp\/v2\/pages\/52\/revisions"}],"up":[{"embeddable":true,"href":"https:\/\/wibi.homeip.net\/hub\/familie\/wp-json\/wp\/v2\/pages\/44"}],"wp:attachment":[{"href":"https:\/\/wibi.homeip.net\/hub\/familie\/wp-json\/wp\/v2\/media?parent=52"}],"curies":[{"name":"wp","href":"https:\/\/api.w.org\/{rel}","templated":true}]}}