{"id":54,"date":"2007-10-25T22:54:21","date_gmt":"2007-10-25T20:54:21","guid":{"rendered":"http:\/\/wibi.homeip.net\/wp_fam\/?page_id=54"},"modified":"2007-10-25T22:54:21","modified_gmt":"2007-10-25T20:54:21","slug":"aus-1881-zeugnis","status":"publish","type":"page","link":"https:\/\/wibi.homeip.net\/hub\/familie\/titelseite\/interessante-dokumente\/aus-1881-zeugnis\/","title":{"rendered":"Zeungis aus 1881"},"content":{"rendered":"<p>Zeugnis<\/p>\n<p>Von der gefertigten Gemeindevorstehung wird hiemit der<br \/>\nWahrheit gem\u00e4\u00df best\u00e4tigt,<br \/>\nda\u00df Herr Johann Windbichler kk. Postmeister und Kaufmann zu<br \/>\nBromberg in der Gemeinde Schlatten, sich f\u00fcr alle Zeiten die<br \/>\nvolle Achtung in jeder Beziehung <del datetime=\"2008-05-02T19:35:22+00:00\">sich<\/del> erworben hat, und somit<br \/>\ngegen die Ertheilung der Tabak \u2013 Trafik in Bromberg Nr. 115 kein<br \/>\nAnstand obwaltet.<\/p>\n<p>Gemeindevorstand Schlatten am 27. Oktbr. 1881<\/p>\n<p>Rundstempel<br \/>\nGemeindeamt<br \/>\nSchlatten<\/p>\n<div align=\"right\">Anton Holzer<br \/>\nGemeinderath<\/div>\n","protected":false},"excerpt":{"rendered":"<p>Zeugnis Von der gefertigten Gemeindevorstehung wird hiemit der Wahrheit gem\u00e4\u00df best\u00e4tigt, da\u00df Herr Johann Windbichler kk. Postmeister und Kaufmann zu Bromberg in der Gemeinde Schlatten, sich f\u00fcr alle Zeiten die volle Achtung in jeder Beziehung sich erworben hat, und somit gegen die Ertheilung der Tabak \u2013 Trafik in Bromberg Nr. 115 kein Anstand obwaltet. Gemeindevorstand [&hellip;]<\/p>\n","protected":false},"author":2,"featured_media":0,"parent":44,"menu_order":0,"comment_status":"open","ping_status":"open","template":"dokumente.php","meta":{"footnotes":""},"class_list":["post-54","page","type-page","status-publish","hentry"],"_links":{"self":[{"href":"https:\/\/wibi.homeip.net\/hub\/familie\/wp-json\/wp\/v2\/pages\/54","targetHints":{"allow":["GET"]}}],"collection":[{"href":"https:\/\/wibi.homeip.net\/hub\/familie\/wp-json\/wp\/v2\/pages"}],"about":[{"href":"https:\/\/wibi.homeip.net\/hub\/familie\/wp-json\/wp\/v2\/types\/page"}],"author":[{"embeddable":true,"href":"https:\/\/wibi.homeip.net\/hub\/familie\/wp-json\/wp\/v2\/users\/2"}],"replies":[{"embeddable":true,"href":"https:\/\/wibi.homeip.net\/hub\/familie\/wp-json\/wp\/v2\/comments?post=54"}],"version-history":[{"count":0,"href":"https:\/\/wibi.homeip.net\/hub\/familie\/wp-json\/wp\/v2\/pages\/54\/revisions"}],"up":[{"embeddable":true,"href":"https:\/\/wibi.homeip.net\/hub\/familie\/wp-json\/wp\/v2\/pages\/44"}],"wp:attachment":[{"href":"https:\/\/wibi.homeip.net\/hub\/familie\/wp-json\/wp\/v2\/media?parent=54"}],"curies":[{"name":"wp","href":"https:\/\/api.w.org\/{rel}","templated":true}]}}