{"id":56,"date":"2007-10-25T22:55:21","date_gmt":"2007-10-25T20:55:21","guid":{"rendered":"http:\/\/wibi.homeip.net\/wp_fam\/?page_id=56"},"modified":"2007-10-25T22:55:21","modified_gmt":"2007-10-25T20:55:21","slug":"aus-1885","status":"publish","type":"page","link":"https:\/\/wibi.homeip.net\/hub\/familie\/titelseite\/interessante-dokumente\/aus-1885\/","title":{"rendered":"Zeugnis aus 1885"},"content":{"rendered":"<p>Josef Lasnausky\u2018s S\u00f6hne,<br \/>\nHarz- und Commissions-Gesch\u00e4ft,<br \/>\nWiener \u2013 Neustadt<\/p>\n<p>Wiener Neustadt, 22. August 1885<\/p>\n<p>Zeugnis!<\/p>\n<p>Stempelmarke zu 50 kr<\/p>\n<p>Da\u00df Herr Johann Windbichler von<br \/>\nBromberg geb\u00fcrtig vom 1. J\u00e4nner 1885 bis<br \/>\n22. Juli 1885 bei uns als Comi\u00df servirte<br \/>\nnachdehm er auf eigenes Ansuchen von uns<br \/>\nseiner Dienste enthoben wurde.<br \/>\nFerner best\u00e4tigen wir gleichzeitig<br \/>\ndas selber vom 6. October 1880 bis 1. J\u00e4nner 1885<br \/>\nbei uns seine Lehrzeit verrichtete, wonach<br \/>\ner am 1. J\u00e4nner 1885 von uns zum Comi\u00df er-<br \/>\nnannt wurde.<br \/>\nBez\u00fcglich seiner Auff\u00fchrung, so<br \/>\nwie sittlichen Betragens, als auch Flei\u00df<br \/>\nund Treue, k\u00f6nnen wir ihn nur bestens<br \/>\nJedermann empfehlen.<\/p>\n<p>Jos. Lasnausky S\u00f6hne<\/p>\n","protected":false},"excerpt":{"rendered":"<p>Josef Lasnausky\u2018s S\u00f6hne, Harz- und Commissions-Gesch\u00e4ft, Wiener \u2013 Neustadt Wiener Neustadt, 22. August 1885 Zeugnis! Stempelmarke zu 50 kr Da\u00df Herr Johann Windbichler von Bromberg geb\u00fcrtig vom 1. J\u00e4nner 1885 bis 22. Juli 1885 bei uns als Comi\u00df servirte nachdehm er auf eigenes Ansuchen von uns seiner Dienste enthoben wurde. Ferner best\u00e4tigen wir gleichzeitig das [&hellip;]<\/p>\n","protected":false},"author":2,"featured_media":0,"parent":44,"menu_order":0,"comment_status":"open","ping_status":"open","template":"dokumente.php","meta":{"footnotes":""},"class_list":["post-56","page","type-page","status-publish","hentry"],"_links":{"self":[{"href":"https:\/\/wibi.homeip.net\/hub\/familie\/wp-json\/wp\/v2\/pages\/56","targetHints":{"allow":["GET"]}}],"collection":[{"href":"https:\/\/wibi.homeip.net\/hub\/familie\/wp-json\/wp\/v2\/pages"}],"about":[{"href":"https:\/\/wibi.homeip.net\/hub\/familie\/wp-json\/wp\/v2\/types\/page"}],"author":[{"embeddable":true,"href":"https:\/\/wibi.homeip.net\/hub\/familie\/wp-json\/wp\/v2\/users\/2"}],"replies":[{"embeddable":true,"href":"https:\/\/wibi.homeip.net\/hub\/familie\/wp-json\/wp\/v2\/comments?post=56"}],"version-history":[{"count":0,"href":"https:\/\/wibi.homeip.net\/hub\/familie\/wp-json\/wp\/v2\/pages\/56\/revisions"}],"up":[{"embeddable":true,"href":"https:\/\/wibi.homeip.net\/hub\/familie\/wp-json\/wp\/v2\/pages\/44"}],"wp:attachment":[{"href":"https:\/\/wibi.homeip.net\/hub\/familie\/wp-json\/wp\/v2\/media?parent=56"}],"curies":[{"name":"wp","href":"https:\/\/api.w.org\/{rel}","templated":true}]}}