{"id":57,"date":"2007-10-25T22:55:43","date_gmt":"2007-10-25T20:55:43","guid":{"rendered":"http:\/\/wibi.homeip.net\/wp_fam\/?page_id=57"},"modified":"2007-10-25T22:55:43","modified_gmt":"2007-10-25T20:55:43","slug":"aus-1887","status":"publish","type":"page","link":"https:\/\/wibi.homeip.net\/hub\/familie\/titelseite\/interessante-dokumente\/aus-1887\/","title":{"rendered":"Ansuchen aus 1887"},"content":{"rendered":"<p>Von Seite der gefertigten Gemeinde-<br \/>\nvertrettung wird best\u00e4tiget, das Herr<br \/>\nJohann Windbichler Kaufmann und<br \/>\nB\u00fcrgermeister in Schlatten<br \/>\nzur Mischung einer Beize gegen Waizenbrand<br \/>\nwelche aus rothem Schwefel, Glasgalle und<br \/>\nblau Vitriol besteht und sich vorz\u00fcglich<br \/>\nbew\u00e4hrt, und zu dieser Mischung<br \/>\n516 a <em>(???)<\/em> rothen Schwefel zz ben\u00f6thiget, so<br \/>\nstellt die gefertigte Gemeindevertrettung<br \/>\ndas h\u00f6fliche Ansuchen desselben das<br \/>\nverlangte Quantum ausfolgen zu wollen<\/p>\n<p>Gemeindevertrettung Schlatten<br \/>\nam M\u00e4rz 1887<\/p>\n<p>Rundstempel<br \/>\nGemeindeamt Schlatten<br \/>\nBez. Wr. Neustadt<\/p>\n","protected":false},"excerpt":{"rendered":"<p>Von Seite der gefertigten Gemeinde- vertrettung wird best\u00e4tiget, das Herr Johann Windbichler Kaufmann und B\u00fcrgermeister in Schlatten zur Mischung einer Beize gegen Waizenbrand welche aus rothem Schwefel, Glasgalle und blau Vitriol besteht und sich vorz\u00fcglich bew\u00e4hrt, und zu dieser Mischung 516 a (???) rothen Schwefel zz ben\u00f6thiget, so stellt die gefertigte Gemeindevertrettung das h\u00f6fliche Ansuchen [&hellip;]<\/p>\n","protected":false},"author":2,"featured_media":0,"parent":44,"menu_order":0,"comment_status":"open","ping_status":"open","template":"dokumente.php","meta":{"footnotes":""},"class_list":["post-57","page","type-page","status-publish","hentry"],"_links":{"self":[{"href":"https:\/\/wibi.homeip.net\/hub\/familie\/wp-json\/wp\/v2\/pages\/57","targetHints":{"allow":["GET"]}}],"collection":[{"href":"https:\/\/wibi.homeip.net\/hub\/familie\/wp-json\/wp\/v2\/pages"}],"about":[{"href":"https:\/\/wibi.homeip.net\/hub\/familie\/wp-json\/wp\/v2\/types\/page"}],"author":[{"embeddable":true,"href":"https:\/\/wibi.homeip.net\/hub\/familie\/wp-json\/wp\/v2\/users\/2"}],"replies":[{"embeddable":true,"href":"https:\/\/wibi.homeip.net\/hub\/familie\/wp-json\/wp\/v2\/comments?post=57"}],"version-history":[{"count":0,"href":"https:\/\/wibi.homeip.net\/hub\/familie\/wp-json\/wp\/v2\/pages\/57\/revisions"}],"up":[{"embeddable":true,"href":"https:\/\/wibi.homeip.net\/hub\/familie\/wp-json\/wp\/v2\/pages\/44"}],"wp:attachment":[{"href":"https:\/\/wibi.homeip.net\/hub\/familie\/wp-json\/wp\/v2\/media?parent=57"}],"curies":[{"name":"wp","href":"https:\/\/api.w.org\/{rel}","templated":true}]}}