{"id":58,"date":"2007-10-25T22:56:13","date_gmt":"2007-10-25T20:56:13","guid":{"rendered":"http:\/\/wibi.homeip.net\/wp_fam\/?page_id=58"},"modified":"2007-10-25T22:56:13","modified_gmt":"2007-10-25T20:56:13","slug":"aus-1898","status":"publish","type":"page","link":"https:\/\/wibi.homeip.net\/hub\/familie\/titelseite\/interessante-dokumente\/aus-1898\/","title":{"rendered":"Anmeldung aus 1898"},"content":{"rendered":"<p>Johann Windbichler Kaufmann meldet<br \/>\nan, da\u00df er zu Bromberg im Hause Nr. 115 den<br \/>\nNebenhandel gebrannter geistiger<br \/>\nGetr\u00e4nke in verschlossenen<br \/>\nGef\u00e4\u00dfen in der<br \/>\nersten\/zweiten H\u00e4lfte des Jahres 1899 vom 1. J\u00e4nner bis 31. Dezbr.<br \/>\n1899 <del datetime=\"2008-05-02T19:40:00+00:00\">angefangen<\/del>,<br \/>\naus\u00fcben will.<br \/>\ndiesem Grunde wird im obigen Gewerbe<br \/>\nauf welches eine Erwerbsteuer b(<em>unleserlich<\/em>) 5\/25<em>(?)<\/em><br \/>\nerf\u00fcllt nur nebenbei betrieben<\/p>\n<p>Schlatten am 30. Dezember 1898<br \/>\nJohann Windbichler<\/p>\n","protected":false},"excerpt":{"rendered":"<p>Johann Windbichler Kaufmann meldet an, da\u00df er zu Bromberg im Hause Nr. 115 den Nebenhandel gebrannter geistiger Getr\u00e4nke in verschlossenen Gef\u00e4\u00dfen in der ersten\/zweiten H\u00e4lfte des Jahres 1899 vom 1. J\u00e4nner bis 31. Dezbr. 1899 angefangen, aus\u00fcben will. diesem Grunde wird im obigen Gewerbe auf welches eine Erwerbsteuer b(unleserlich) 5\/25(?) erf\u00fcllt nur nebenbei betrieben Schlatten [&hellip;]<\/p>\n","protected":false},"author":2,"featured_media":0,"parent":44,"menu_order":0,"comment_status":"open","ping_status":"open","template":"dokumente.php","meta":{"footnotes":""},"class_list":["post-58","page","type-page","status-publish","hentry"],"_links":{"self":[{"href":"https:\/\/wibi.homeip.net\/hub\/familie\/wp-json\/wp\/v2\/pages\/58","targetHints":{"allow":["GET"]}}],"collection":[{"href":"https:\/\/wibi.homeip.net\/hub\/familie\/wp-json\/wp\/v2\/pages"}],"about":[{"href":"https:\/\/wibi.homeip.net\/hub\/familie\/wp-json\/wp\/v2\/types\/page"}],"author":[{"embeddable":true,"href":"https:\/\/wibi.homeip.net\/hub\/familie\/wp-json\/wp\/v2\/users\/2"}],"replies":[{"embeddable":true,"href":"https:\/\/wibi.homeip.net\/hub\/familie\/wp-json\/wp\/v2\/comments?post=58"}],"version-history":[{"count":0,"href":"https:\/\/wibi.homeip.net\/hub\/familie\/wp-json\/wp\/v2\/pages\/58\/revisions"}],"up":[{"embeddable":true,"href":"https:\/\/wibi.homeip.net\/hub\/familie\/wp-json\/wp\/v2\/pages\/44"}],"wp:attachment":[{"href":"https:\/\/wibi.homeip.net\/hub\/familie\/wp-json\/wp\/v2\/media?parent=58"}],"curies":[{"name":"wp","href":"https:\/\/api.w.org\/{rel}","templated":true}]}}