{"id":6,"date":"2007-10-08T15:21:15","date_gmt":"2007-10-08T13:21:15","guid":{"rendered":"http:\/\/wibi.homeip.net\/wp_fam\/?page_id=6"},"modified":"2023-05-22T22:54:14","modified_gmt":"2023-05-22T20:54:14","slug":"titelseite","status":"publish","type":"page","link":"https:\/\/wibi.homeip.net\/hub\/familie\/","title":{"rendered":"Herzlich willkommen&#8230;"},"content":{"rendered":"<p style=\"text-align: left;\"><img loading=\"lazy\" decoding=\"async\" class=\"wp-image-162 alignleft\" src=\"https:\/\/wibi.homeip.net\/hub\/familie\/wp-content\/uploads\/sites\/5\/2023\/05\/23.jpg\" alt=\"\" width=\"217\" height=\"307\" srcset=\"https:\/\/wibi.homeip.net\/hub\/familie\/wp-content\/uploads\/sites\/5\/2023\/05\/23.jpg 567w, https:\/\/wibi.homeip.net\/hub\/familie\/wp-content\/uploads\/sites\/5\/2023\/05\/23-213x300.jpg 213w\" sizes=\"auto, (max-width: 217px) 100vw, 217px\" \/><br \/>\n&#8230;zum interaktiven<\/p>\n<h1 style=\"text-align: left;\"><strong>Online-Ahnenbuch<\/strong><\/h1>\n<h1 style=\"text-align: left;\"><strong>der Familie Windbichler!<\/strong><\/h1>\n<p style=\"text-align: left;\">Ich freue mich \u00fcber Ihren Besuch und Ihre Kommentare.<\/p>\n<p style=\"text-align: left;\">Viel Spa\u00df beim Lesen w\u00fcnscht Ihnen<\/p>\n<p style=\"text-align: left;\"><strong>Hans Windbichler<\/strong><br \/>\nBromberg und Wien im Herbst 2007<\/p>\n","protected":false},"excerpt":{"rendered":"<p>&#8230;zum interaktiven Online-Ahnenbuch der Familie Windbichler! Ich freue mich \u00fcber Ihren Besuch und Ihre Kommentare. Viel Spa\u00df beim Lesen w\u00fcnscht Ihnen Hans Windbichler Bromberg und Wien im Herbst 2007<\/p>\n","protected":false},"author":1,"featured_media":0,"parent":0,"menu_order":1,"comment_status":"open","ping_status":"open","template":"","meta":{"footnotes":""},"class_list":["post-6","page","type-page","status-publish","hentry"],"_links":{"self":[{"href":"https:\/\/wibi.homeip.net\/hub\/familie\/wp-json\/wp\/v2\/pages\/6","targetHints":{"allow":["GET"]}}],"collection":[{"href":"https:\/\/wibi.homeip.net\/hub\/familie\/wp-json\/wp\/v2\/pages"}],"about":[{"href":"https:\/\/wibi.homeip.net\/hub\/familie\/wp-json\/wp\/v2\/types\/page"}],"author":[{"embeddable":true,"href":"https:\/\/wibi.homeip.net\/hub\/familie\/wp-json\/wp\/v2\/users\/1"}],"replies":[{"embeddable":true,"href":"https:\/\/wibi.homeip.net\/hub\/familie\/wp-json\/wp\/v2\/comments?post=6"}],"version-history":[{"count":14,"href":"https:\/\/wibi.homeip.net\/hub\/familie\/wp-json\/wp\/v2\/pages\/6\/revisions"}],"predecessor-version":[{"id":499,"href":"https:\/\/wibi.homeip.net\/hub\/familie\/wp-json\/wp\/v2\/pages\/6\/revisions\/499"}],"wp:attachment":[{"href":"https:\/\/wibi.homeip.net\/hub\/familie\/wp-json\/wp\/v2\/media?parent=6"}],"curies":[{"name":"wp","href":"https:\/\/api.w.org\/{rel}","templated":true}]}}