{"id":747,"date":"2020-01-06T18:56:13","date_gmt":"2020-01-06T16:56:13","guid":{"rendered":"http:\/\/wibi.homeip.net\/hub\/ld\/?page_id=747"},"modified":"2020-01-06T18:57:41","modified_gmt":"2020-01-06T16:57:41","slug":"story","status":"publish","type":"page","link":"https:\/\/wibi.homeip.net\/hub\/ld\/story\/","title":{"rendered":"let&#8217;s dance &#8211; die geschichte einer langen freundschaft"},"content":{"rendered":"<p>das abenteuer \u201clet\u2019s dance\u201d begann sp\u00e4testens 1973 als das letzte der vier bandmitglieder geboren wurde. von diesem zeitpunkt an waren die vier cousins n\u00e4mlich unzertrennlich. einerseits weil sie br\u00fcder waren (zur klarstellung: br\u00fcder sind josef und willi schuch, sowie hannes und j\u00f6rg windbichler), andererseits weil sie alles gemeinsam unternahmen.<\/p>\n<p>vor allem ferien und urlaube (besonders hervorgehoben seien der sommerurlaub in ungarn und die winterurlaube in tirol) wurden gemeinsam verbracht. zuerst noch mit den eltern, sp\u00e4ter dann sogar alleine (wobei sich heute niemand mehr so genau erinnert, wo die vier ohne ihre eltern hingefahren sind &#8211; aber das ist eine andere geschichte).<\/p>\n<p>lange sommerferien wurden nur kurz von langeweile unterbrochen (\u201cmach ma was kreatives&#8230; !\u201d). meistens konnte etwas sehr kreatives gefunden werden. so wurde 1981 der kleinste fu\u00dfballklub europas gegr\u00fcndet. es entstand der 1. fc austria bromberg, wobei der name aus den beiden orten, in denen die vier zuhause waren, abgeleitet wurde (brom von bromberg und berg von thernberg &#8211; brom wurde der vorzug vor thern gegeben, da sich das stadion des klubs in bromberg befand). man kann heute getrost behaupten, dass dieser klub der vorl\u00e4ufer der hier beschriebenen band war.\u00a0 das fu\u00dfballspiel wurde mehrere jahre hindurch mehr (1983: 6:3 im lokalderby gegen die bromberger jugend) oder weniger (1982: 10:12 gegen die selbe auswahl) erfolgreich betrieben. schlie\u00dflich war es jedoch der musikalische trieb, der alle vier beseelte und sich letztendlich durchsetzte.<\/p>\n<p>mai 1986 war der eigentliche gr\u00fcndungsmonat von \u201clet\u2019s dance\u201d. bestimmt wurde dieses datum jedoch von einem anderen wichtigen ereignis in der geschichte: willi\u2019s firmung. zu dieser bekam er n\u00e4mlich, was einer richtigen band nicht fehlen darf: ein schlagzeug. von nun an ging es bergauf.\u00a0 anf\u00e4ngliche schwierigkeiten mit der genauen instrumentierung (hannes und j\u00f6rg spielten dasselbe instrument &#8211; und damit ist wirklich dasselbe und nicht das gleiche gemeint) wurden \u00fcber kurz oder lang gel\u00f6st (hannes wurde an die rumba-kugeln verbannt!). schon wenige monate sp\u00e4ter besa\u00df hannes, der als einziger der band (noch heute!) mehr als zwei instrumente spielen kann, einen bass und f\u00fcllte das klaffende rhythmus-loch.<\/p>\n<p>ein weiteres problem stellte der gesang dar. zu beginn war mangels einer verst\u00e4rker-anlage der gesang nicht von oberster priorit\u00e4t. nachdem jedoch mikrofone (siehe unten) ins haus kamen, stellte sich die frage, wer denn nun leads\u00e4nger werden sollte. hannes, der als einziger wie erw\u00e4hnt wirklich musikalisch begabt war, hatte seinen stimmbruch noch vor sich und war daher nur als \u201cbackground-s\u00e4ngerin\u201d einsetzbar. willi, der auch eine ganz gute stimme besitzt, war mit der schwierigen aufgabe der gleichzeitigen koordination von vier gliedma\u00dfen ausreichend besch\u00e4ftigt. da sepp, der auch heute noch zugibt, nicht die stimme von placido domingo oder freddy mercury zu besitzen, nur hin und wieder singen wollte, blieb die aufgabe bei j\u00f6rg h\u00e4ngen, der sie zwar gerne annahm, jedoch nicht immer die gew\u00fcnschten ergebnisse erzielte (h\u00f6re dazu nr. 7).<\/p>\n<p>ein immer wiederkehrendes thema stellte die monet\u00e4re situation der band dar.\u00a0 sie hatten nat\u00fcrlich kein geld f\u00fcr jegliche ausstattung. man musste daher immer wieder auf besondere anl\u00e4sse (siehe firmung oben) oder die barmherzigkeit der eltern hoffen. hier muss unbedingt die graue eminenz hinter der band erw\u00e4hnt werden. was brian epstein f\u00fcr die beatles war, war hans windbichler f\u00fcr \u201clet\u2019s dance\u201d. er war der geldgeber f\u00fcr alle notwendigen bandutensilien (lautsprecher, verst\u00e4rker, mikrofone, mikro-st\u00e4nder, etc.) und unterst\u00fctzte au\u00dferdem die band mit harter, aber gerechter kritik (\u201c&#8230;ihr seids v\u00fc zu laut&#8230;\u201d). warum er sich zu solcher samariter-t\u00e4tigkeit hinrei\u00dfen lie\u00df, begr\u00fcndete er immer mit dem satz: \u201c&#8230; ich versuche mir nur meine eigene jugend zu verwirklichen&#8230;\u201d. aus heutiger sicht l\u00e4sst sich ohne \u00fcbertreibung sagen, dass ihm die verwirklichung der jugend von \u201clet\u2019s dance\u201d zu 100% gelungen ist.<\/p>\n<p>die ersten \u00f6ffentlichen auftritte folgten. neben veranstaltungen in kirchen (jugendmessen, hochzeiten, etc.) war vor allem das jugendzentrum thernberg ein beliebter ort f\u00fcr sowohl proben (weit genug weg von jeglichen nachbarn) als auch auff\u00fchrungen. im dezember 1986 kam das engagement f\u00fcr den ersten \u201cgig\u201d. die unerschrockene jugend in thernberg scheute nicht davor zur\u00fcck die zu diesem zeitpunkt noch namenlose band f\u00fcr das allj\u00e4hrliche gschnas zu verpflichten. es folgten endlose proben und zusammenk\u00fcnfte zur gemeinsamen musikauswahl.\u00a0 zu guter letzt musste auch ein name f\u00fcr die aufstrebende band gefunden werden. viele namen wurden erwogen (es ist jedoch ein unbest\u00e4tigtes ger\u00fccht, dass sie sich weiterhin \u201c1. fc austria bromberg\u201d nennen wollten). hans windbichler hatte schlie\u00dflich die rettende idee und schlug der band den namen \u201clet\u2019s dance\u201d vor. dieser sollte nicht nur das publikum zum tanz animieren, sondern auch eine gewisse dynamik vermitteln. au\u00dferdem war damit gleichzeitig der titelsong f\u00fcr alle auftritte festgelegt (leider war es aus verschiedensten gr\u00fcnden (z. B. war die einzig vorhandene aufnahme wirklich sch&#8230;.) nicht m\u00f6glich diesen titel auf der vorliegenden cd zu pr\u00e4sentieren). der auftritt war ein voller erfolg &#8211; vor allem deshalb, weil es keinen mitschnitt gibt.<\/p>\n<p>die laufbahn von \u201clet\u2019s dance\u201d fand ihren vorl\u00e4ufigen h\u00f6hepunkt (h\u00f6re dazu nr. 22) in der teilnahme der band an einem wettbewerb zur komposition eines umweltliedes. trotz der bereits weit verbesserten qualit\u00e4t der aufnahme, konnten die jurymitglieder (eines davon war \u00fcbrigens rainhard fendrich) offensichtlich nicht \u00fcberzeugt werden. als trost gilt jedoch, dass die gewinnerin des bewerbes in der versenkung verschwunden ist, w\u00e4hrend \u201clet\u2019s dance\u201d mit dieser cd ein deutlich sichtbares zeichen ihrer existenz setzen.<\/p>\n<p>heute k\u00f6nnen wir nur dankbar sein f\u00fcr die beharrlichkeit der band immer wieder proben- und livemitschnitte gemacht zu haben, denn andernfalls w\u00e4re es nie m\u00f6glich gewesen die vorliegenden aufnahmen einem breiten publikum zug\u00e4nglich zu machen. \u201clet\u2019s dance\u201d war ein meilenstein in der entwicklung des rock\u2019n\u2019roll in den 80iger jahren (vor allem in bromberg und thernberg) und der rest ist geschichte&#8230;<\/p>\n","protected":false},"excerpt":{"rendered":"<p>das abenteuer \u201clet\u2019s dance\u201d begann sp\u00e4testens 1973 als das letzte der vier bandmitglieder geboren wurde. von diesem zeitpunkt an waren die vier cousins n\u00e4mlich unzertrennlich. einerseits weil sie br\u00fcder waren (zur klarstellung: br\u00fcder sind josef und willi schuch, sowie hannes [&hellip;]<\/p>\n","protected":false},"author":1,"featured_media":0,"parent":0,"menu_order":0,"comment_status":"closed","ping_status":"closed","template":"","meta":{"footnotes":""},"class_list":["post-747","page","type-page","status-publish","hentry"],"_links":{"self":[{"href":"https:\/\/wibi.homeip.net\/hub\/ld\/wp-json\/wp\/v2\/pages\/747","targetHints":{"allow":["GET"]}}],"collection":[{"href":"https:\/\/wibi.homeip.net\/hub\/ld\/wp-json\/wp\/v2\/pages"}],"about":[{"href":"https:\/\/wibi.homeip.net\/hub\/ld\/wp-json\/wp\/v2\/types\/page"}],"author":[{"embeddable":true,"href":"https:\/\/wibi.homeip.net\/hub\/ld\/wp-json\/wp\/v2\/users\/1"}],"replies":[{"embeddable":true,"href":"https:\/\/wibi.homeip.net\/hub\/ld\/wp-json\/wp\/v2\/comments?post=747"}],"version-history":[{"count":2,"href":"https:\/\/wibi.homeip.net\/hub\/ld\/wp-json\/wp\/v2\/pages\/747\/revisions"}],"predecessor-version":[{"id":750,"href":"https:\/\/wibi.homeip.net\/hub\/ld\/wp-json\/wp\/v2\/pages\/747\/revisions\/750"}],"wp:attachment":[{"href":"https:\/\/wibi.homeip.net\/hub\/ld\/wp-json\/wp\/v2\/media?parent=747"}],"curies":[{"name":"wp","href":"https:\/\/api.w.org\/{rel}","templated":true}]}}