{"id":498,"date":"2023-04-07T09:02:32","date_gmt":"2023-04-07T08:02:32","guid":{"rendered":"https:\/\/wibi.homeip.net\/hub\/rezepte\/?page_id=498"},"modified":"2023-04-09T08:55:21","modified_gmt":"2023-04-09T07:55:21","slug":"bildnachweis","status":"publish","type":"page","link":"https:\/\/wibi.homeip.net\/hub\/rezepte\/bildnachweis\/","title":{"rendered":"Bildnachweis"},"content":{"rendered":"<p>Alle Bilder stammen aus den Bildarchiven der Familie Windbichler, ausgenommen folgender Bilder:<\/p>\n<ul>\n<li><a href=\"https:\/\/www.chefkoch.de\/rezepte\/1384441243520650\/Feine-Florentiner.html\" target=\"_blank\" rel=\"noopener\">Florentiner<\/a><\/li>\n<li><a href=\"https:\/\/www.ichkoche.at\/burgenlaender-sonnen-rezept-12536\" target=\"_blank\" rel=\"noopener\">Windb\u00e4ckerei<\/a><\/li>\n<li><a href=\"https:\/\/jamiegeller.com\/recipes\/forgotten-macaroons\/\" target=\"_blank\" rel=\"noopener\">Kokosmakronen<\/a><\/li>\n<li><a href=\"https:\/\/www.ichkoche.at\/englaender-rezept-12361\" target=\"_blank\" rel=\"noopener\">Engl\u00e4nder<\/a><\/li>\n<li><a href=\"https:\/\/www.kochbar.de\/rezept\/540556\/Bunte-Christbaum-Kugeln.html\" target=\"_blank\" rel=\"noopener\">Dalmatinische Kugeln<\/a><\/li>\n<li><a href=\"https:\/\/www.kochrezepte.at\/oesterreichischer-marillenkuchen-rezept-1810\" target=\"_blank\" rel=\"noopener\">Marillenkuchen<\/a><\/li>\n<li><a href=\"https:\/\/www.top-rezepte.de\/rezept\/gitterkuchen-mit-sauerkirschkonfiture-r1224\" target=\"_blank\" rel=\"noopener\">Gitterkuchen<\/a><\/li>\n<li><a href=\"https:\/\/www.gutekueche.at\/omas-biskuitroulade-rezept-15039\" target=\"_blank\" rel=\"noopener\">Biskuitroulade<\/a><\/li>\n<li><a href=\"https:\/\/www.gutekueche.at\/topfenknoedel-rezept-8082\" target=\"_blank\" rel=\"noopener\">Topfenkn\u00f6del<\/a><\/li>\n<li><a href=\"https:\/\/www.lacucinaitaliana.com\/italian-food\/how-to-cook\/how-to-get-non-bitter-orange-jam?refresh_ce=\" target=\"_blank\" rel=\"noopener\">Orangenmarmelade<\/a><\/li>\n<li><a href=\"https:\/\/www.gutekueche.at\/bischofsbrot-rezept-44301\" target=\"_blank\" rel=\"noopener\">Bischofsbrot<\/a><\/li>\n<li><a href=\"https:\/\/www.ichkoche.at\/joghurt-torte-rezept-44\" target=\"_blank\" rel=\"noopener\">Joghurttorte<\/a><\/li>\n<li><a href=\"https:\/\/www.gutekueche.at\/topfenkuchen-rezept-34871\" target=\"_blank\" rel=\"noopener\">Topfentorte<\/a><\/li>\n<li><a href=\"https:\/\/www.servus.com\/r\/mostkekse\" target=\"_blank\" rel=\"noopener\">Mostkekse<\/a><\/li>\n<li><a href=\"https:\/\/www.einfachbacken.de\/rezepte\/malakofftorte-mit-loeffelbiskuits-einfache-torte-ohne-backen\" target=\"_blank\" rel=\"noopener\">Malakofftorte (2. Bild)<\/a><\/li>\n<li><a href=\"https:\/\/elisabeth-fuelscher.ch\/mein-muerbeteig\/\" target=\"_blank\" rel=\"noopener\">Spitzbuben<\/a><\/li>\n<li><a href=\"https:\/\/www.gutekueche.at\/dinkel-rahmkekse-rezept-46221\" target=\"_blank\" rel=\"noopener\">Rahmkekse<\/a><\/li>\n<\/ul>\n<p>Bilder aus dem Internet wurden dort verwendet, wo keine aktuellen Bilder von den Rezepten vorlagen, aber die abgebildeten Speisen nahezu identisch mit den zu backenden Rezepten sind. Die Bilder, die nicht aus den eigenen Archiven stammen, werden so bald wie m\u00f6glich sukzessive gegen eigene ausgetauscht &#8211; immer dann, wenn die Mehlspeisen wieder einmal frisch gebacken werden!<\/p>\n<p><i>Wichtig: alle Rezepte sind Originale von Elisabeth Windbichler (oder \u00fcberliefert aus dem unmittelbaren Verwandten-Kreis) &#8211; von den oben angef\u00fchrten Webseiten wurden jeweils immer nur ein Bild, nie jedoch das Rezept verwendet!<\/i><\/p>\n","protected":false},"excerpt":{"rendered":"<p>Alle Bilder stammen aus den Bildarchiven der Familie Windbichler, ausgenommen folgender Bilder: Florentiner Windb\u00e4ckerei Kokosmakronen Engl\u00e4nder Dalmatinische Kugeln Marillenkuchen Gitterkuchen Biskuitroulade Topfenkn\u00f6del Orangenmarmelade Bischofsbrot Joghurttorte Topfentorte Mostkekse Malakofftorte (2. Bild) Spitzbuben Rahmkekse Bilder aus dem Internet wurden dort verwendet, wo keine aktuellen Bilder von den Rezepten vorlagen, aber die abgebildeten Speisen nahezu identisch mit den &#8230;<\/p>\n","protected":false},"author":1,"featured_media":0,"parent":0,"menu_order":0,"comment_status":"closed","ping_status":"closed","template":"template-1-no-sidebar.php","meta":{"wprm-recipe-roundup-name":"","wprm-recipe-roundup-description":"","tinysalt_hide_before_page_content_ad":"","tinysalt_hide_after_page_content_ad":"","tinysalt_hide_page_header":"","tinysalt_advanced_classname":"","tinysalt_page_featured_media_position":"","tinysalt_single_site_header_source":"","tinysalt_single_custom_site_header":"","tinysalt_single_custom_sticky_site_header":"","tinysalt_single_custom_sticky_site_header_style":"sticky-scroll-up","tinysalt_single_site_footer_source":"","tinysalt_single_custom_site_footer":"","footnotes":""},"class_list":["post-498","page","type-page","status-publish","hentry"],"_links":{"self":[{"href":"https:\/\/wibi.homeip.net\/hub\/rezepte\/wp-json\/wp\/v2\/pages\/498","targetHints":{"allow":["GET"]}}],"collection":[{"href":"https:\/\/wibi.homeip.net\/hub\/rezepte\/wp-json\/wp\/v2\/pages"}],"about":[{"href":"https:\/\/wibi.homeip.net\/hub\/rezepte\/wp-json\/wp\/v2\/types\/page"}],"author":[{"embeddable":true,"href":"https:\/\/wibi.homeip.net\/hub\/rezepte\/wp-json\/wp\/v2\/users\/1"}],"replies":[{"embeddable":true,"href":"https:\/\/wibi.homeip.net\/hub\/rezepte\/wp-json\/wp\/v2\/comments?post=498"}],"version-history":[{"count":22,"href":"https:\/\/wibi.homeip.net\/hub\/rezepte\/wp-json\/wp\/v2\/pages\/498\/revisions"}],"predecessor-version":[{"id":763,"href":"https:\/\/wibi.homeip.net\/hub\/rezepte\/wp-json\/wp\/v2\/pages\/498\/revisions\/763"}],"wp:attachment":[{"href":"https:\/\/wibi.homeip.net\/hub\/rezepte\/wp-json\/wp\/v2\/media?parent=498"}],"curies":[{"name":"wp","href":"https:\/\/api.w.org\/{rel}","templated":true}]}}