{"id":718,"date":"2023-04-08T14:47:52","date_gmt":"2023-04-08T13:47:52","guid":{"rendered":"https:\/\/wibi.homeip.net\/hub\/rezepte\/?page_id=718"},"modified":"2023-04-09T17:22:45","modified_gmt":"2023-04-09T16:22:45","slug":"autorin","status":"publish","type":"page","link":"https:\/\/wibi.homeip.net\/hub\/rezepte\/autorin\/","title":{"rendered":"Zur Autorin"},"content":{"rendered":"<p><img decoding=\"async\" class=\"wp-image-791  alignright\" src=\"http:\/\/wibi.homeip.net\/hub\/rezepte\/wp-content\/uploads\/sites\/25\/2023\/04\/Mama_Apr2023-260x300.jpg\" alt=\"\" width=\"180\" height=\"207\" srcset=\"https:\/\/wibi.homeip.net\/hub\/rezepte\/wp-content\/uploads\/sites\/25\/2023\/04\/Mama_Apr2023-260x300.jpg 260w, https:\/\/wibi.homeip.net\/hub\/rezepte\/wp-content\/uploads\/sites\/25\/2023\/04\/Mama_Apr2023-600x693.jpg 600w, https:\/\/wibi.homeip.net\/hub\/rezepte\/wp-content\/uploads\/sites\/25\/2023\/04\/Mama_Apr2023-550x635.jpg 550w, https:\/\/wibi.homeip.net\/hub\/rezepte\/wp-content\/uploads\/sites\/25\/2023\/04\/Mama_Apr2023-370x427.jpg 370w, https:\/\/wibi.homeip.net\/hub\/rezepte\/wp-content\/uploads\/sites\/25\/2023\/04\/Mama_Apr2023-255x294.jpg 255w, https:\/\/wibi.homeip.net\/hub\/rezepte\/wp-content\/uploads\/sites\/25\/2023\/04\/Mama_Apr2023.jpg 660w\" sizes=\"(max-width: 180px) 100vw, 180px\" \/><\/p>\n<p><em>Elisabeth Windbichler, Jahrgang 1943, wurde in Thernberg, N\u00d6, als Tochter eines Kaufmanns und einer Pfarrersk\u00f6chin geboren.<\/em><\/p>\n<p><em>Die Koch- und Backleidenschaft wurde ihr (und ihren drei Schwestern) somit schon mit der Muttermilch mitgegeben.<span class=\"Apple-converted-space\">\u00a0<\/span><\/em><\/p>\n<p><em>\u00dcber die Zeit perfektionierte sie ihre K\u00fcnste und entwickelte ihren eigenen Stil.<span class=\"Apple-converted-space\">\u00a0<\/span><\/em><\/p>\n<p><em>Heute lebt sie in Wien und in Bromberg, wo sie Garten und Haus in Trab halten. Sie liebt es, Zeit mit ihren Enkelkindern zu verbringen, denen sie immer wieder versucht, Kochen und Backen beizubringen und die Freude daran zu vermitteln. Bei ihren beiden S\u00f6hnen ist das bei J\u00f6rg nicht und bei Johannes eingeschr\u00e4nkt gegl\u00fcckt.<\/em><\/p>\n","protected":false},"excerpt":{"rendered":"<p>Elisabeth Windbichler, Jahrgang 1943, wurde in Thernberg, N\u00d6, als Tochter eines Kaufmanns und einer Pfarrersk\u00f6chin geboren. Die Koch- und Backleidenschaft wurde ihr (und ihren drei Schwestern) somit schon mit der Muttermilch mitgegeben.\u00a0 \u00dcber die Zeit perfektionierte sie ihre K\u00fcnste und entwickelte ihren eigenen Stil.\u00a0 Heute lebt sie in Wien und in Bromberg, wo sie Garten &#8230;<\/p>\n","protected":false},"author":1,"featured_media":0,"parent":0,"menu_order":0,"comment_status":"closed","ping_status":"closed","template":"template-1-no-sidebar.php","meta":{"wprm-recipe-roundup-name":"","wprm-recipe-roundup-description":"","tinysalt_hide_before_page_content_ad":"","tinysalt_hide_after_page_content_ad":"","tinysalt_hide_page_header":"","tinysalt_advanced_classname":"","tinysalt_page_featured_media_position":"","tinysalt_single_site_header_source":"","tinysalt_single_custom_site_header":"","tinysalt_single_custom_sticky_site_header":"","tinysalt_single_custom_sticky_site_header_style":"sticky-scroll-up","tinysalt_single_site_footer_source":"","tinysalt_single_custom_site_footer":"","footnotes":""},"class_list":["post-718","page","type-page","status-publish","hentry"],"_links":{"self":[{"href":"https:\/\/wibi.homeip.net\/hub\/rezepte\/wp-json\/wp\/v2\/pages\/718","targetHints":{"allow":["GET"]}}],"collection":[{"href":"https:\/\/wibi.homeip.net\/hub\/rezepte\/wp-json\/wp\/v2\/pages"}],"about":[{"href":"https:\/\/wibi.homeip.net\/hub\/rezepte\/wp-json\/wp\/v2\/types\/page"}],"author":[{"embeddable":true,"href":"https:\/\/wibi.homeip.net\/hub\/rezepte\/wp-json\/wp\/v2\/users\/1"}],"replies":[{"embeddable":true,"href":"https:\/\/wibi.homeip.net\/hub\/rezepte\/wp-json\/wp\/v2\/comments?post=718"}],"version-history":[{"count":9,"href":"https:\/\/wibi.homeip.net\/hub\/rezepte\/wp-json\/wp\/v2\/pages\/718\/revisions"}],"predecessor-version":[{"id":792,"href":"https:\/\/wibi.homeip.net\/hub\/rezepte\/wp-json\/wp\/v2\/pages\/718\/revisions\/792"}],"wp:attachment":[{"href":"https:\/\/wibi.homeip.net\/hub\/rezepte\/wp-json\/wp\/v2\/media?parent=718"}],"curies":[{"name":"wp","href":"https:\/\/api.w.org\/{rel}","templated":true}]}}