{"id":3284,"date":"2015-07-03T13:44:58","date_gmt":"2015-07-03T13:44:58","guid":{"rendered":"http:\/\/wibi.homeip.net\/usa2016\/?page_id=3284"},"modified":"2017-11-10T19:42:30","modified_gmt":"2017-11-10T18:42:30","slug":"about-us-2","status":"publish","type":"page","link":"https:\/\/wibi.homeip.net\/hub\/usa2016\/?page_id=3284","title":{"rendered":"About"},"content":{"rendered":"<div class=\"standard_wrapper\">\n<div  class=\"one\" style=\"padding:10px 0 10px 0;\" >\n<div class=\"page_content_wrapper\">\n<div class=\"inner\">\n<div class=\"image_classic_frame expand animate\">\n<div class=\"image_wrapper\"><a href=\"http:\/\/wibi.homeip.net\/hub\/usa2016\/wp-content\/uploads\/sites\/8\/2015\/07\/map_USA_outline_small_transparent.png\" class=\"img_frame\"><img decoding=\"async\" src=\"http:\/\/wibi.homeip.net\/hub\/usa2016\/wp-content\/uploads\/sites\/8\/2015\/07\/map_USA_outline_small_transparent.png\" alt=\"\" class=\"portfolio_img\"\/><\/a><\/div>\n<\/div>\n<\/div>\n<\/div>\n<\/div>\n<\/div>\n<div id=\"about\" class=\"one withsmallpadding ppb_header \" style=\"padding-bottom: 0 !important;text-align:center;padding:50px 0 50px 0;\" >\n<div class=\"standard_wrapper\">\n<div class=\"page_content_wrapper\">\n<div class=\"inner\">\n<div style=\"margin:auto;width:100%\">\n<h2 class=\"ppb_title\" style=\"\">Wir entdecken die USA!<\/h2>\n<div class=\"ppb_subtitle\" style=\"\">Mehr als 500 Jahre nach Kolumbus<\/div>\n<div class=\"page_header_sep center\"><\/div>\n<\/div>\n<\/div>\n<\/div>\n<\/div>\n<\/div>\n<div class=\"standard_wrapper\">\n<div  class=\"two_third withsmallpadding ppb_text\" style=\"padding:30px 0 30px 0;\" >\n<div class=\"standard_wrapper\">\n<div class=\"page_content_wrapper\">\n<div class=\"inner\">\n<div style=\"margin:auto;width:60%\">\n<p>Im Juli 2016 reisen wir in die Vereinigten Staaten von Amerika. Es ist unser erster gemeinsamer Urlaub au\u00dferhalb Europas.<\/p>\n<p>Wir freuen uns auf L.A., Santa Monica, Beverly Hills &#038; Hollywood, den Sequoia Nationalpark, Yosemite und San Francisco &#8211; alles Pl\u00e4tze, die wir in den ersten beiden Wochen besichtigen\u00a0werden. In der 3. Woche werden wir Pr\u00e4sident Obama im Wei\u00dfen Haus (und viele andere Sehensw\u00fcrdigkeiten der US-amerikanischen Hauptstadt) sowie\u00a0die Freiheitsstatue in New York\u00a0besuchen.<\/p>\n<p>Diese Seite soll es den Daheimgebliebenen und unseren Freunden erm\u00f6glichen, uns zu begleiten, die sch\u00f6nsten Bilder sofort zu sehen und die besten Stories gleich zu lesen &#8211; viel Spa\u00df dabei!<\/p>\n<\/div>\n<\/div>\n<\/div>\n<\/div>\n<\/div>\n<\/div>\n<div class=\"standard_wrapper\">\n<div  class=\"one_third last withsmallpadding ppb_text\" style=\"padding:50px 0 50px 0;\" >\n<div class=\"standard_wrapper\">\n<div class=\"page_content_wrapper\">\n<div class=\"inner\">\n<div style=\"margin:auto;width:100%\">\n<div class=\"animate_counter_wrapper\">\n<div id=\"15103393501694474929\" class=\"odometer\" style=\"font-size:px;line-height:px;\">1<\/div>\n<div class=\"count_separator\"><span><\/span><\/div>\n<div class=\"counter_subject\">Urlaubstage<\/div>\n<\/div>\n<div class=\"animate_counter_wrapper\">\n<div id=\"1510339350874411181\" class=\"odometer\" style=\"font-size:px;line-height:px;\">1<\/div>\n<div class=\"count_separator\"><span><\/span><\/div>\n<div class=\"counter_subject\">Flugstunden<\/div>\n<\/div>\n<div class=\"animate_counter_wrapper\">\n<div id=\"15103393501277498142\" class=\"odometer\" style=\"font-size:px;line-height:px;\">1<\/div>\n<div class=\"count_separator\"><span><\/span><\/div>\n<div class=\"counter_subject\">ca. gefahrene Kilometer<\/div>\n<\/div>\n<div class=\"animate_counter_wrapper\">\n<div id=\"15103393501133231220\" class=\"odometer\" style=\"font-size:px;line-height:px;\">1<\/div>\n<div class=\"count_separator\"><span><\/span><\/div>\n<div class=\"counter_subject\">Sehensw\u00fcrdigkeiten<\/div>\n<\/div>\n<\/div>\n<\/div>\n<\/div>\n<\/div>\n<\/div>\n<\/div>\n<div  class=\"one withsmallpadding ppb_team_card\" style=\"padding:0px 0 0px 0;background-color:#f9f9f9;\" >\n<div class=\"standard_wrapper\">\n<div class=\"page_content_wrapper\">\n<div class=\"inner\">\n<div class=\"team_card_wrapper\" >\n<div class=\"one_third_bg nopadding team_photo \"><img decoding=\"async\" class=\"team_pic\" src=\"http:\/\/wibi.homeip.net\/hub\/usa2016\/wp-content\/uploads\/sites\/8\/2014\/02\/team-4.jpg\" alt=\"Johanna\"\/><\/div>\n<div class=\"two_third_bg team\" >\n<h3 >Johanna<\/h3>\n<div class=\"team_content\">10 Jahre, Pferden\u00e4rrin und B\u00fccherwurm<\/p>\n<hr \/>\n<p><a href=\"mailto:johanna@windbichler.com\">Email<\/a><\/div>\n<\/div>\n<p><br class=\"clear\"\/><\/div>\n<div class=\"team_card_wrapper\" >\n<div class=\"one_third_bg nopadding team_photo floatright\"><img decoding=\"async\" class=\"team_pic\" src=\"http:\/\/wibi.homeip.net\/hub\/usa2016\/wp-content\/uploads\/sites\/8\/2014\/02\/team-5.jpg\" alt=\"Jacob\"\/><\/div>\n<div class=\"two_third_bg team\" >\n<h3 >Jacob<\/h3>\n<div class=\"team_content\">13 Jahre, Fu\u00dfballfan und Zeichenk\u00fcnstler<\/p>\n<hr \/>\n<p><a href=\"mailto:jacob@windbichler.com\">Email<\/a><\/div>\n<\/div>\n<p><br class=\"clear\"\/><\/div>\n<div class=\"team_card_wrapper\" >\n<div class=\"one_third_bg nopadding team_photo \"><img decoding=\"async\" class=\"team_pic\" src=\"http:\/\/wibi.homeip.net\/hub\/usa2016\/wp-content\/uploads\/sites\/8\/2014\/02\/team-9.jpg\" alt=\"Martina\"\/><\/div>\n<div class=\"two_third_bg team\" >\n<h3 >Martina<\/h3>\n<div class=\"team_content\">Jung geblieben, Volksschullehrerin und\u00a0Familienherz &amp;\u00a0-seele<\/p>\n<hr \/>\n<p><a href=\"mailto:martina@windbichler.com\">Email<\/a><\/div>\n<\/div>\n<p><br class=\"clear\"\/><\/div>\n<div class=\"team_card_wrapper\" >\n<div class=\"one_third_bg nopadding team_photo floatright\"><img decoding=\"async\" class=\"team_pic\" src=\"http:\/\/wibi.homeip.net\/hub\/usa2016\/wp-content\/uploads\/sites\/8\/2014\/02\/team-10.jpg\" alt=\"Joerg\"\/><\/div>\n<div class=\"two_third_bg team\" >\n<h3 >Joerg<\/h3>\n<div class=\"team_content\">Auch nicht wirklich alt, Vizepr\u00e4sident und Apfelaficionado<\/p>\n<hr \/>\n<p><a href=\"mailto:joerg@windbichler.com\">Email<\/a><\/div>\n<\/div>\n<p><br class=\"clear\"\/><\/div>\n<\/div>\n<\/div>\n<\/div>\n<\/div>\n<div  class=\"one withsmallpadding ppb_text\" style=\"padding:30px;\" >\n<p style=\"text-align: center;\">? \u2013 das sind nat\u00fcrlich nicht wir vier \u2013 aber auf Reisen bleiben wir gerne inkognito!<\/p>\n<\/div>\n","protected":false},"excerpt":{"rendered":"<p>Wir entdecken die USA! Mehr als 500 Jahre nach Kolumbus Im Juli 2016 reisen wir in die Vereinigten Staaten von Amerika. Es ist unser erster gemeinsamer Urlaub au\u00dferhalb Europas. Wir freuen uns auf L.A., Santa Monica, Beverly Hills &#038; Hollywood, [&hellip;]<\/p>\n","protected":false},"author":1,"featured_media":0,"parent":3602,"menu_order":0,"comment_status":"open","ping_status":"open","template":"","meta":{"footnotes":""},"class_list":["post-3284","page","type-page","status-publish","hentry"],"_links":{"self":[{"href":"https:\/\/wibi.homeip.net\/hub\/usa2016\/index.php?rest_route=\/wp\/v2\/pages\/3284","targetHints":{"allow":["GET"]}}],"collection":[{"href":"https:\/\/wibi.homeip.net\/hub\/usa2016\/index.php?rest_route=\/wp\/v2\/pages"}],"about":[{"href":"https:\/\/wibi.homeip.net\/hub\/usa2016\/index.php?rest_route=\/wp\/v2\/types\/page"}],"author":[{"embeddable":true,"href":"https:\/\/wibi.homeip.net\/hub\/usa2016\/index.php?rest_route=\/wp\/v2\/users\/1"}],"replies":[{"embeddable":true,"href":"https:\/\/wibi.homeip.net\/hub\/usa2016\/index.php?rest_route=%2Fwp%2Fv2%2Fcomments&post=3284"}],"version-history":[{"count":133,"href":"https:\/\/wibi.homeip.net\/hub\/usa2016\/index.php?rest_route=\/wp\/v2\/pages\/3284\/revisions"}],"predecessor-version":[{"id":5854,"href":"https:\/\/wibi.homeip.net\/hub\/usa2016\/index.php?rest_route=\/wp\/v2\/pages\/3284\/revisions\/5854"}],"up":[{"embeddable":true,"href":"https:\/\/wibi.homeip.net\/hub\/usa2016\/index.php?rest_route=\/wp\/v2\/pages\/3602"}],"wp:attachment":[{"href":"https:\/\/wibi.homeip.net\/hub\/usa2016\/index.php?rest_route=%2Fwp%2Fv2%2Fmedia&parent=3284"}],"curies":[{"name":"wp","href":"https:\/\/api.w.org\/{rel}","templated":true}]}}